{"id":1422,"date":"2025-08-08T16:03:27","date_gmt":"2025-08-08T20:03:27","guid":{"rendered":"https:\/\/yucca-bio.com\/en\/?post_type=product&#038;p=1422"},"modified":"2025-12-18T06:38:55","modified_gmt":"2025-12-18T11:38:55","slug":"seve-tonique","status":"publish","type":"product","link":"https:\/\/yucca-bio.com\/en\/shop\/seve-tonique\/","title":{"rendered":"Seve Tonique 100ml\/3,4oz"},"content":{"rendered":"<p>This massage oil is a wonder for massages after exercise.<\/p>\n<p>It relieves feelings of stiffness, soothes discomfort after exercise.<\/p>\n<p>This oil can be used for massages in several areas: legs, neck, shoulders, arms&#8230;<\/p>\n<p>We recommend practicing a series of stretching before the massage with the oil. Massage the extremities towards the root (e.g. from the ankle to the knee).<\/p>\n<p><em><strong>Main ingredients:<\/strong><\/em><\/p>\n<ul>\n<li>Almond oil: nourishes, hydrates<\/li>\n<li>Grape oil: antioxidant, rich in vitamin E<\/li>\n<li>Rice oil: anti-aging<\/li>\n<li>Camphr: fight against contractures, cramps&#8230;<\/li>\n<li>Arnica: reduce bruises, relieves bruises, anti-inflammatory, sprains&#8230;<\/li>\n<li>Soothing oil: soothing, joint comfort<\/li>\n<\/ul>\n","protected":false},"excerpt":{"rendered":"<p>S\u00e8ve Tonique is the ideal massage oil to soothe and relax your muscles.<\/p>\n<p>Enriched with Gaultherie oil, arnica and camphr, it will become your best ally.<\/p>\n","protected":false},"featured_media":1423,"comment_status":"open","ping_status":"closed","template":"","meta":{"_editorskit_title_hidden":false,"_editorskit_reading_time":0,"_editorskit_is_block_options_detached":false,"_editorskit_block_options_position":"{}","_monsterinsights_skip_tracking":false,"_monsterinsights_sitenote_active":false,"_monsterinsights_sitenote_note":"","_monsterinsights_sitenote_category":0,"_en_post_content":"This massage oil is a wonder for massages after exercise.\r\n\r\nIt relieves feelings of stiffness, soothes discomfort after exercise.\r\n\r\nThis oil can be used for massages in several areas: legs, neck, shoulders, arms...\r\n\r\nWe recommend practicing a series of stretching before the massage with the oil. Massage the extremities towards the root (e.g. from the ankle to the knee).\r\n\r\n<em><strong>Main ingredients:<\/strong><\/em>\r\n<ul>\r\n \t<li>Almond oil: nourishes, hydrates<\/li>\r\n \t<li>Grape oil: antioxidant, rich in vitamin E<\/li>\r\n \t<li>Rice oil: anti-aging<\/li>\r\n \t<li>Camphr: fight against contractures, cramps...<\/li>\r\n \t<li>Arnica: reduce bruises, relieves bruises, anti-inflammatory, sprains...<\/li>\r\n \t<li>Soothing oil: soothing, joint comfort<\/li>\r\n<\/ul>","_en_post_name":"seve-tonique","_en_post_excerpt":"S\u00e8ve Tonique is the ideal massage oil to soothe and relax your muscles.\r\n\r\nEnriched with Gaultherie oil, arnica and camphr, it will become your best ally.","_en_post_title":"Seve Tonique 100ml\/3,4oz","_fr_post_content":"Cette huile de massage est une merveille pour des massages apr\u00e8s l'effort.\r\n\r\nElle soulage les sensations de raideur, apaise les inconforts apr\u00e8s l'effort.\r\n\r\nCette huile peut \u00eatre utilise pour des massages dans plusieurs zones: jambes, cou, \u00e9paules, bras...\r\n\r\nNous conseillons de pratiquer une s\u00e9rie d'\u00e9tirements avant le massage avec l'huile. Faire des massages des extr\u00e9mit\u00e9s vers la racine ( ex: de la cheville vers le genou).\r\n\r\n<em><strong>Ingredients principaux:<\/strong><\/em>\r\n<ul>\r\n \t<li>Huile d'amande:nourrit, hydrate<\/li>\r\n \t<li>Huile de raisin:antioxydant, riche en vitamine E<\/li>\r\n \t<li>Huile de riz: anti-age<\/li>\r\n \t<li>Camphre: lutte contre les contractures, crampes...<\/li>\r\n \t<li>Arnica: r\u00e9duire les ecchymoses, soulage les contusions, anti-inflammatoire, entorses...<\/li>\r\n \t<li>Huile de gaucherie:apaisant, confort articulaire<\/li>\r\n<\/ul>","_fr_post_name":"seve-tonique-100ml-34oz","_fr_post_excerpt":"S\u00e8ve Tonique est l'huile de massage ideal pour apaiser et d\u00e9contracter vos muscles.\r\n\r\nEnrichie en huile de Gaultherie, arnica et camphre, elle deviendra votre meilleur alli\u00e9e.","_fr_post_title":"Seve Tonique 100ml\/3,4oz","edit_language":"en","site-sidebar-layout":"default","site-content-layout":"","ast-site-content-layout":"default","site-content-style":"default","site-sidebar-style":"default","ast-global-header-display":"","ast-banner-title-visibility":"","ast-main-header-display":"","ast-hfb-above-header-display":"","ast-hfb-below-header-display":"","ast-hfb-mobile-header-display":"","site-post-title":"","ast-breadcrumbs-content":"","ast-featured-img":"","footer-sml-layout":"","ast-disable-related-posts":"","theme-transparent-header-meta":"default","adv-header-id-meta":"","stick-header-meta":"","header-above-stick-meta":"","header-main-stick-meta":"","header-below-stick-meta":"","astra-migrate-meta-layouts":"set","ast-page-background-enabled":"default","ast-page-background-meta":{"desktop":{"background-color":"var(--ast-global-color-4)","background-image":"","background-repeat":"repeat","background-position":"center center","background-size":"auto","background-attachment":"scroll","background-type":"","background-media":"","overlay-type":"","overlay-color":"","overlay-opacity":"","overlay-gradient":""},"tablet":{"background-color":"","background-image":"","background-repeat":"repeat","background-position":"center center","background-size":"auto","background-attachment":"scroll","background-type":"","background-media":"","overlay-type":"","overlay-color":"","overlay-opacity":"","overlay-gradient":""},"mobile":{"background-color":"","background-image":"","background-repeat":"repeat","background-position":"center center","background-size":"auto","background-attachment":"scroll","background-type":"","background-media":"","overlay-type":"","overlay-color":"","overlay-opacity":"","overlay-gradient":""}},"ast-content-background-meta":{"desktop":{"background-color":"var(--ast-global-color-5)","background-image":"","background-repeat":"repeat","background-position":"center center","background-size":"auto","background-attachment":"scroll","background-type":"","background-media":"","overlay-type":"","overlay-color":"","overlay-opacity":"","overlay-gradient":""},"tablet":{"background-color":"var(--ast-global-color-5)","background-image":"","background-repeat":"repeat","background-position":"center center","background-size":"auto","background-attachment":"scroll","background-type":"","background-media":"","overlay-type":"","overlay-color":"","overlay-opacity":"","overlay-gradient":""},"mobile":{"background-color":"var(--ast-global-color-5)","background-image":"","background-repeat":"repeat","background-position":"center center","background-size":"auto","background-attachment":"scroll","background-type":"","background-media":"","overlay-type":"","overlay-color":"","overlay-opacity":"","overlay-gradient":""}}},"product_brand":[],"product_cat":[234],"product_tag":[],"class_list":{"0":"post-1422","1":"product","2":"type-product","3":"status-publish","4":"has-post-thumbnail","6":"product_cat-massage-oil","7":"desktop-align-left","8":"tablet-align-left","9":"mobile-align-left","11":"first","12":"outofstock","13":"taxable","14":"shipping-taxable","15":"purchasable","16":"product-type-simple"},"aioseo_notices":[],"_links":{"self":[{"href":"https:\/\/yucca-bio.com\/en\/wp-json\/wp\/v2\/product\/1422","targetHints":{"allow":["GET"]}}],"collection":[{"href":"https:\/\/yucca-bio.com\/en\/wp-json\/wp\/v2\/product"}],"about":[{"href":"https:\/\/yucca-bio.com\/en\/wp-json\/wp\/v2\/types\/product"}],"replies":[{"embeddable":true,"href":"https:\/\/yucca-bio.com\/en\/wp-json\/wp\/v2\/comments?post=1422"}],"wp:featuredmedia":[{"embeddable":true,"href":"https:\/\/yucca-bio.com\/en\/wp-json\/wp\/v2\/media\/1423"}],"wp:attachment":[{"href":"https:\/\/yucca-bio.com\/en\/wp-json\/wp\/v2\/media?parent=1422"}],"wp:term":[{"taxonomy":"product_brand","embeddable":true,"href":"https:\/\/yucca-bio.com\/en\/wp-json\/wp\/v2\/product_brand?post=1422"},{"taxonomy":"product_cat","embeddable":true,"href":"https:\/\/yucca-bio.com\/en\/wp-json\/wp\/v2\/product_cat?post=1422"},{"taxonomy":"product_tag","embeddable":true,"href":"https:\/\/yucca-bio.com\/en\/wp-json\/wp\/v2\/product_tag?post=1422"}],"curies":[{"name":"wp","href":"https:\/\/api.w.org\/{rel}","templated":true}]}}