{"id":231,"date":"2024-01-14T18:56:48","date_gmt":"2024-01-14T18:56:48","guid":{"rendered":"https:\/\/yucca-bio.com\/en\/?post_type=product&#038;p=231"},"modified":"2024-12-02T19:16:02","modified_gmt":"2024-12-03T00:16:02","slug":"joshua-yucca-conditioner","status":"publish","type":"product","link":"https:\/\/yucca-bio.com\/en\/shop\/joshua-yucca-conditioner\/","title":{"rendered":"Joshua &#8211; Yucca Conditioner &#8211; 200 ml \/ 6.8 oz"},"content":{"rendered":"<div class=\"flex flex-grow flex-col max-w-full\">\n<div class=\"min-h-[20px] text-message flex flex-col items-start gap-3 whitespace-pre-wrap break-words [.text-message+&amp;]:mt-5 overflow-x-auto\" data-message-author-role=\"assistant\" data-message-id=\"d686f894-f236-44a5-8100-cd26cb920983\">\n<div class=\"markdown prose w-full break-words dark:prose-invert dark\">\n<p>? Elevate your hair care with our Yucca Infusion Conditioner! ?<\/p>\n<p>\u2728 <strong>Revitalize &amp; Shine:<\/strong> Immerse your locks in the natural goodness of Yucca extract for a luscious, vibrant look.<\/p>\n<p>? <strong>Deep Hydration:<\/strong> Banish dryness with intense moisture, leaving hair silky-smooth and revitalized.<\/p>\n<p>? <strong>Aromatherapy Bliss:<\/strong> Enjoy a refreshing scent that transforms each use into a delightful sensorial experience.<\/p>\n<p>\u2728 Unveil your hair&#8217;s natural radiance &#8211; try our Yucca Infusion Conditioner today! \u2728<\/p>\n<\/div>\n<\/div>\n<\/div>\n","protected":false},"excerpt":{"rendered":"<div class=\"flex flex-grow flex-col max-w-full\">\n<div class=\"min-h-[20px] text-message flex flex-col items-start gap-3 whitespace-pre-wrap break-words [.text-message+&amp;]:mt-5 overflow-x-auto\" data-message-author-role=\"assistant\" data-message-id=\"69b67bb1-473e-4444-957b-30b4b2cfc0ed\">\n<div class=\"markdown prose w-full break-words dark:prose-invert dark\">\n<p>Nourish your hair deeply with Yucca extract for natural brilliance.<\/p>\n<p>Reveal the splendor of your hair today!<\/p>\n<\/div>\n<\/div>\n<\/div>\n","protected":false},"featured_media":373,"comment_status":"open","ping_status":"closed","template":"","meta":{"_editorskit_title_hidden":false,"_editorskit_reading_time":0,"_editorskit_is_block_options_detached":false,"_editorskit_block_options_position":"{}","_monsterinsights_skip_tracking":false,"_monsterinsights_sitenote_active":false,"_monsterinsights_sitenote_note":"","_monsterinsights_sitenote_category":0,"_en_post_content":"<div class=\"flex flex-grow flex-col max-w-full\">\r\n<div class=\"min-h-[20px] text-message flex flex-col items-start gap-3 whitespace-pre-wrap break-words [.text-message+&amp;]:mt-5 overflow-x-auto\" data-message-author-role=\"assistant\" data-message-id=\"d686f894-f236-44a5-8100-cd26cb920983\">\r\n<div class=\"markdown prose w-full break-words dark:prose-invert dark\">\r\n\r\n? Elevate your hair care with our Yucca Infusion Conditioner! ?\r\n\r\n\u2728 <strong>Revitalize &amp; Shine:<\/strong> Immerse your locks in the natural goodness of Yucca extract for a luscious, vibrant look.\r\n\r\n? <strong>Deep Hydration:<\/strong> Banish dryness with intense moisture, leaving hair silky-smooth and revitalized.\r\n\r\n? <strong>Aromatherapy Bliss:<\/strong> Enjoy a refreshing scent that transforms each use into a delightful sensorial experience.\r\n\r\n\u2728 Unveil your hair's natural radiance - try our Yucca Infusion Conditioner today! \u2728\r\n\r\n<\/div>\r\n<\/div>\r\n<\/div>","_en_post_name":"joshua-yucca-conditioner","_en_post_excerpt":"<div class=\"flex flex-grow flex-col max-w-full\">\r\n<div class=\"min-h-[20px] text-message flex flex-col items-start gap-3 whitespace-pre-wrap break-words [.text-message+&amp;]:mt-5 overflow-x-auto\" data-message-author-role=\"assistant\" data-message-id=\"69b67bb1-473e-4444-957b-30b4b2cfc0ed\">\r\n<div class=\"markdown prose w-full break-words dark:prose-invert dark\">\r\n\r\nNourish your hair deeply with Yucca extract for natural brilliance.\r\n\r\nReveal the splendor of your hair today!\r\n\r\n<\/div>\r\n<\/div>\r\n<\/div>","_en_post_title":"Joshua - Yucca Conditioner - 200 ml \/ 6.8 oz","_fr_post_content":"<div class=\"flex flex-grow flex-col max-w-full\">\r\n<div class=\"min-h-[20px] text-message flex flex-col items-start gap-3 whitespace-pre-wrap break-words [.text-message+&amp;]:mt-5 overflow-x-auto\" data-message-author-role=\"assistant\" data-message-id=\"4d122552-d7d5-4b16-a3d5-978c588cd658\">\r\n<div class=\"markdown prose w-full break-words dark:prose-invert dark\">\r\n\r\n? \u00c9levez vos soins capillaires avec notre Revitalisant infus\u00e9 au Yucca ! ?\r\n\r\n\u2728 <strong>Revitalisez, Faites Briller :<\/strong> Plongez vos cheveux dans la bont\u00e9 naturelle de l'extrait de Yucca pour une allure luxuriante et vibrante.\r\n\r\n? <strong>Hydratation Profonde :<\/strong> Dites adieu \u00e0 la s\u00e9cheresse avec une hydratation intense, laissant les cheveux soyeux et revitalis\u00e9s.\r\n\r\n? <strong>Bien-\u00eatre Aromatique :<\/strong> Profitez d'un parfum rafra\u00eechissant qui transforme chaque utilisation en une exp\u00e9rience sensorielle d\u00e9licieuse.\r\n\r\n\u2728 R\u00e9v\u00e9lez la radiance naturelle de vos cheveux - essayez notre Apr\u00e8s-Shampooing \u00e0 l'Infusion de Yucca aujourd'hui ! \u2728\r\n\r\n<\/div>\r\n<\/div>\r\n<\/div>","_fr_post_name":"joshua-revitalisant-yucca","_fr_post_excerpt":"Nourrissez vos cheveux en profondeur avec l'extrait de Yucca pour une brillance naturelle.\r\n\r\nR\u00e9v\u00e9lez la splendeur de vos cheveux d\u00e8s aujourd'hui !","_fr_post_title":"Joshua - Revitalisant au Yucca - 200 ml \/ 6.8 oz","edit_language":"en","site-sidebar-layout":"default","site-content-layout":"","ast-site-content-layout":"default","site-content-style":"default","site-sidebar-style":"default","ast-global-header-display":"","ast-banner-title-visibility":"","ast-main-header-display":"","ast-hfb-above-header-display":"","ast-hfb-below-header-display":"","ast-hfb-mobile-header-display":"","site-post-title":"","ast-breadcrumbs-content":"","ast-featured-img":"","footer-sml-layout":"","ast-disable-related-posts":"","theme-transparent-header-meta":"default","adv-header-id-meta":"","stick-header-meta":"","header-above-stick-meta":"","header-main-stick-meta":"","header-below-stick-meta":"","astra-migrate-meta-layouts":"set","ast-page-background-enabled":"default","ast-page-background-meta":{"desktop":{"background-color":"var(--ast-global-color-4)","background-image":"","background-repeat":"repeat","background-position":"center center","background-size":"auto","background-attachment":"scroll","background-type":"","background-media":"","overlay-type":"","overlay-color":"","overlay-opacity":"","overlay-gradient":""},"tablet":{"background-color":"","background-image":"","background-repeat":"repeat","background-position":"center center","background-size":"auto","background-attachment":"scroll","background-type":"","background-media":"","overlay-type":"","overlay-color":"","overlay-opacity":"","overlay-gradient":""},"mobile":{"background-color":"","background-image":"","background-repeat":"repeat","background-position":"center center","background-size":"auto","background-attachment":"scroll","background-type":"","background-media":"","overlay-type":"","overlay-color":"","overlay-opacity":"","overlay-gradient":""}},"ast-content-background-meta":{"desktop":{"background-color":"var(--ast-global-color-5)","background-image":"","background-repeat":"repeat","background-position":"center center","background-size":"auto","background-attachment":"scroll","background-type":"","background-media":"","overlay-type":"","overlay-color":"","overlay-opacity":"","overlay-gradient":""},"tablet":{"background-color":"var(--ast-global-color-5)","background-image":"","background-repeat":"repeat","background-position":"center center","background-size":"auto","background-attachment":"scroll","background-type":"","background-media":"","overlay-type":"","overlay-color":"","overlay-opacity":"","overlay-gradient":""},"mobile":{"background-color":"var(--ast-global-color-5)","background-image":"","background-repeat":"repeat","background-position":"center center","background-size":"auto","background-attachment":"scroll","background-type":"","background-media":"","overlay-type":"","overlay-color":"","overlay-opacity":"","overlay-gradient":""}}},"product_brand":[],"product_cat":[31],"product_tag":[37],"class_list":{"0":"post-231","1":"product","2":"type-product","3":"status-publish","4":"has-post-thumbnail","6":"product_cat-hair-mask","7":"product_tag-yucca","8":"desktop-align-left","9":"tablet-align-left","10":"mobile-align-left","12":"first","13":"instock","14":"taxable","15":"shipping-taxable","16":"purchasable","17":"product-type-simple"},"aioseo_notices":[],"_links":{"self":[{"href":"https:\/\/yucca-bio.com\/en\/wp-json\/wp\/v2\/product\/231","targetHints":{"allow":["GET"]}}],"collection":[{"href":"https:\/\/yucca-bio.com\/en\/wp-json\/wp\/v2\/product"}],"about":[{"href":"https:\/\/yucca-bio.com\/en\/wp-json\/wp\/v2\/types\/product"}],"replies":[{"embeddable":true,"href":"https:\/\/yucca-bio.com\/en\/wp-json\/wp\/v2\/comments?post=231"}],"wp:featuredmedia":[{"embeddable":true,"href":"https:\/\/yucca-bio.com\/en\/wp-json\/wp\/v2\/media\/373"}],"wp:attachment":[{"href":"https:\/\/yucca-bio.com\/en\/wp-json\/wp\/v2\/media?parent=231"}],"wp:term":[{"taxonomy":"product_brand","embeddable":true,"href":"https:\/\/yucca-bio.com\/en\/wp-json\/wp\/v2\/product_brand?post=231"},{"taxonomy":"product_cat","embeddable":true,"href":"https:\/\/yucca-bio.com\/en\/wp-json\/wp\/v2\/product_cat?post=231"},{"taxonomy":"product_tag","embeddable":true,"href":"https:\/\/yucca-bio.com\/en\/wp-json\/wp\/v2\/product_tag?post=231"}],"curies":[{"name":"wp","href":"https:\/\/api.w.org\/{rel}","templated":true}]}}