{"id":2397,"date":"2025-10-31T15:04:20","date_gmt":"2025-10-31T19:04:20","guid":{"rendered":"https:\/\/yucca-bio.com\/?post_type=product&#038;p=2397"},"modified":"2025-11-07T19:53:01","modified_gmt":"2025-11-08T00:53:01","slug":"montreal-cucumber-body-lotion","status":"publish","type":"product","link":"https:\/\/yucca-bio.com\/en\/shop\/montreal-cucumber-body-lotion\/","title":{"rendered":"Montreal &#8211; Body Lotion with cucumber- 240 ml \/ 8 oz"},"content":{"rendered":"<p>Discover our natural body lotion with cucumber.<\/p>\n<p>Enriched with natural cucumber extracts, this milk leaves the skin soft, fresh and radiant with health.<\/p>\n<p>Adopt Montreal freshness-your skin will love it.<\/p>\n","protected":false},"excerpt":{"rendered":"<p>Give your skin a real moment of freshness with the cucumber lotion.: Montreal.<\/p>\n<p>Its light texture penetrates instantly to moisturizer, soothe and revitalize the skin.<\/p>\n<ul>\n<li>Long lasting hydration<\/li>\n<li>light and refreshing texture<\/li>\n<li>Manufactures in Canada of course.<\/li>\n<\/ul>\n<p>&nbsp;<\/p>\n","protected":false},"featured_media":2398,"comment_status":"open","ping_status":"closed","template":"","meta":{"_editorskit_title_hidden":false,"_editorskit_reading_time":0,"_editorskit_is_block_options_detached":false,"_editorskit_block_options_position":"{}","_monsterinsights_skip_tracking":false,"_monsterinsights_sitenote_active":false,"_monsterinsights_sitenote_note":"","_monsterinsights_sitenote_category":0,"_en_post_content":"Discover our natural body lotion with cucumber.\r\n\r\nEnriched with natural cucumber extracts, this milk leaves the skin soft, fresh and radiant with health.\r\n\r\nAdopt Montreal freshness-your skin will love it.","_en_post_name":"montreal-cucumber-body-lotion","_en_post_excerpt":"Give your skin a real moment of freshness with the cucumber lotion.: Montreal.\r\n\r\nIts light texture penetrates instantly to moisturizer, soothe and revitalize the skin.\r\n<ul>\r\n \t<li>Long lasting hydration<\/li>\r\n \t<li>light and refreshing texture<\/li>\r\n \t<li>Manufactures in Canada of course.<\/li>\r\n<\/ul>\r\n&nbsp;","_en_post_title":"Montreal - Body Lotion with cucumber- 240 ml \/ 8 oz","_fr_post_content":"D\u00e9couvrez notre soin hydratant naturel pour le corps au concombre.\r\n\r\nEnrichi en extraits naturels de concombre, ce lait laisse la peau douce, fraiche et \u00e9clatante de sant\u00e9.\r\n\r\nAdoptez la fraicheur Montreal- votre peau va adorer.\r\n\r\n&nbsp;\r\n\r\n&nbsp;","_fr_post_name":"montreal-lait-concombre","_fr_post_excerpt":"Offrez a votre peau un vrai moment de fraicheur avec le lait hydratant au concombre: Montreal.\r\n\r\nSa texture l\u00e9g\u00e8re p\u00e9n\u00e8tre instantan\u00e9ment pour hydrater, apaiser et revitalisera peau.\r\n<ul>\r\n \t<li>Hydratation longue dur\u00e9e<\/li>\r\n \t<li>Texture legere et rafraichissante<\/li>\r\n \t<li>Fabrique au Quebec \u00e9videmment<\/li>\r\n<\/ul>","_fr_post_title":"Montreal - Lait Hydratant au concombre - Soin naturel - 240 ml \/ 8 oz","edit_language":"en","site-sidebar-layout":"default","site-content-layout":"","ast-site-content-layout":"default","site-content-style":"default","site-sidebar-style":"default","ast-global-header-display":"","ast-banner-title-visibility":"","ast-main-header-display":"","ast-hfb-above-header-display":"","ast-hfb-below-header-display":"","ast-hfb-mobile-header-display":"","site-post-title":"","ast-breadcrumbs-content":"","ast-featured-img":"","footer-sml-layout":"","ast-disable-related-posts":"","theme-transparent-header-meta":"default","adv-header-id-meta":"","stick-header-meta":"","header-above-stick-meta":"","header-main-stick-meta":"","header-below-stick-meta":"","astra-migrate-meta-layouts":"set","ast-page-background-enabled":"default","ast-page-background-meta":{"desktop":{"background-color":"var(--ast-global-color-4)","background-image":"","background-repeat":"repeat","background-position":"center center","background-size":"auto","background-attachment":"scroll","background-type":"","background-media":"","overlay-type":"","overlay-color":"","overlay-opacity":"","overlay-gradient":""},"tablet":{"background-color":"","background-image":"","background-repeat":"repeat","background-position":"center center","background-size":"auto","background-attachment":"scroll","background-type":"","background-media":"","overlay-type":"","overlay-color":"","overlay-opacity":"","overlay-gradient":""},"mobile":{"background-color":"","background-image":"","background-repeat":"repeat","background-position":"center center","background-size":"auto","background-attachment":"scroll","background-type":"","background-media":"","overlay-type":"","overlay-color":"","overlay-opacity":"","overlay-gradient":""}},"ast-content-background-meta":{"desktop":{"background-color":"var(--ast-global-color-5)","background-image":"","background-repeat":"repeat","background-position":"center center","background-size":"auto","background-attachment":"scroll","background-type":"","background-media":"","overlay-type":"","overlay-color":"","overlay-opacity":"","overlay-gradient":""},"tablet":{"background-color":"var(--ast-global-color-5)","background-image":"","background-repeat":"repeat","background-position":"center center","background-size":"auto","background-attachment":"scroll","background-type":"","background-media":"","overlay-type":"","overlay-color":"","overlay-opacity":"","overlay-gradient":""},"mobile":{"background-color":"var(--ast-global-color-5)","background-image":"","background-repeat":"repeat","background-position":"center center","background-size":"auto","background-attachment":"scroll","background-type":"","background-media":"","overlay-type":"","overlay-color":"","overlay-opacity":"","overlay-gradient":""}}},"product_brand":[],"product_cat":[47],"product_tag":[],"class_list":{"0":"post-2397","1":"product","2":"type-product","3":"status-publish","4":"has-post-thumbnail","6":"product_cat-body-lotion","7":"desktop-align-left","8":"tablet-align-left","9":"mobile-align-left","11":"first","12":"instock","13":"taxable","14":"shipping-taxable","15":"purchasable","16":"product-type-simple"},"aioseo_notices":[],"_links":{"self":[{"href":"https:\/\/yucca-bio.com\/en\/wp-json\/wp\/v2\/product\/2397","targetHints":{"allow":["GET"]}}],"collection":[{"href":"https:\/\/yucca-bio.com\/en\/wp-json\/wp\/v2\/product"}],"about":[{"href":"https:\/\/yucca-bio.com\/en\/wp-json\/wp\/v2\/types\/product"}],"replies":[{"embeddable":true,"href":"https:\/\/yucca-bio.com\/en\/wp-json\/wp\/v2\/comments?post=2397"}],"wp:featuredmedia":[{"embeddable":true,"href":"https:\/\/yucca-bio.com\/en\/wp-json\/wp\/v2\/media\/2398"}],"wp:attachment":[{"href":"https:\/\/yucca-bio.com\/en\/wp-json\/wp\/v2\/media?parent=2397"}],"wp:term":[{"taxonomy":"product_brand","embeddable":true,"href":"https:\/\/yucca-bio.com\/en\/wp-json\/wp\/v2\/product_brand?post=2397"},{"taxonomy":"product_cat","embeddable":true,"href":"https:\/\/yucca-bio.com\/en\/wp-json\/wp\/v2\/product_cat?post=2397"},{"taxonomy":"product_tag","embeddable":true,"href":"https:\/\/yucca-bio.com\/en\/wp-json\/wp\/v2\/product_tag?post=2397"}],"curies":[{"name":"wp","href":"https:\/\/api.w.org\/{rel}","templated":true}]}}