{"id":316,"date":"2024-01-27T03:12:22","date_gmt":"2024-01-27T03:12:22","guid":{"rendered":"https:\/\/yucca-bio.com\/en\/?post_type=product&#038;p=316"},"modified":"2025-08-08T09:47:30","modified_gmt":"2025-08-08T13:47:30","slug":"valencia-blood-orange-shower-gel","status":"publish","type":"product","link":"https:\/\/yucca-bio.com\/en\/shop\/valencia-blood-orange-shower-gel\/","title":{"rendered":"Valencia &#8211; Blood Orange Shower Gel &#8211; 118 ml \/ 240 ml"},"content":{"rendered":"<p>? Enhance your shower experience with our Blood Orange shower gel! ?<\/p>\n<p>Immerse yourself in the invigorating scent of sun-kissed blood oranges. ? Packed with antioxidants and vitamin C, this shower gel cleanses, nourishes and leaves your skin glowing.<\/p>\n<p>Enjoy its invigorating lather and embrace the stimulating citrus notes that make every shower a refreshing escape.<\/p>\n<p>Transform your daily routine with the natural beauty of our Blood Orange Shower Gel. ? Get it now for a burst of citrus freshness!<\/p>\n","protected":false},"excerpt":{"rendered":"<p>Bracing Shower Gel with Blood Orange ?.<\/p>\n<p>A zest of happiness to perfume and brace your shower!<\/p>\n","protected":false},"featured_media":603,"comment_status":"open","ping_status":"closed","template":"","meta":{"_editorskit_title_hidden":false,"_editorskit_reading_time":0,"_editorskit_is_block_options_detached":false,"_editorskit_block_options_position":"{}","_monsterinsights_skip_tracking":false,"_monsterinsights_sitenote_active":false,"_monsterinsights_sitenote_note":"","_monsterinsights_sitenote_category":0,"_en_post_content":"? Enhance your shower experience with our Blood Orange shower gel! ?\r\n\r\nImmerse yourself in the invigorating scent of sun-kissed blood oranges. ? Packed with antioxidants and vitamin C, this shower gel cleanses, nourishes and leaves your skin glowing.\r\n\r\nEnjoy its invigorating lather and embrace the stimulating citrus notes that make every shower a refreshing escape.\r\n\r\nTransform your daily routine with the natural beauty of our Blood Orange Shower Gel. ? Get it now for a burst of citrus freshness!","_en_post_name":"valencia-blood-orange-shower-gel","_en_post_excerpt":"Bracing Shower Gel with Blood Orange ?.\r\n\r\nA zest of happiness to perfume and brace your shower!","_en_post_title":"Valencia - Blood Orange Shower Gel - 118 ml \/ 240 ml","_fr_post_content":"<div class=\"flex flex-grow flex-col max-w-full\">\r\n<div class=\"min-h-[20px] text-message flex flex-col items-start gap-3 whitespace-pre-wrap break-words [.text-message+&amp;]:mt-5 overflow-x-auto\" data-message-author-role=\"assistant\" data-message-id=\"799e8ed1-a6c3-46b6-b836-dc51ebf78347\">\r\n<div class=\"markdown prose w-full break-words dark:prose-invert light\">\r\n\r\n? Rehaussez votre exp\u00e9rience de douche avec notre gel douche \u00e0 l'Orange Sanguine ! ?\r\n\r\nPlongez-vous dans le parfum revigorant des oranges sanguines gorg\u00e9es de soleil. ? Emball\u00e9 d'antioxydants et de vitamine C, ce gel douche nettoie, nourrit et laisse votre peau \u00e9clatante.\r\n\r\nProfitez de sa mousse tonifiante et embrassez les notes d'agrumes vivifiantes qui font de chaque douche une \u00e9vasion rafra\u00eechissante.\r\n\r\nTransformez votre routine quotidienne avec la beaut\u00e9 naturelle de notre Gel Douche \u00e0 l'Orange Sanguine. ? Procurez-vous-le d\u00e8s maintenant pour une explosion de fra\u00eecheur d'agrumes !\r\n\r\n<\/div>\r\n<\/div>\r\n<\/div>","_fr_post_name":"valencia-gel-douche-orange-sanguine","_fr_post_excerpt":"Gel Douche tonifiant \u00e0 l'Orange Sanguine ?.\r\n\r\nUn zeste de bonheur pour parfumer et tonifier votre douche !","_fr_post_title":"Valencia - Gel Douche \u00e0 l'Orange Sanguine - 118 \/ 240 ml","edit_language":"en","site-sidebar-layout":"default","site-content-layout":"","ast-site-content-layout":"default","site-content-style":"default","site-sidebar-style":"default","ast-global-header-display":"","ast-banner-title-visibility":"","ast-main-header-display":"","ast-hfb-above-header-display":"","ast-hfb-below-header-display":"","ast-hfb-mobile-header-display":"","site-post-title":"","ast-breadcrumbs-content":"","ast-featured-img":"","footer-sml-layout":"","ast-disable-related-posts":"","theme-transparent-header-meta":"default","adv-header-id-meta":"","stick-header-meta":"","header-above-stick-meta":"","header-main-stick-meta":"","header-below-stick-meta":"","astra-migrate-meta-layouts":"set","ast-page-background-enabled":"default","ast-page-background-meta":{"desktop":{"background-color":"var(--ast-global-color-4)","background-image":"","background-repeat":"repeat","background-position":"center center","background-size":"auto","background-attachment":"scroll","background-type":"","background-media":"","overlay-type":"","overlay-color":"","overlay-opacity":"","overlay-gradient":""},"tablet":{"background-color":"","background-image":"","background-repeat":"repeat","background-position":"center center","background-size":"auto","background-attachment":"scroll","background-type":"","background-media":"","overlay-type":"","overlay-color":"","overlay-opacity":"","overlay-gradient":""},"mobile":{"background-color":"","background-image":"","background-repeat":"repeat","background-position":"center center","background-size":"auto","background-attachment":"scroll","background-type":"","background-media":"","overlay-type":"","overlay-color":"","overlay-opacity":"","overlay-gradient":""}},"ast-content-background-meta":{"desktop":{"background-color":"var(--ast-global-color-5)","background-image":"","background-repeat":"repeat","background-position":"center center","background-size":"auto","background-attachment":"scroll","background-type":"","background-media":"","overlay-type":"","overlay-color":"","overlay-opacity":"","overlay-gradient":""},"tablet":{"background-color":"var(--ast-global-color-5)","background-image":"","background-repeat":"repeat","background-position":"center center","background-size":"auto","background-attachment":"scroll","background-type":"","background-media":"","overlay-type":"","overlay-color":"","overlay-opacity":"","overlay-gradient":""},"mobile":{"background-color":"var(--ast-global-color-5)","background-image":"","background-repeat":"repeat","background-position":"center center","background-size":"auto","background-attachment":"scroll","background-type":"","background-media":"","overlay-type":"","overlay-color":"","overlay-opacity":"","overlay-gradient":""}}},"product_brand":[],"product_cat":[42],"product_tag":[],"class_list":{"0":"post-316","1":"product","2":"type-product","3":"status-publish","4":"has-post-thumbnail","6":"product_cat-shower-gel","7":"desktop-align-left","8":"tablet-align-left","9":"mobile-align-left","11":"first","12":"instock","13":"taxable","14":"shipping-taxable","15":"purchasable","16":"product-type-variable","17":"has-default-attributes"},"aioseo_notices":[],"_links":{"self":[{"href":"https:\/\/yucca-bio.com\/en\/wp-json\/wp\/v2\/product\/316","targetHints":{"allow":["GET"]}}],"collection":[{"href":"https:\/\/yucca-bio.com\/en\/wp-json\/wp\/v2\/product"}],"about":[{"href":"https:\/\/yucca-bio.com\/en\/wp-json\/wp\/v2\/types\/product"}],"replies":[{"embeddable":true,"href":"https:\/\/yucca-bio.com\/en\/wp-json\/wp\/v2\/comments?post=316"}],"wp:featuredmedia":[{"embeddable":true,"href":"https:\/\/yucca-bio.com\/en\/wp-json\/wp\/v2\/media\/603"}],"wp:attachment":[{"href":"https:\/\/yucca-bio.com\/en\/wp-json\/wp\/v2\/media?parent=316"}],"wp:term":[{"taxonomy":"product_brand","embeddable":true,"href":"https:\/\/yucca-bio.com\/en\/wp-json\/wp\/v2\/product_brand?post=316"},{"taxonomy":"product_cat","embeddable":true,"href":"https:\/\/yucca-bio.com\/en\/wp-json\/wp\/v2\/product_cat?post=316"},{"taxonomy":"product_tag","embeddable":true,"href":"https:\/\/yucca-bio.com\/en\/wp-json\/wp\/v2\/product_tag?post=316"}],"curies":[{"name":"wp","href":"https:\/\/api.w.org\/{rel}","templated":true}]}}