{"id":492,"date":"2024-04-07T13:27:40","date_gmt":"2024-04-07T17:27:40","guid":{"rendered":"https:\/\/yucca-bio.com\/en\/?post_type=product&#038;p=492"},"modified":"2025-04-24T09:43:44","modified_gmt":"2025-04-24T13:43:44","slug":"willow-face-cleanser","status":"publish","type":"product","link":"https:\/\/yucca-bio.com\/en\/shop\/willow-face-cleanser\/","title":{"rendered":"Willow &#8211; Face Cleanser &#8211; 240 ml \/ 8 oz"},"content":{"rendered":"<blockquote><p>Discover our facial cleanser specially formulated for sensitive skin prone to redness. With its astringent, toning, and purifying properties, it is perfect for cleansing combination and oily skin types.<\/p><\/blockquote>\n<p>? Infused with soothing and sebum-regulating ingredients, this cleanser provides a gentle cleansing experience while helping to reduce redness and balance sebum production. Give your sensitive skin the delicate care it needs to regain freshness and comfort. \u2728<\/p>\n<p>Ideal as a makeup remover.<\/p>\n","protected":false},"excerpt":{"rendered":"<div class=\"flex-col gap-1 md:gap-3\">\n<div class=\"flex flex-grow flex-col max-w-full\">\n<div class=\"min-h-[20px] text-message flex flex-col items-start gap-3 whitespace-pre-wrap break-words [.text-message+&amp;]:mt-5 overflow-x-auto\" data-message-author-role=\"assistant\" data-message-id=\"ce86b6a2-6fa3-4003-b032-c32f835893f6\">\n<div class=\"markdown prose w-full break-words dark:prose-invert light\">\n<p>This cleanser is recommended for sensitive skin prone to redness. Astringent, toning, and purifying, it is ideal for cleansing combination and oily skin. It can also be used as a makeup remover.<\/p>\n<\/div>\n<\/div>\n<\/div>\n<\/div>\n","protected":false},"featured_media":493,"comment_status":"open","ping_status":"closed","template":"","meta":{"_editorskit_title_hidden":false,"_editorskit_reading_time":0,"_editorskit_is_block_options_detached":false,"_editorskit_block_options_position":"{}","_monsterinsights_skip_tracking":false,"_monsterinsights_sitenote_active":false,"_monsterinsights_sitenote_note":"","_monsterinsights_sitenote_category":0,"_en_post_content":"<blockquote>Discover our facial cleanser specially formulated for sensitive skin prone to redness. With its astringent, toning, and purifying properties, it is perfect for cleansing combination and oily skin types.<\/blockquote>\r\n? Infused with soothing and sebum-regulating ingredients, this cleanser provides a gentle cleansing experience while helping to reduce redness and balance sebum production. Give your sensitive skin the delicate care it needs to regain freshness and comfort. \u2728\r\n\r\nIdeal as a makeup remover.","_en_post_name":"willow-face-cleanser","_en_post_excerpt":"<div class=\"flex-col gap-1 md:gap-3\">\r\n<div class=\"flex flex-grow flex-col max-w-full\">\r\n<div class=\"min-h-[20px] text-message flex flex-col items-start gap-3 whitespace-pre-wrap break-words [.text-message+&amp;]:mt-5 overflow-x-auto\" data-message-author-role=\"assistant\" data-message-id=\"ce86b6a2-6fa3-4003-b032-c32f835893f6\">\r\n<div class=\"markdown prose w-full break-words dark:prose-invert light\">\r\n\r\nThis cleanser is recommended for sensitive skin prone to redness. Astringent, toning, and purifying, it is ideal for cleansing combination and oily skin. It can also be used as a makeup remover.\r\n\r\n<\/div>\r\n<\/div>\r\n<\/div>\r\n<\/div>","_en_post_title":"Willow - Face Cleanser - 240 ml \/ 8 oz","_fr_post_content":"D\u00e9couvrez notre nettoyant visage sp\u00e9cialement con\u00e7u pour les peaux sensibles sujettes aux rougeurs. Avec ses propri\u00e9t\u00e9s astringentes, toniques et purifiantes, il est parfaitement adapt\u00e9 au nettoyage des peaux mixtes et grasses.\r\n\r\n? Infus\u00e9 avec des ingr\u00e9dients apaisants, ce nettoyant offre une exp\u00e9rience de nettoyage en douceur tout en aidant \u00e0 r\u00e9duire les rougeurs. Offrez \u00e0 votre peau sensible le soin d\u00e9licat dont elle a besoin pour retrouver fra\u00eecheur et confort. \u2728\r\n\r\nId\u00e9al en tant que d\u00e9maquillant.","_fr_post_name":"willow-nettoyant-visage","_fr_post_excerpt":"Ce nettoyant est conseill\u00e9e pour les peaux sensibles sujettes aux rougeurs. Astringent, tonique et purifiant, il est id\u00e9al pour nettoyer les peaux mixtes et grasses. Il peut aussi \u00eatre utilis\u00e9 en tant que d\u00e9maquillant.","_fr_post_title":"Willow - Nettoyant Visage - 240 ml \/ 8 oz","edit_language":"en","site-sidebar-layout":"default","site-content-layout":"","ast-site-content-layout":"default","site-content-style":"default","site-sidebar-style":"default","ast-global-header-display":"","ast-banner-title-visibility":"","ast-main-header-display":"","ast-hfb-above-header-display":"","ast-hfb-below-header-display":"","ast-hfb-mobile-header-display":"","site-post-title":"","ast-breadcrumbs-content":"","ast-featured-img":"","footer-sml-layout":"","ast-disable-related-posts":"","theme-transparent-header-meta":"default","adv-header-id-meta":"","stick-header-meta":"","header-above-stick-meta":"","header-main-stick-meta":"","header-below-stick-meta":"","astra-migrate-meta-layouts":"set","ast-page-background-enabled":"default","ast-page-background-meta":{"desktop":{"background-color":"var(--ast-global-color-4)","background-image":"","background-repeat":"repeat","background-position":"center center","background-size":"auto","background-attachment":"scroll","background-type":"","background-media":"","overlay-type":"","overlay-color":"","overlay-opacity":"","overlay-gradient":""},"tablet":{"background-color":"","background-image":"","background-repeat":"repeat","background-position":"center center","background-size":"auto","background-attachment":"scroll","background-type":"","background-media":"","overlay-type":"","overlay-color":"","overlay-opacity":"","overlay-gradient":""},"mobile":{"background-color":"","background-image":"","background-repeat":"repeat","background-position":"center center","background-size":"auto","background-attachment":"scroll","background-type":"","background-media":"","overlay-type":"","overlay-color":"","overlay-opacity":"","overlay-gradient":""}},"ast-content-background-meta":{"desktop":{"background-color":"var(--ast-global-color-5)","background-image":"","background-repeat":"repeat","background-position":"center center","background-size":"auto","background-attachment":"scroll","background-type":"","background-media":"","overlay-type":"","overlay-color":"","overlay-opacity":"","overlay-gradient":""},"tablet":{"background-color":"var(--ast-global-color-5)","background-image":"","background-repeat":"repeat","background-position":"center center","background-size":"auto","background-attachment":"scroll","background-type":"","background-media":"","overlay-type":"","overlay-color":"","overlay-opacity":"","overlay-gradient":""},"mobile":{"background-color":"var(--ast-global-color-5)","background-image":"","background-repeat":"repeat","background-position":"center center","background-size":"auto","background-attachment":"scroll","background-type":"","background-media":"","overlay-type":"","overlay-color":"","overlay-opacity":"","overlay-gradient":""}}},"product_brand":[],"product_cat":[44],"product_tag":[],"class_list":{"0":"post-492","1":"product","2":"type-product","3":"status-publish","4":"has-post-thumbnail","6":"product_cat-face-cleasner","7":"desktop-align-left","8":"tablet-align-left","9":"mobile-align-left","11":"first","12":"instock","13":"taxable","14":"shipping-taxable","15":"purchasable","16":"product-type-simple"},"aioseo_notices":[],"_links":{"self":[{"href":"https:\/\/yucca-bio.com\/en\/wp-json\/wp\/v2\/product\/492","targetHints":{"allow":["GET"]}}],"collection":[{"href":"https:\/\/yucca-bio.com\/en\/wp-json\/wp\/v2\/product"}],"about":[{"href":"https:\/\/yucca-bio.com\/en\/wp-json\/wp\/v2\/types\/product"}],"replies":[{"embeddable":true,"href":"https:\/\/yucca-bio.com\/en\/wp-json\/wp\/v2\/comments?post=492"}],"wp:featuredmedia":[{"embeddable":true,"href":"https:\/\/yucca-bio.com\/en\/wp-json\/wp\/v2\/media\/493"}],"wp:attachment":[{"href":"https:\/\/yucca-bio.com\/en\/wp-json\/wp\/v2\/media?parent=492"}],"wp:term":[{"taxonomy":"product_brand","embeddable":true,"href":"https:\/\/yucca-bio.com\/en\/wp-json\/wp\/v2\/product_brand?post=492"},{"taxonomy":"product_cat","embeddable":true,"href":"https:\/\/yucca-bio.com\/en\/wp-json\/wp\/v2\/product_cat?post=492"},{"taxonomy":"product_tag","embeddable":true,"href":"https:\/\/yucca-bio.com\/en\/wp-json\/wp\/v2\/product_tag?post=492"}],"curies":[{"name":"wp","href":"https:\/\/api.w.org\/{rel}","templated":true}]}}