{"id":495,"date":"2024-04-07T13:22:05","date_gmt":"2024-04-07T17:22:05","guid":{"rendered":"https:\/\/yucca-bio.com\/en\/?post_type=product&#038;p=495"},"modified":"2026-02-21T09:18:11","modified_gmt":"2026-02-21T14:18:11","slug":"timago-coconut-moisturizing-body-lotion","status":"publish","type":"product","link":"https:\/\/yucca-bio.com\/en\/shop\/timago-coconut-moisturizing-body-lotion\/","title":{"rendered":"Timago &#8211; Moiturizing Coconut Body Lotion &#8211; 240 ml \/ 8 oz"},"content":{"rendered":"<div class=\"flex flex-grow flex-col max-w-full\">\n<div class=\"min-h-[20px] text-message flex flex-col items-start gap-3 whitespace-pre-wrap break-words [.text-message+&amp;]:mt-5 overflow-x-auto\" data-message-author-role=\"assistant\" data-message-id=\"ba37b7b4-9ea7-47ae-99eb-b280ad07a3da\">\n<div class=\"markdown prose w-full break-words dark:prose-invert light\">\n<p>Introducing Timago, our moisturizing body lotion infused with the delightful essence of coconut.<\/p>\n<p>? Indulge your skin with a tropical treat as this lotion deeply hydrates and nourishes, leaving your skin feeling irresistibly soft and smooth. Enriched with the natural goodness of coconut, it replenishes moisture while imparting a refreshing and exotic aroma that lingers throughout the day.<\/p>\n<p>? Whether you&#8217;re dreaming of a beach getaway or simply seeking silky-smooth skin, our coconut-flavored body lotion is perfect for a pampering experience. \u2728<\/p>\n<\/div>\n<\/div>\n<\/div>\n","protected":false},"excerpt":{"rendered":"<div class=\"flex flex-grow flex-col max-w-full\">\n<div class=\"min-h-[20px] text-message flex flex-col items-start gap-3 whitespace-pre-wrap break-words [.text-message+&amp;]:mt-5 overflow-x-auto\" data-message-author-role=\"assistant\" data-message-id=\"315cd90c-00f7-4daf-9dc9-e002527f08a9\">\n<div class=\"markdown prose w-full break-words dark:prose-invert light\">\n<p>Timago, our coconut body lotion, for soft and fragrant skin all day long.<\/p>\n<\/div>\n<\/div>\n<\/div>\n","protected":false},"featured_media":496,"comment_status":"open","ping_status":"closed","template":"","meta":{"_editorskit_title_hidden":false,"_editorskit_reading_time":0,"_editorskit_is_block_options_detached":false,"_editorskit_block_options_position":"{}","_monsterinsights_skip_tracking":false,"_monsterinsights_sitenote_active":false,"_monsterinsights_sitenote_note":"","_monsterinsights_sitenote_category":0,"_en_post_content":"<div class=\"flex flex-grow flex-col max-w-full\">\r\n<div class=\"min-h-[20px] text-message flex flex-col items-start gap-3 whitespace-pre-wrap break-words [.text-message+&amp;]:mt-5 overflow-x-auto\" data-message-author-role=\"assistant\" data-message-id=\"ba37b7b4-9ea7-47ae-99eb-b280ad07a3da\">\r\n<div class=\"markdown prose w-full break-words dark:prose-invert light\">\r\n\r\nIntroducing Timago, our moisturizing body lotion infused with the delightful essence of coconut.\r\n\r\n? Indulge your skin with a tropical treat as this lotion deeply hydrates and nourishes, leaving your skin feeling irresistibly soft and smooth. Enriched with the natural goodness of coconut, it replenishes moisture while imparting a refreshing and exotic aroma that lingers throughout the day.\r\n\r\n? Whether you're dreaming of a beach getaway or simply seeking silky-smooth skin, our coconut-flavored body lotion is perfect for a pampering experience. \u2728\r\n\r\n<\/div>\r\n<\/div>\r\n<\/div>","_en_post_name":"timago-coconut-moisturizing-body-lotion","_en_post_excerpt":"<div class=\"flex flex-grow flex-col max-w-full\">\r\n<div class=\"min-h-[20px] text-message flex flex-col items-start gap-3 whitespace-pre-wrap break-words [.text-message+&amp;]:mt-5 overflow-x-auto\" data-message-author-role=\"assistant\" data-message-id=\"315cd90c-00f7-4daf-9dc9-e002527f08a9\">\r\n<div class=\"markdown prose w-full break-words dark:prose-invert light\">\r\n\r\nTimago, our coconut body lotion, for soft and fragrant skin all day long.\r\n\r\n<\/div>\r\n<\/div>\r\n<\/div>","_en_post_title":"Timago - Moiturizing Coconut Body Lotion - 240 ml \/ 8 oz","_fr_post_content":"D\u00e9couvrez notre lotion hydratante pour le corps, infus\u00e9e du d\u00e9licieux parfum de noix de coco.\r\n\r\n? Offrez une douceur tropicale \u00e0 votre peau avec cette lotion qui hydrate et nourrit en profondeur, laissant une sensation irr\u00e9sistible de douceur et de souplesse. Enrichie avec les bienfaits naturels de la noix de coco, elle restaure l'hydratation tout en laissant un parfum rafra\u00eechissant et exotique qui persiste tout au long de la journ\u00e9e.\r\n\r\n? Que vous r\u00eaviez d'une escapade \u00e0 la plage ou que vous recherchiez simplement une peau soyeuse, notre lotion pour le corps \u00e0 la noix de coco est parfaite pour une exp\u00e9rience de soin. \u2728","_fr_post_name":"timago-lait-corporel-hydratant-coco","_fr_post_excerpt":"Timago, notre lotion pour le corps \u00e0 la noix de coco, pour une peau douce et parfum\u00e9e toute la journ\u00e9e.","_fr_post_title":"Timago - Lait Corporel Hydratant \u00e0 la Noix de Coco - 240 ml \/ 8 oz","edit_language":"en","site-sidebar-layout":"default","site-content-layout":"","ast-site-content-layout":"default","site-content-style":"default","site-sidebar-style":"default","ast-global-header-display":"","ast-banner-title-visibility":"","ast-main-header-display":"","ast-hfb-above-header-display":"","ast-hfb-below-header-display":"","ast-hfb-mobile-header-display":"","site-post-title":"","ast-breadcrumbs-content":"","ast-featured-img":"","footer-sml-layout":"","ast-disable-related-posts":"","theme-transparent-header-meta":"default","adv-header-id-meta":"","stick-header-meta":"","header-above-stick-meta":"","header-main-stick-meta":"","header-below-stick-meta":"","astra-migrate-meta-layouts":"set","ast-page-background-enabled":"default","ast-page-background-meta":{"desktop":{"background-color":"var(--ast-global-color-4)","background-image":"","background-repeat":"repeat","background-position":"center center","background-size":"auto","background-attachment":"scroll","background-type":"","background-media":"","overlay-type":"","overlay-color":"","overlay-opacity":"","overlay-gradient":""},"tablet":{"background-color":"","background-image":"","background-repeat":"repeat","background-position":"center center","background-size":"auto","background-attachment":"scroll","background-type":"","background-media":"","overlay-type":"","overlay-color":"","overlay-opacity":"","overlay-gradient":""},"mobile":{"background-color":"","background-image":"","background-repeat":"repeat","background-position":"center center","background-size":"auto","background-attachment":"scroll","background-type":"","background-media":"","overlay-type":"","overlay-color":"","overlay-opacity":"","overlay-gradient":""}},"ast-content-background-meta":{"desktop":{"background-color":"var(--ast-global-color-5)","background-image":"","background-repeat":"repeat","background-position":"center center","background-size":"auto","background-attachment":"scroll","background-type":"","background-media":"","overlay-type":"","overlay-color":"","overlay-opacity":"","overlay-gradient":""},"tablet":{"background-color":"var(--ast-global-color-5)","background-image":"","background-repeat":"repeat","background-position":"center center","background-size":"auto","background-attachment":"scroll","background-type":"","background-media":"","overlay-type":"","overlay-color":"","overlay-opacity":"","overlay-gradient":""},"mobile":{"background-color":"var(--ast-global-color-5)","background-image":"","background-repeat":"repeat","background-position":"center center","background-size":"auto","background-attachment":"scroll","background-type":"","background-media":"","overlay-type":"","overlay-color":"","overlay-opacity":"","overlay-gradient":""}}},"product_brand":[],"product_cat":[47],"product_tag":[],"class_list":{"0":"post-495","1":"product","2":"type-product","3":"status-publish","4":"has-post-thumbnail","6":"product_cat-body-lotion","7":"desktop-align-left","8":"tablet-align-left","9":"mobile-align-left","11":"first","12":"outofstock","13":"taxable","14":"shipping-taxable","15":"purchasable","16":"product-type-simple"},"aioseo_notices":[],"_links":{"self":[{"href":"https:\/\/yucca-bio.com\/en\/wp-json\/wp\/v2\/product\/495","targetHints":{"allow":["GET"]}}],"collection":[{"href":"https:\/\/yucca-bio.com\/en\/wp-json\/wp\/v2\/product"}],"about":[{"href":"https:\/\/yucca-bio.com\/en\/wp-json\/wp\/v2\/types\/product"}],"replies":[{"embeddable":true,"href":"https:\/\/yucca-bio.com\/en\/wp-json\/wp\/v2\/comments?post=495"}],"wp:featuredmedia":[{"embeddable":true,"href":"https:\/\/yucca-bio.com\/en\/wp-json\/wp\/v2\/media\/496"}],"wp:attachment":[{"href":"https:\/\/yucca-bio.com\/en\/wp-json\/wp\/v2\/media?parent=495"}],"wp:term":[{"taxonomy":"product_brand","embeddable":true,"href":"https:\/\/yucca-bio.com\/en\/wp-json\/wp\/v2\/product_brand?post=495"},{"taxonomy":"product_cat","embeddable":true,"href":"https:\/\/yucca-bio.com\/en\/wp-json\/wp\/v2\/product_cat?post=495"},{"taxonomy":"product_tag","embeddable":true,"href":"https:\/\/yucca-bio.com\/en\/wp-json\/wp\/v2\/product_tag?post=495"}],"curies":[{"name":"wp","href":"https:\/\/api.w.org\/{rel}","templated":true}]}}