{"id":604,"date":"2024-10-17T19:00:54","date_gmt":"2024-10-17T23:00:54","guid":{"rendered":"https:\/\/yucca-bio.com\/en\/?post_type=product&#038;p=604"},"modified":"2026-04-13T12:15:24","modified_gmt":"2026-04-13T16:15:24","slug":"rio-anti-aging-serum","status":"publish","type":"product","link":"https:\/\/yucca-bio.com\/en\/shop\/rio-anti-aging-serum\/","title":{"rendered":"Rio &#8211; Anti-Aging Serum &#8211; 30 ml \/ 1 oz"},"content":{"rendered":"<p>Give your skin a complete treatment with our hyaluronic acid serum enriched with vitamins B5 and C, designed to hydrate, plump, and fight the signs of aging \u2728. This anti-aging serum deeply repairs, smooths fine lines, and brightens the complexion for visibly younger and more radiant skin ?.<\/p>\n<p><strong>Intense Hydration &amp; Plumping ?:<\/strong> Hyaluronic acid boosts hydration and restores volume to the skin, creating a plump and fresh effect.<br \/>\n<strong>Repairing &amp; Soothing ?:<\/strong> Vitamin B5 helps repair the skin barrier, calms irritations, and strengthens the skin.<br \/>\n<strong>Radiant Complexion &amp; Anti-Aging ?:<\/strong> Vitamin C brightens the complexion while combating signs of aging, such as dark spots and wrinkles.<\/p>\n<p>Suitable for all skin types, even the most sensitive. Use morning and night for a plumping and repairing anti-aging effect throughout the day ??.<\/p>\n<p>Add this serum to your routine for smooth, plump, and visibly rejuvenated skin ??.<\/p>\n","protected":false},"excerpt":{"rendered":"<p>Rio, the true booster treatment with hyaluronic acid and vitamins B5 and C. This serum acts as an intensive foundational treatment, amplifying and complementing the effects of the cream applied afterward, requiring very little product: just a few drops are enough.<\/p>\n","protected":false},"featured_media":605,"comment_status":"open","ping_status":"closed","template":"","meta":{"_editorskit_title_hidden":false,"_editorskit_reading_time":0,"_editorskit_is_block_options_detached":false,"_editorskit_block_options_position":"{}","_monsterinsights_skip_tracking":false,"_monsterinsights_sitenote_active":false,"_monsterinsights_sitenote_note":"","_monsterinsights_sitenote_category":0,"_en_post_content":"Give your skin a complete treatment with our hyaluronic acid serum enriched with vitamins B5 and C, designed to hydrate, plump, and fight the signs of aging \u2728. This anti-aging serum deeply repairs, smooths fine lines, and brightens the complexion for visibly younger and more radiant skin ?.\r\n\r\n<strong>Intense Hydration &amp; Plumping ?:<\/strong> Hyaluronic acid boosts hydration and restores volume to the skin, creating a plump and fresh effect.\r\n<strong>Repairing &amp; Soothing ?:<\/strong> Vitamin B5 helps repair the skin barrier, calms irritations, and strengthens the skin.\r\n<strong>Radiant Complexion &amp; Anti-Aging ?:<\/strong> Vitamin C brightens the complexion while combating signs of aging, such as dark spots and wrinkles.\r\n\r\nSuitable for all skin types, even the most sensitive. Use morning and night for a plumping and repairing anti-aging effect throughout the day ??.\r\n\r\nAdd this serum to your routine for smooth, plump, and visibly rejuvenated skin ??.","_en_post_name":"rio-anti-aging-serum","_en_post_excerpt":"Rio, the true booster treatment with hyaluronic acid and vitamins B5 and C. This serum acts as an intensive foundational treatment, amplifying and complementing the effects of the cream applied afterward, requiring very little product: just a few drops are enough.","_en_post_title":"Rio - Anti-Aging Serum - 30 ml \/ 1 oz","_fr_post_content":"Offrez \u00e0 votre peau un soin complet avec notre s\u00e9rum \u00e0 l'acide hyaluronique enrichi en vitamines B5 et C, con\u00e7u pour hydrater, repulper et lutter contre les signes de l'\u00e2ge \u2728. Ce s\u00e9rum anti-\u00e2ge r\u00e9pare en profondeur, lisse les ridules et illumine le teint pour une peau visiblement plus jeune et \u00e9clatante ?.\r\n<ul>\r\n \t<li><strong>Hydratation Intense &amp; Repulpant<\/strong> ?: L'acide hyaluronique booste l'hydratation et redonne du volume \u00e0 la peau, pour un effet rebondi et frais.<\/li>\r\n \t<li><strong>R\u00e9parateur &amp; Apaisant<\/strong> ?: La vitamine B5 aide \u00e0 r\u00e9parer la barri\u00e8re cutan\u00e9e, \u00e0 calmer les irritations et \u00e0 renforcer la peau.<\/li>\r\n \t<li><strong>Teint \u00c9clatant &amp; Anti-\u00c2ge<\/strong> ?: La vitamine C illumine le teint tout en combattant les signes du vieillissement, comme les taches pigmentaires et les rides.<\/li>\r\n<\/ul>\r\nConvient \u00e0 tous les types de peau, m\u00eame les plus sensibles. Utilisez matin et soir pour un effet anti-\u00e2ge repulpant et r\u00e9parateur tout au long de la journ\u00e9e ??.\r\n\r\nAjoutez ce s\u00e9rum \u00e0 votre routine pour une peau lisse, repulp\u00e9e et visiblement rajeunie ??","_fr_post_name":"rio-serum-anti-age","_fr_post_excerpt":"Rio, le v\u00e9ritable soin booster \u00e0 l'acide hyaluronique et aux vitamines B5 et C.\u00a0 Ce s\u00e9rum agit en traitement intensif de fond, il d\u00e9cuple et compl\u00e8te les effets de la cr\u00e8me appliqu\u00e9e par la suite, sans n\u00e9cessiter beaucoup de mati\u00e8re: quelques gouttes suffisent.","_fr_post_title":"Rio - S\u00e9rum Anti-Age - 30 ml \/ 1 oz","edit_language":"en","site-sidebar-layout":"default","site-content-layout":"","ast-site-content-layout":"default","site-content-style":"default","site-sidebar-style":"default","ast-global-header-display":"","ast-banner-title-visibility":"","ast-main-header-display":"","ast-hfb-above-header-display":"","ast-hfb-below-header-display":"","ast-hfb-mobile-header-display":"","site-post-title":"","ast-breadcrumbs-content":"","ast-featured-img":"","footer-sml-layout":"","ast-disable-related-posts":"","theme-transparent-header-meta":"default","adv-header-id-meta":"","stick-header-meta":"","header-above-stick-meta":"","header-main-stick-meta":"","header-below-stick-meta":"","astra-migrate-meta-layouts":"set","ast-page-background-enabled":"default","ast-page-background-meta":{"desktop":{"background-color":"var(--ast-global-color-4)","background-image":"","background-repeat":"repeat","background-position":"center center","background-size":"auto","background-attachment":"scroll","background-type":"","background-media":"","overlay-type":"","overlay-color":"","overlay-opacity":"","overlay-gradient":""},"tablet":{"background-color":"","background-image":"","background-repeat":"repeat","background-position":"center center","background-size":"auto","background-attachment":"scroll","background-type":"","background-media":"","overlay-type":"","overlay-color":"","overlay-opacity":"","overlay-gradient":""},"mobile":{"background-color":"","background-image":"","background-repeat":"repeat","background-position":"center center","background-size":"auto","background-attachment":"scroll","background-type":"","background-media":"","overlay-type":"","overlay-color":"","overlay-opacity":"","overlay-gradient":""}},"ast-content-background-meta":{"desktop":{"background-color":"var(--ast-global-color-5)","background-image":"","background-repeat":"repeat","background-position":"center center","background-size":"auto","background-attachment":"scroll","background-type":"","background-media":"","overlay-type":"","overlay-color":"","overlay-opacity":"","overlay-gradient":""},"tablet":{"background-color":"var(--ast-global-color-5)","background-image":"","background-repeat":"repeat","background-position":"center center","background-size":"auto","background-attachment":"scroll","background-type":"","background-media":"","overlay-type":"","overlay-color":"","overlay-opacity":"","overlay-gradient":""},"mobile":{"background-color":"var(--ast-global-color-5)","background-image":"","background-repeat":"repeat","background-position":"center center","background-size":"auto","background-attachment":"scroll","background-type":"","background-media":"","overlay-type":"","overlay-color":"","overlay-opacity":"","overlay-gradient":""}}},"product_brand":[],"product_cat":[224],"product_tag":[],"class_list":{"0":"post-604","1":"product","2":"type-product","3":"status-publish","4":"has-post-thumbnail","6":"product_cat-serum","7":"desktop-align-left","8":"tablet-align-left","9":"mobile-align-left","11":"first","12":"instock","13":"taxable","14":"shipping-taxable","15":"purchasable","16":"product-type-simple"},"aioseo_notices":[],"_links":{"self":[{"href":"https:\/\/yucca-bio.com\/en\/wp-json\/wp\/v2\/product\/604","targetHints":{"allow":["GET"]}}],"collection":[{"href":"https:\/\/yucca-bio.com\/en\/wp-json\/wp\/v2\/product"}],"about":[{"href":"https:\/\/yucca-bio.com\/en\/wp-json\/wp\/v2\/types\/product"}],"replies":[{"embeddable":true,"href":"https:\/\/yucca-bio.com\/en\/wp-json\/wp\/v2\/comments?post=604"}],"wp:featuredmedia":[{"embeddable":true,"href":"https:\/\/yucca-bio.com\/en\/wp-json\/wp\/v2\/media\/605"}],"wp:attachment":[{"href":"https:\/\/yucca-bio.com\/en\/wp-json\/wp\/v2\/media?parent=604"}],"wp:term":[{"taxonomy":"product_brand","embeddable":true,"href":"https:\/\/yucca-bio.com\/en\/wp-json\/wp\/v2\/product_brand?post=604"},{"taxonomy":"product_cat","embeddable":true,"href":"https:\/\/yucca-bio.com\/en\/wp-json\/wp\/v2\/product_cat?post=604"},{"taxonomy":"product_tag","embeddable":true,"href":"https:\/\/yucca-bio.com\/en\/wp-json\/wp\/v2\/product_tag?post=604"}],"curies":[{"name":"wp","href":"https:\/\/api.w.org\/{rel}","templated":true}]}}