{"id":608,"date":"2024-10-17T18:55:49","date_gmt":"2024-10-17T22:55:49","guid":{"rendered":"https:\/\/yucca-bio.com\/en\/?post_type=product&#038;p=608"},"modified":"2026-04-13T13:46:40","modified_gmt":"2026-04-13T17:46:40","slug":"tonga-strawberry-face-scrub","status":"publish","type":"product","link":"https:\/\/yucca-bio.com\/en\/shop\/tonga-strawberry-face-scrub\/","title":{"rendered":"Tonga &#8211; Strawberry Face Scrub &#8211; 100 ml \/ 3.4 oz"},"content":{"rendered":"<p>Take care of your face with our gentle pumice exfoliant, infused with a sweet strawberry scent ?! Its specially formulated face formula removes impurities and dead skin cells while respecting your skin&#8217;s sensitivity ?. Thanks to its fine pumice particles, it exfoliates gently ?, leaving your complexion glowing and refreshed ?. The sweet strawberry fragrance adds a touch of joy to your daily beauty routine ?\u2728.<\/p>\n<p>\u2728 Results: Clear, soft, and radiant skin ?.<\/p>\n<p><strong>Application Tips:<\/strong><\/p>\n<ul>\n<li>Stir with the spatula before use.<\/li>\n<li>Start by rinsing your face with warm water to open the pores.<\/li>\n<li>Take a small amount of product in your hands and apply it to your damp face using gentle circular motions, avoiding the eye area.<\/li>\n<li>Gently massage, allowing the fine pumice particles to exfoliate your skin for 1 to 2 minutes to remove dead skin cells.<\/li>\n<li>Rinse your face thoroughly with warm water, then gently pat dry with a clean towel.<\/li>\n<li>Apply a serum and\/or moisturizer to nourish and soothe the skin.<\/li>\n<\/ul>\n","protected":false},"excerpt":{"rendered":"<p>Give your skin a gentle and effective cleanse with this deliciously strawberry-scented exfoliant, which removes dead skin cells for a smooth and radiant complexion ?.<\/p>\n","protected":false},"featured_media":616,"comment_status":"open","ping_status":"closed","template":"","meta":{"_editorskit_title_hidden":false,"_editorskit_reading_time":0,"_editorskit_is_block_options_detached":false,"_editorskit_block_options_position":"{}","_monsterinsights_skip_tracking":false,"_monsterinsights_sitenote_active":false,"_monsterinsights_sitenote_note":"","_monsterinsights_sitenote_category":0,"_en_post_content":"Take care of your face with our gentle pumice exfoliant, infused with a sweet strawberry scent ?! Its specially formulated face formula removes impurities and dead skin cells while respecting your skin's sensitivity ?. Thanks to its fine pumice particles, it exfoliates gently ?, leaving your complexion glowing and refreshed ?. The sweet strawberry fragrance adds a touch of joy to your daily beauty routine ?\u2728.\r\n\r\n\u2728 Results: Clear, soft, and radiant skin ?.\r\n\r\n<strong>Application Tips:<\/strong>\r\n<ul>\r\n \t<li>Stir with the spatula before use.<\/li>\r\n \t<li>Start by rinsing your face with warm water to open the pores.<\/li>\r\n \t<li>Take a small amount of product in your hands and apply it to your damp face using gentle circular motions, avoiding the eye area.<\/li>\r\n \t<li>Gently massage, allowing the fine pumice particles to exfoliate your skin for 1 to 2 minutes to remove dead skin cells.<\/li>\r\n \t<li>Rinse your face thoroughly with warm water, then gently pat dry with a clean towel.<\/li>\r\n \t<li>Apply a serum and\/or moisturizer to nourish and soothe the skin.<\/li>\r\n<\/ul>","_en_post_name":"tonga-strawberry-face-scrub","_en_post_excerpt":"Give your skin a gentle and effective cleanse with this deliciously strawberry-scented exfoliant, which removes dead skin cells for a smooth and radiant complexion ?.","_en_post_title":"Tonga - Strawberry Face Scrub - 100 ml \/ 3.4 oz","_fr_post_content":"Prenez soin de votre visage avec notre exfoliant d\u00e9licat \u00e0 la pierre ponce, infus\u00e9 d'un doux parfum de fraise ?! Sa formule sp\u00e9cialement con\u00e7ue pour le visage \u00e9limine les impuret\u00e9s et les cellules mortes tout en respectant la sensibilit\u00e9 de votre peau ?. Gr\u00e2ce \u00e0 ses fines particules de pierre ponce, il exfolie en douceur ?, laissant votre teint \u00e9clatant et rafra\u00eechi ?. Le parfum sucr\u00e9 de fraise ajoute une touche de plaisir \u00e0 votre routine beaut\u00e9 quotidienne ?\u2728.\r\n\r\n\u2728 <strong>R\u00e9sultats :<\/strong> peau nette, douce et radieuse ?.\r\n\r\nConseils d'application:\r\n<ul>\r\n \t<li>Remuer \u00e0 l'aide de la spatule avant utilisation<\/li>\r\n \t<li>Commencez par rincer votre visage \u00e0 l'eau ti\u00e8de pour ouvrir les pores.<\/li>\r\n \t<li>Prenez une petite quantit\u00e9 de produit dans vos mains et appliquez-le sur votre visage humide en effectuant des mouvements circulaires doux, en \u00e9vitant le contour des yeux .<\/li>\r\n \t<li>Massez doucement, Laissez les fines particules de pierre ponce exfolier la peau en douceur pendant 1 \u00e0 2 minutes pour \u00e9liminer les cellules mortes.<\/li>\r\n \t<li>Rincez soigneusement votre visage \u00e0 l'eau ti\u00e8de, puis s\u00e9chez en tapotant d\u00e9licatement avec une serviette propre.<\/li>\r\n \t<li>Appliquez ensuite un s\u00e9rum et \/ ou une cr\u00e8me hydratante pour nourrir et apaiser la peau.<\/li>\r\n<\/ul>","_fr_post_name":"tonga-exfoliant-visage","_fr_post_excerpt":"Offrez \u00e0 votre peau un nettoyage doux et efficace avec cet exfoliant d\u00e9licieusement parfum\u00e9 \u00e0 la fraise, qui \u00e9limine les cellules mortes pour un teint lisse et \u00e9clatant ?.","_fr_post_title":"Tonga - Exfoliant Visage \u00e0 la Fraise - 100 ml \/ 3.4 oz","edit_language":"en","site-sidebar-layout":"default","site-content-layout":"","ast-site-content-layout":"default","site-content-style":"default","site-sidebar-style":"default","ast-global-header-display":"","ast-banner-title-visibility":"","ast-main-header-display":"","ast-hfb-above-header-display":"","ast-hfb-below-header-display":"","ast-hfb-mobile-header-display":"","site-post-title":"","ast-breadcrumbs-content":"","ast-featured-img":"","footer-sml-layout":"","ast-disable-related-posts":"","theme-transparent-header-meta":"default","adv-header-id-meta":"","stick-header-meta":"","header-above-stick-meta":"","header-main-stick-meta":"","header-below-stick-meta":"","astra-migrate-meta-layouts":"set","ast-page-background-enabled":"default","ast-page-background-meta":{"desktop":{"background-color":"var(--ast-global-color-4)","background-image":"","background-repeat":"repeat","background-position":"center center","background-size":"auto","background-attachment":"scroll","background-type":"","background-media":"","overlay-type":"","overlay-color":"","overlay-opacity":"","overlay-gradient":""},"tablet":{"background-color":"","background-image":"","background-repeat":"repeat","background-position":"center center","background-size":"auto","background-attachment":"scroll","background-type":"","background-media":"","overlay-type":"","overlay-color":"","overlay-opacity":"","overlay-gradient":""},"mobile":{"background-color":"","background-image":"","background-repeat":"repeat","background-position":"center center","background-size":"auto","background-attachment":"scroll","background-type":"","background-media":"","overlay-type":"","overlay-color":"","overlay-opacity":"","overlay-gradient":""}},"ast-content-background-meta":{"desktop":{"background-color":"var(--ast-global-color-5)","background-image":"","background-repeat":"repeat","background-position":"center center","background-size":"auto","background-attachment":"scroll","background-type":"","background-media":"","overlay-type":"","overlay-color":"","overlay-opacity":"","overlay-gradient":""},"tablet":{"background-color":"var(--ast-global-color-5)","background-image":"","background-repeat":"repeat","background-position":"center center","background-size":"auto","background-attachment":"scroll","background-type":"","background-media":"","overlay-type":"","overlay-color":"","overlay-opacity":"","overlay-gradient":""},"mobile":{"background-color":"var(--ast-global-color-5)","background-image":"","background-repeat":"repeat","background-position":"center center","background-size":"auto","background-attachment":"scroll","background-type":"","background-media":"","overlay-type":"","overlay-color":"","overlay-opacity":"","overlay-gradient":""}}},"product_brand":[],"product_cat":[225],"product_tag":[],"class_list":{"0":"post-608","1":"product","2":"type-product","3":"status-publish","4":"has-post-thumbnail","6":"product_cat-face-exfoliant","7":"desktop-align-left","8":"tablet-align-left","9":"mobile-align-left","11":"first","12":"instock","13":"taxable","14":"shipping-taxable","15":"purchasable","16":"product-type-simple"},"aioseo_notices":[],"_links":{"self":[{"href":"https:\/\/yucca-bio.com\/en\/wp-json\/wp\/v2\/product\/608","targetHints":{"allow":["GET"]}}],"collection":[{"href":"https:\/\/yucca-bio.com\/en\/wp-json\/wp\/v2\/product"}],"about":[{"href":"https:\/\/yucca-bio.com\/en\/wp-json\/wp\/v2\/types\/product"}],"replies":[{"embeddable":true,"href":"https:\/\/yucca-bio.com\/en\/wp-json\/wp\/v2\/comments?post=608"}],"wp:featuredmedia":[{"embeddable":true,"href":"https:\/\/yucca-bio.com\/en\/wp-json\/wp\/v2\/media\/616"}],"wp:attachment":[{"href":"https:\/\/yucca-bio.com\/en\/wp-json\/wp\/v2\/media?parent=608"}],"wp:term":[{"taxonomy":"product_brand","embeddable":true,"href":"https:\/\/yucca-bio.com\/en\/wp-json\/wp\/v2\/product_brand?post=608"},{"taxonomy":"product_cat","embeddable":true,"href":"https:\/\/yucca-bio.com\/en\/wp-json\/wp\/v2\/product_cat?post=608"},{"taxonomy":"product_tag","embeddable":true,"href":"https:\/\/yucca-bio.com\/en\/wp-json\/wp\/v2\/product_tag?post=608"}],"curies":[{"name":"wp","href":"https:\/\/api.w.org\/{rel}","templated":true}]}}