{"id":679,"date":"2024-11-09T16:28:05","date_gmt":"2024-11-09T21:28:05","guid":{"rendered":"https:\/\/yucca-bio.com\/en\/?post_type=product&#038;p=679"},"modified":"2026-04-13T12:11:04","modified_gmt":"2026-04-13T16:11:04","slug":"citra-blood-orange-aloe-vera","status":"publish","type":"product","link":"https:\/\/yucca-bio.com\/en\/shop\/citra-blood-orange-aloe-vera\/","title":{"rendered":"Citra &#8211; Blood Orange &#038; Aloe Vera &#8211; Night Cream &#8211; 50 ml \/ 1.7 oz"},"content":{"rendered":"<p>Enriched with blood orange essential oil, avocado oil, and aloe vera, this creamy night cream is specially formulated to transform your skin while you sleep. Indulge in a nightly wellness ritual where high-quality ingredients work deeply to give your skin everything it needs.<\/p>\n<p><strong>Blood Orange ?<\/strong>: A powerful source of antioxidants, blood orange helps stimulate cell renewal, reduce visible signs of fatigue, and naturally brighten the complexion. It also offers a subtle, calming fragrance for a moment of pure relaxation.<\/p>\n<p><strong>Avocado Oil ?<\/strong>: Rich in vitamins and fatty acids, avocado oil deeply nourishes the skin. It&#8217;s ideal for soothing dry and sensitive skin, strengthening the skin barrier for a soft and supple feel.<\/p>\n<p><strong>Aloe Vera ?<\/strong>: Soothing and hydrating, aloe vera penetrates deeply to maintain the skin\u2019s natural moisture while calming and revitalizing it. Perfect for sensitive or stressed skin, aloe vera provides a refreshing, comforting sensation.<\/p>\n","protected":false},"excerpt":{"rendered":"<p>? Sleep peacefully with our night cream made with blood orange ?, avocado oil ?, and aloe vera ?! This creamy treatment nourishes, hydrates, and revitalizes your skin for a radiant morning glow ?. Perfect for naturally soft and luminous skin.<\/p>\n<p>Not tested on Animals <span id=\"copy-emoji\" class=\"efont\">?<\/span><\/p>\n","protected":false},"featured_media":4083,"comment_status":"open","ping_status":"closed","template":"","meta":{"_editorskit_title_hidden":false,"_editorskit_reading_time":0,"_editorskit_is_block_options_detached":false,"_editorskit_block_options_position":"{}","_monsterinsights_skip_tracking":false,"_monsterinsights_sitenote_active":false,"_monsterinsights_sitenote_note":"","_monsterinsights_sitenote_category":0,"_en_post_content":"Enriched with blood orange essential oil, avocado oil, and aloe vera, this creamy night cream is specially formulated to transform your skin while you sleep. Indulge in a nightly wellness ritual where high-quality ingredients work deeply to give your skin everything it needs.\r\n\r\n<strong>Blood Orange ?<\/strong>: A powerful source of antioxidants, blood orange helps stimulate cell renewal, reduce visible signs of fatigue, and naturally brighten the complexion. It also offers a subtle, calming fragrance for a moment of pure relaxation.\r\n\r\n<strong>Avocado Oil ?<\/strong>: Rich in vitamins and fatty acids, avocado oil deeply nourishes the skin. It's ideal for soothing dry and sensitive skin, strengthening the skin barrier for a soft and supple feel.\r\n\r\n<strong>Aloe Vera ?<\/strong>: Soothing and hydrating, aloe vera penetrates deeply to maintain the skin\u2019s natural moisture while calming and revitalizing it. Perfect for sensitive or stressed skin, aloe vera provides a refreshing, comforting sensation.","_en_post_name":"citra-blood-orange-aloe-vera","_en_post_excerpt":"? Sleep peacefully with our night cream made with blood orange ?, avocado oil ?, and aloe vera ?! This creamy treatment nourishes, hydrates, and revitalizes your skin for a radiant morning glow ?. Perfect for naturally soft and luminous skin.\r\n\r\nNot tested on Animals <span id=\"copy-emoji\" class=\"efont\">?<\/span>","_en_post_title":"Citra - Blood Orange & Aloe Vera - Night Cream - 50 ml \/ 1.7 oz","_fr_post_content":"<div class=\"flex max-w-full flex-col flex-grow\">\r\n<div class=\"min-h-8 text-message flex w-full flex-col items-end gap-2 whitespace-normal break-words [.text-message+&amp;]:mt-5\" dir=\"auto\" data-message-author-role=\"assistant\" data-message-id=\"dcf31e41-0684-431e-808f-858bbf76b42d\" data-message-model-slug=\"gpt-4o\">\r\n<div class=\"flex w-full flex-col gap-1 empty:hidden first:pt-[3px]\">\r\n<div class=\"markdown prose w-full break-words dark:prose-invert light\">\r\n\r\nEnrichie en huile essentielle d'orange sanguine, en huile d'avocat et en aloe vera, cette cr\u00e8me onctueuse est sp\u00e9cialement formul\u00e9e pour transformer votre peau pendant votre sommeil. Profitez d\u2019un rituel bien-\u00eatre chaque soir, o\u00f9 des ingr\u00e9dients de haute qualit\u00e9 travaillent en profondeur pour offrir \u00e0 votre peau tout ce dont elle a besoin.\r\n\r\n<strong>Orange sanguine ?<\/strong> : Puissante source d'antioxydants, l'orange sanguine contribue \u00e0 stimuler le renouvellement cellulaire, r\u00e9duire les signes visibles de fatigue et illuminer naturellement le teint. Elle offre un parfum subtil et apaisant pour un moment de d\u00e9tente absolu.\r\n\r\n<strong>Huile d'avocat ?<\/strong> : Riche en vitamines et en acides gras, l'huile d'avocat nourrit intens\u00e9ment la peau. Elle est id\u00e9ale pour apaiser les peaux s\u00e8ches et r\u00e9actives, renfor\u00e7ant la barri\u00e8re cutan\u00e9e pour une peau douce et souple.\r\n\r\n<strong>Aloe vera ?<\/strong> : Apaisant et hydratant, l\u2019aloe vera p\u00e9n\u00e8tre en profondeur pour maintenir l'hydratation naturelle de la peau, tout en la calmant et en la revitalisant. Id\u00e9al pour les peaux sensibles ou stress\u00e9es, l'aloe vera apporte une sensation de fra\u00eecheur et de confort.\r\n\r\n<\/div>\r\n<\/div>\r\n<\/div>\r\n<\/div>","_fr_post_name":"citra-orange-sanguine-aloe-vera","_fr_post_excerpt":"? Dormez l\u2019esprit tranquille avec notre cr\u00e8me de nuit \u00e0 l'orange sanguine ?, l\u2019huile d\u2019avocat ? et l\u2019aloe vera ? ! Ce soin onctueux nourrit, hydrate et revitalise votre peau pour un r\u00e9veil radieux ?. Parfaite pour une peau douce et illumin\u00e9e naturellement.\r\n\r\nNon test\u00e9 sur les animaux <span id=\"copy-emoji\" class=\"efont\">?<\/span>","_fr_post_title":"Citra - Cr\u00e8me de Nuit - Orange Sanguine et Aloe Vera - 50 ml \/ 1.7 oz","edit_language":"en","site-sidebar-layout":"default","site-content-layout":"","ast-site-content-layout":"default","site-content-style":"default","site-sidebar-style":"default","ast-global-header-display":"","ast-banner-title-visibility":"","ast-main-header-display":"","ast-hfb-above-header-display":"","ast-hfb-below-header-display":"","ast-hfb-mobile-header-display":"","site-post-title":"","ast-breadcrumbs-content":"","ast-featured-img":"","footer-sml-layout":"","ast-disable-related-posts":"","theme-transparent-header-meta":"default","adv-header-id-meta":"","stick-header-meta":"","header-above-stick-meta":"","header-main-stick-meta":"","header-below-stick-meta":"","astra-migrate-meta-layouts":"set","ast-page-background-enabled":"default","ast-page-background-meta":{"desktop":{"background-color":"var(--ast-global-color-4)","background-image":"","background-repeat":"repeat","background-position":"center center","background-size":"auto","background-attachment":"scroll","background-type":"","background-media":"","overlay-type":"","overlay-color":"","overlay-opacity":"","overlay-gradient":""},"tablet":{"background-color":"","background-image":"","background-repeat":"repeat","background-position":"center center","background-size":"auto","background-attachment":"scroll","background-type":"","background-media":"","overlay-type":"","overlay-color":"","overlay-opacity":"","overlay-gradient":""},"mobile":{"background-color":"","background-image":"","background-repeat":"repeat","background-position":"center center","background-size":"auto","background-attachment":"scroll","background-type":"","background-media":"","overlay-type":"","overlay-color":"","overlay-opacity":"","overlay-gradient":""}},"ast-content-background-meta":{"desktop":{"background-color":"var(--ast-global-color-5)","background-image":"","background-repeat":"repeat","background-position":"center center","background-size":"auto","background-attachment":"scroll","background-type":"","background-media":"","overlay-type":"","overlay-color":"","overlay-opacity":"","overlay-gradient":""},"tablet":{"background-color":"var(--ast-global-color-5)","background-image":"","background-repeat":"repeat","background-position":"center center","background-size":"auto","background-attachment":"scroll","background-type":"","background-media":"","overlay-type":"","overlay-color":"","overlay-opacity":"","overlay-gradient":""},"mobile":{"background-color":"var(--ast-global-color-5)","background-image":"","background-repeat":"repeat","background-position":"center center","background-size":"auto","background-attachment":"scroll","background-type":"","background-media":"","overlay-type":"","overlay-color":"","overlay-opacity":"","overlay-gradient":""}}},"product_brand":[],"product_cat":[28],"product_tag":[30,36],"class_list":{"0":"post-679","1":"product","2":"type-product","3":"status-publish","4":"has-post-thumbnail","6":"product_cat-night-cream","7":"product_tag-aloe","8":"product_tag-avocado","9":"desktop-align-left","10":"tablet-align-left","11":"mobile-align-left","13":"first","14":"instock","15":"taxable","16":"shipping-taxable","17":"purchasable","18":"product-type-simple"},"aioseo_notices":[],"_links":{"self":[{"href":"https:\/\/yucca-bio.com\/en\/wp-json\/wp\/v2\/product\/679","targetHints":{"allow":["GET"]}}],"collection":[{"href":"https:\/\/yucca-bio.com\/en\/wp-json\/wp\/v2\/product"}],"about":[{"href":"https:\/\/yucca-bio.com\/en\/wp-json\/wp\/v2\/types\/product"}],"replies":[{"embeddable":true,"href":"https:\/\/yucca-bio.com\/en\/wp-json\/wp\/v2\/comments?post=679"}],"wp:featuredmedia":[{"embeddable":true,"href":"https:\/\/yucca-bio.com\/en\/wp-json\/wp\/v2\/media\/4083"}],"wp:attachment":[{"href":"https:\/\/yucca-bio.com\/en\/wp-json\/wp\/v2\/media?parent=679"}],"wp:term":[{"taxonomy":"product_brand","embeddable":true,"href":"https:\/\/yucca-bio.com\/en\/wp-json\/wp\/v2\/product_brand?post=679"},{"taxonomy":"product_cat","embeddable":true,"href":"https:\/\/yucca-bio.com\/en\/wp-json\/wp\/v2\/product_cat?post=679"},{"taxonomy":"product_tag","embeddable":true,"href":"https:\/\/yucca-bio.com\/en\/wp-json\/wp\/v2\/product_tag?post=679"}],"curies":[{"name":"wp","href":"https:\/\/api.w.org\/{rel}","templated":true}]}}