{"id":682,"date":"2024-11-11T18:38:59","date_gmt":"2024-11-11T23:38:59","guid":{"rendered":"https:\/\/yucca-bio.com\/en\/?post_type=product&#038;p=682"},"modified":"2026-04-13T17:13:45","modified_gmt":"2026-04-13T21:13:45","slug":"nosa-coconut-yucca-day-cream","status":"publish","type":"product","link":"https:\/\/yucca-bio.com\/en\/shop\/nosa-coconut-yucca-day-cream\/","title":{"rendered":"Nosa &#8211; Coconut &#038; Yucca Day Cream &#8211; 50 ml \/ 1.7 oz"},"content":{"rendered":"<p>Give your skin a moment of escape every morning with this day cream enriched with Coconut ? and Yucca ?.**<\/p>\n<ul>\n<li>Coconut deeply nourishes and softens, while yucca hydrates, soothes, and protects.<\/li>\n<li>Its airy texture absorbs easily, without any sticky feel \u2728, leaving your face velvety and radiant all day long.<\/li>\n<\/ul>\n<p>Thanks to this unique blend, the cream provides lasting hydration and leaves a subtle fragrance, like a breath of nature on your skin ??. A fresh, enveloping treatment that reveals a radiant, well-rested complexion every day!<\/p>\n","protected":false},"excerpt":{"rendered":"<p>Moisturize your skin with the natural power of coconut ? and yucca ?. This lightweight cream nourishes, softens, and leaves your face smooth and radiant all day long \u2728?. Perfect for a glowing complexion every day!**<\/p>\n<p>Not tested on animals ?.<\/p>\n","protected":false},"featured_media":4086,"comment_status":"open","ping_status":"closed","template":"","meta":{"_editorskit_title_hidden":false,"_editorskit_reading_time":0,"_editorskit_is_block_options_detached":false,"_editorskit_block_options_position":"{}","_monsterinsights_skip_tracking":false,"_monsterinsights_sitenote_active":false,"_monsterinsights_sitenote_note":"","_monsterinsights_sitenote_category":0,"_en_post_content":"Give your skin a moment of escape every morning with this day cream enriched with Coconut ? and Yucca ?.**\r\n<ul>\r\n \t<li>Coconut deeply nourishes and softens, while yucca hydrates, soothes, and protects.<\/li>\r\n \t<li>Its airy texture absorbs easily, without any sticky feel \u2728, leaving your face velvety and radiant all day long.<\/li>\r\n<\/ul>\r\nThanks to this unique blend, the cream provides lasting hydration and leaves a subtle fragrance, like a breath of nature on your skin ??. A fresh, enveloping treatment that reveals a radiant, well-rested complexion every day!","_en_post_name":"nosa-coconut-yucca-day-cream","_en_post_excerpt":"Moisturize your skin with the natural power of coconut ? and yucca ?. This lightweight cream nourishes, softens, and leaves your face smooth and radiant all day long \u2728?. Perfect for a glowing complexion every day!**\r\n\r\nNot tested on animals ?.","_en_post_title":"Nosa - Coconut & Yucca Day Cream - 50 ml \/ 1.7 oz","_fr_post_content":"Offrez \u00e0 votre peau un moment d'\u00e9vasion chaque matin avec cette cr\u00e8me de jour enrichie en Noix de Coco ? et en yucca ?.\r\n<ul>\r\n \t<li>La noix de coco nourrit intens\u00e9ment et adoucit, tandis que le yucca hydrate, apaise et prot\u00e8ge.<\/li>\r\n \t<li>Sa texture a\u00e9rienne p\u00e9n\u00e8tre facilement, sans effet collant \u2728, laissant votre visage velout\u00e9 et \u00e9clatant tout au long de la journ\u00e9e.<\/li>\r\n<\/ul>\r\nGr\u00e2ce \u00e0 cette combinaison unique, cette cr\u00e8me procure une hydratation durable et laisse un parfum subtil, comme un souffle de nature sur la peau ??. Un soin qui vous enveloppe de fra\u00eecheur et r\u00e9v\u00e8le un teint radieux et repos\u00e9 au quotidien !","_fr_post_name":"nosa-creme-jour-noix-coco-yucca","_fr_post_excerpt":"Hydratez votre peau avec le pouvoir naturel de la noix de coco ? et du yucca ?. Cette cr\u00e8me l\u00e9g\u00e8re nourrit, adoucit et laisse votre visage doux et \u00e9clatant toute la journ\u00e9e \u2728?. Id\u00e9ale pour une peau radieuse au quotidien !\r\n\r\nNon test\u00e9 sur les animaux ?.","_fr_post_title":"Nosa - Cr\u00e8me de jour Noix de coco et Yucca - 50 ml \/ 1.7 oz","edit_language":"en","site-sidebar-layout":"default","site-content-layout":"","ast-site-content-layout":"default","site-content-style":"default","site-sidebar-style":"default","ast-global-header-display":"","ast-banner-title-visibility":"","ast-main-header-display":"","ast-hfb-above-header-display":"","ast-hfb-below-header-display":"","ast-hfb-mobile-header-display":"","site-post-title":"","ast-breadcrumbs-content":"","ast-featured-img":"","footer-sml-layout":"","ast-disable-related-posts":"","theme-transparent-header-meta":"default","adv-header-id-meta":"","stick-header-meta":"","header-above-stick-meta":"","header-main-stick-meta":"","header-below-stick-meta":"","astra-migrate-meta-layouts":"set","ast-page-background-enabled":"default","ast-page-background-meta":{"desktop":{"background-color":"var(--ast-global-color-4)","background-image":"","background-repeat":"repeat","background-position":"center center","background-size":"auto","background-attachment":"scroll","background-type":"","background-media":"","overlay-type":"","overlay-color":"","overlay-opacity":"","overlay-gradient":""},"tablet":{"background-color":"","background-image":"","background-repeat":"repeat","background-position":"center center","background-size":"auto","background-attachment":"scroll","background-type":"","background-media":"","overlay-type":"","overlay-color":"","overlay-opacity":"","overlay-gradient":""},"mobile":{"background-color":"","background-image":"","background-repeat":"repeat","background-position":"center center","background-size":"auto","background-attachment":"scroll","background-type":"","background-media":"","overlay-type":"","overlay-color":"","overlay-opacity":"","overlay-gradient":""}},"ast-content-background-meta":{"desktop":{"background-color":"var(--ast-global-color-5)","background-image":"","background-repeat":"repeat","background-position":"center center","background-size":"auto","background-attachment":"scroll","background-type":"","background-media":"","overlay-type":"","overlay-color":"","overlay-opacity":"","overlay-gradient":""},"tablet":{"background-color":"var(--ast-global-color-5)","background-image":"","background-repeat":"repeat","background-position":"center center","background-size":"auto","background-attachment":"scroll","background-type":"","background-media":"","overlay-type":"","overlay-color":"","overlay-opacity":"","overlay-gradient":""},"mobile":{"background-color":"var(--ast-global-color-5)","background-image":"","background-repeat":"repeat","background-position":"center center","background-size":"auto","background-attachment":"scroll","background-type":"","background-media":"","overlay-type":"","overlay-color":"","overlay-opacity":"","overlay-gradient":""}}},"product_brand":[],"product_cat":[27],"product_tag":[],"class_list":{"0":"post-682","1":"product","2":"type-product","3":"status-publish","4":"has-post-thumbnail","6":"product_cat-day-cream","7":"desktop-align-left","8":"tablet-align-left","9":"mobile-align-left","11":"first","12":"instock","13":"taxable","14":"shipping-taxable","15":"purchasable","16":"product-type-simple"},"aioseo_notices":[],"_links":{"self":[{"href":"https:\/\/yucca-bio.com\/en\/wp-json\/wp\/v2\/product\/682","targetHints":{"allow":["GET"]}}],"collection":[{"href":"https:\/\/yucca-bio.com\/en\/wp-json\/wp\/v2\/product"}],"about":[{"href":"https:\/\/yucca-bio.com\/en\/wp-json\/wp\/v2\/types\/product"}],"replies":[{"embeddable":true,"href":"https:\/\/yucca-bio.com\/en\/wp-json\/wp\/v2\/comments?post=682"}],"wp:featuredmedia":[{"embeddable":true,"href":"https:\/\/yucca-bio.com\/en\/wp-json\/wp\/v2\/media\/4086"}],"wp:attachment":[{"href":"https:\/\/yucca-bio.com\/en\/wp-json\/wp\/v2\/media?parent=682"}],"wp:term":[{"taxonomy":"product_brand","embeddable":true,"href":"https:\/\/yucca-bio.com\/en\/wp-json\/wp\/v2\/product_brand?post=682"},{"taxonomy":"product_cat","embeddable":true,"href":"https:\/\/yucca-bio.com\/en\/wp-json\/wp\/v2\/product_cat?post=682"},{"taxonomy":"product_tag","embeddable":true,"href":"https:\/\/yucca-bio.com\/en\/wp-json\/wp\/v2\/product_tag?post=682"}],"curies":[{"name":"wp","href":"https:\/\/api.w.org\/{rel}","templated":true}]}}