{"id":152,"date":"2024-01-10T01:15:20","date_gmt":"2024-01-10T01:15:20","guid":{"rendered":"https:\/\/yucca-bio.com\/en\/?page_id=152"},"modified":"2024-01-27T03:00:48","modified_gmt":"2024-01-27T03:00:48","slug":"nouveautes","status":"publish","type":"page","link":"https:\/\/yucca-bio.com\/fr\/nouveautes\/","title":{"rendered":"Nouveaut\u00e9s","raw":"Nouveaut\u00e9s"},"content":{"rendered":"<div data-block-name=\"woocommerce\/product-new\" class=\"wc-block-grid wp-block-product-new wp-block-woocommerce-product-new wc-block-product-new has-3-columns has-multiple-rows\"><ul class=\"wc-block-grid__products\"><li class=\"wc-block-grid__product\">\n\t\t\t\t<a href=\"https:\/\/yucca-bio.com\/fr\/boutique\/pack-peau-eclatante\/\" class=\"wc-block-grid__product-link\">\n\t\t\t\t\t<div class=\"wc-block-grid__product-onsale\">\n\t\t\t<span aria-hidden=\"true\">Promo<\/span>\n\t\t\t<span class=\"screen-reader-text\">Produit en promotion<\/span>\n\t\t<\/div>\n\t\t\t\t\t<div class=\"wc-block-grid__product-image\"><img loading=\"lazy\" decoding=\"async\" width=\"400\" height=\"400\" src=\"https:\/\/yucca-bio.com\/wp-content\/uploads\/2026\/04\/2B25A38E-1294-451A-B45C-C184CBAF3B3C-400x400.png\" class=\"attachment-woocommerce_thumbnail size-woocommerce_thumbnail\" alt=\"Pack \u201cPeau parfaite (acn\u00e9 \/ imperfections)\u201d\" srcset=\"https:\/\/yucca-bio.com\/wp-content\/uploads\/2026\/04\/2B25A38E-1294-451A-B45C-C184CBAF3B3C-400x400.png 400w, https:\/\/yucca-bio.com\/wp-content\/uploads\/2026\/04\/2B25A38E-1294-451A-B45C-C184CBAF3B3C-150x150.png 150w, https:\/\/yucca-bio.com\/wp-content\/uploads\/2026\/04\/2B25A38E-1294-451A-B45C-C184CBAF3B3C-100x100.png 100w\" sizes=\"auto, (max-width: 400px) 100vw, 400px\" \/><\/div>\n\t\t\t\t\t<div class=\"wc-block-grid__product-title\">Pack \u201cPeau parfaite (acn\u00e9 \/ imperfections)\u201d<\/div>\n\t\t\t\t<\/a>\n\t\t\t\t<div class=\"wc-block-grid__product-price price\"><del aria-hidden=\"true\"><span class=\"woocommerce-Price-amount amount\"><span class=\"woocommerce-Price-currencySymbol\">&#036;<\/span>102.00<\/span><\/del> <span class=\"screen-reader-text\">Le prix initial \u00e9tait\u00a0: &#036;102.00.<\/span><ins aria-hidden=\"true\"><span class=\"woocommerce-Price-amount amount\"><span class=\"woocommerce-Price-currencySymbol\">&#036;<\/span>71.40<\/span><\/ins><span class=\"screen-reader-text\">Le prix actuel est\u00a0: &#036;71.40.<\/span><\/div>\n\t\t\t\t\n\t\t\t\t<div class=\"wp-block-button wc-block-grid__product-add-to-cart\"><a href=\"\/fr\/wp-json\/wp\/v2\/pages\/152?add-to-cart=4090\" aria-label=\"Ajouter au panier\u00a0: &ldquo;Pack \u201cPeau parfaite (acn\u00e9 \/ imperfections)\u201d&rdquo;\" data-quantity=\"1\" data-product_id=\"4090\" data-product_sku=\"\" data-price=\"71.4\" rel=\"nofollow\" class=\"wp-block-button__link  add_to_cart_button ajax_add_to_cart\">Ajouter au panier<\/a><\/div>\n\t\t\t<\/li><li class=\"wc-block-grid__product\">\n\t\t\t\t<a href=\"https:\/\/yucca-bio.com\/fr\/boutique\/pack-anti-age\/\" class=\"wc-block-grid__product-link\">\n\t\t\t\t\t<div class=\"wc-block-grid__product-onsale\">\n\t\t\t<span aria-hidden=\"true\">Promo<\/span>\n\t\t\t<span class=\"screen-reader-text\">Produit en promotion<\/span>\n\t\t<\/div>\n\t\t\t\t\t<div class=\"wc-block-grid__product-image\"><img loading=\"lazy\" decoding=\"async\" width=\"400\" height=\"400\" src=\"https:\/\/yucca-bio.com\/wp-content\/uploads\/2026\/04\/6524F634-229A-4964-97E2-736C839143CF-400x400.png\" class=\"attachment-woocommerce_thumbnail size-woocommerce_thumbnail\" alt=\"Pack &quot;Anti-\u00e2ge&quot;\" srcset=\"https:\/\/yucca-bio.com\/wp-content\/uploads\/2026\/04\/6524F634-229A-4964-97E2-736C839143CF-400x400.png 400w, https:\/\/yucca-bio.com\/wp-content\/uploads\/2026\/04\/6524F634-229A-4964-97E2-736C839143CF-150x150.png 150w, https:\/\/yucca-bio.com\/wp-content\/uploads\/2026\/04\/6524F634-229A-4964-97E2-736C839143CF-100x100.png 100w\" sizes=\"auto, (max-width: 400px) 100vw, 400px\" \/><\/div>\n\t\t\t\t\t<div class=\"wc-block-grid__product-title\">Pack \u00ab\u00a0Anti-\u00e2ge\u00a0\u00bb<\/div>\n\t\t\t\t<\/a>\n\t\t\t\t<div class=\"wc-block-grid__product-price price\"><del aria-hidden=\"true\"><span class=\"woocommerce-Price-amount amount\"><span class=\"woocommerce-Price-currencySymbol\">&#036;<\/span>138.00<\/span><\/del> <span class=\"screen-reader-text\">Le prix initial \u00e9tait\u00a0: &#036;138.00.<\/span><ins aria-hidden=\"true\"><span class=\"woocommerce-Price-amount amount\"><span class=\"woocommerce-Price-currencySymbol\">&#036;<\/span>94.00<\/span><\/ins><span class=\"screen-reader-text\">Le prix actuel est\u00a0: &#036;94.00.<\/span><\/div>\n\t\t\t\t\n\t\t\t\t<div class=\"wp-block-button wc-block-grid__product-add-to-cart\"><a href=\"\/fr\/wp-json\/wp\/v2\/pages\/152?add-to-cart=4119\" aria-label=\"Ajouter au panier\u00a0: &ldquo;Pack &quot;Anti-\u00e2ge&quot;&rdquo;\" data-quantity=\"1\" data-product_id=\"4119\" data-product_sku=\"\" data-price=\"94\" rel=\"nofollow\" class=\"wp-block-button__link  add_to_cart_button ajax_add_to_cart\">Ajouter au panier<\/a><\/div>\n\t\t\t<\/li><li class=\"wc-block-grid__product\">\n\t\t\t\t<a href=\"https:\/\/yucca-bio.com\/fr\/boutique\/special-fete-des-meres\/\" class=\"wc-block-grid__product-link\">\n\t\t\t\t\t<div class=\"wc-block-grid__product-onsale\">\n\t\t\t<span aria-hidden=\"true\">Promo<\/span>\n\t\t\t<span class=\"screen-reader-text\">Produit en promotion<\/span>\n\t\t<\/div>\n\t\t\t\t\t<div class=\"wc-block-grid__product-image\"><img loading=\"lazy\" decoding=\"async\" width=\"400\" height=\"400\" src=\"https:\/\/yucca-bio.com\/wp-content\/uploads\/2026\/04\/D9EBDEC0-FBA4-4B75-834D-0F08DFA68379-400x400.png\" class=\"attachment-woocommerce_thumbnail size-woocommerce_thumbnail\" alt=\"Sp\u00e9cial F\u00eate des M\u00e8res\" srcset=\"https:\/\/yucca-bio.com\/wp-content\/uploads\/2026\/04\/D9EBDEC0-FBA4-4B75-834D-0F08DFA68379-400x400.png 400w, https:\/\/yucca-bio.com\/wp-content\/uploads\/2026\/04\/D9EBDEC0-FBA4-4B75-834D-0F08DFA68379-150x150.png 150w, https:\/\/yucca-bio.com\/wp-content\/uploads\/2026\/04\/D9EBDEC0-FBA4-4B75-834D-0F08DFA68379-100x100.png 100w\" sizes=\"auto, (max-width: 400px) 100vw, 400px\" \/><\/div>\n\t\t\t\t\t<div class=\"wc-block-grid__product-title\">Sp\u00e9cial F\u00eate des M\u00e8res<\/div>\n\t\t\t\t<\/a>\n\t\t\t\t<div class=\"wc-block-grid__product-price price\"><del aria-hidden=\"true\"><span class=\"woocommerce-Price-amount amount\"><span class=\"woocommerce-Price-currencySymbol\">&#036;<\/span>196.00<\/span><\/del> <span class=\"screen-reader-text\">Le prix initial \u00e9tait\u00a0: &#036;196.00.<\/span><ins aria-hidden=\"true\"><span class=\"woocommerce-Price-amount amount\"><span class=\"woocommerce-Price-currencySymbol\">&#036;<\/span>134.99<\/span><\/ins><span class=\"screen-reader-text\">Le prix actuel est\u00a0: &#036;134.99.<\/span><\/div>\n\t\t\t\t\n\t\t\t\t<div class=\"wp-block-button wc-block-grid__product-add-to-cart\"><a href=\"?add-to-cart=4041\" aria-label=\"En savoir plus sur &ldquo;Sp\u00e9cial F\u00eate des M\u00e8res&rdquo;\" data-quantity=\"1\" data-product_id=\"4041\" data-product_sku=\"\" data-price=\"134.99\" rel=\"nofollow\" class=\"wp-block-button__link  add_to_cart_button ajax_add_to_cart\">Ajouter au panier<\/a><\/div>\n\t\t\t<\/li><li class=\"wc-block-grid__product\">\n\t\t\t\t<a href=\"https:\/\/yucca-bio.com\/fr\/boutique\/montreal-lait-concombre\/\" class=\"wc-block-grid__product-link\">\n\t\t\t\t\t\n\t\t\t\t\t<div class=\"wc-block-grid__product-image\"><img loading=\"lazy\" decoding=\"async\" width=\"400\" height=\"400\" src=\"https:\/\/yucca-bio.com\/wp-content\/uploads\/2025\/10\/IMG_9737-400x400.jpg\" class=\"attachment-woocommerce_thumbnail size-woocommerce_thumbnail\" alt=\"Montreal - Lait Hydratant au concombre - Soin naturel - 240 ml \/ 8 oz\" srcset=\"https:\/\/yucca-bio.com\/wp-content\/uploads\/2025\/10\/IMG_9737-400x400.jpg 400w, https:\/\/yucca-bio.com\/wp-content\/uploads\/2025\/10\/IMG_9737-150x150.jpg 150w, https:\/\/yucca-bio.com\/wp-content\/uploads\/2025\/10\/IMG_9737-100x100.jpg 100w\" sizes=\"auto, (max-width: 400px) 100vw, 400px\" \/><\/div>\n\t\t\t\t\t<div class=\"wc-block-grid__product-title\">Montreal &#8211; Lait Hydratant au concombre &#8211; Soin naturel &#8211; 240 ml \/ 8 oz<\/div>\n\t\t\t\t<\/a>\n\t\t\t\t<div class=\"wc-block-grid__product-price price\"><span class=\"woocommerce-Price-amount amount\"><span class=\"woocommerce-Price-currencySymbol\">&#036;<\/span>25.00<\/span><\/div>\n\t\t\t\t\n\t\t\t\t<div class=\"wp-block-button wc-block-grid__product-add-to-cart\"><a href=\"\/fr\/wp-json\/wp\/v2\/pages\/152?add-to-cart=2397\" aria-label=\"Ajouter au panier\u00a0: &ldquo;Montreal - Lait Hydratant au concombre - Soin naturel - 240 ml \/ 8 oz&rdquo;\" data-quantity=\"1\" data-product_id=\"2397\" data-product_sku=\"\" data-price=\"25\" rel=\"nofollow\" class=\"wp-block-button__link  add_to_cart_button ajax_add_to_cart\">Ajouter au panier<\/a><\/div>\n\t\t\t<\/li><li class=\"wc-block-grid__product\">\n\t\t\t\t<a href=\"https:\/\/yucca-bio.com\/fr\/boutique\/eveil-des-sens\/\" class=\"wc-block-grid__product-link\">\n\t\t\t\t\t<div class=\"wc-block-grid__product-onsale\">\n\t\t\t<span aria-hidden=\"true\">Promo<\/span>\n\t\t\t<span class=\"screen-reader-text\">Produit en promotion<\/span>\n\t\t<\/div>\n\t\t\t\t\t<div class=\"wc-block-grid__product-image\"><img loading=\"lazy\" decoding=\"async\" width=\"400\" height=\"400\" src=\"https:\/\/yucca-bio.com\/wp-content\/uploads\/2025\/10\/20251122_115547-400x400.jpg\" class=\"attachment-woocommerce_thumbnail size-woocommerce_thumbnail\" alt=\"Pack \u201cD\u00e9couverte Yucca Bio\u201d\" srcset=\"https:\/\/yucca-bio.com\/wp-content\/uploads\/2025\/10\/20251122_115547-400x400.jpg 400w, https:\/\/yucca-bio.com\/wp-content\/uploads\/2025\/10\/20251122_115547-300x300.jpg 300w, https:\/\/yucca-bio.com\/wp-content\/uploads\/2025\/10\/20251122_115547-1024x1024.jpg 1024w, https:\/\/yucca-bio.com\/wp-content\/uploads\/2025\/10\/20251122_115547-150x150.jpg 150w, https:\/\/yucca-bio.com\/wp-content\/uploads\/2025\/10\/20251122_115547-768x768.jpg 768w, https:\/\/yucca-bio.com\/wp-content\/uploads\/2025\/10\/20251122_115547-1536x1536.jpg 1536w, https:\/\/yucca-bio.com\/wp-content\/uploads\/2025\/10\/20251122_115547-2048x2048.jpg 2048w, https:\/\/yucca-bio.com\/wp-content\/uploads\/2025\/10\/20251122_115547-1320x1320.jpg 1320w, https:\/\/yucca-bio.com\/wp-content\/uploads\/2025\/10\/20251122_115547-700x700.jpg 700w, https:\/\/yucca-bio.com\/wp-content\/uploads\/2025\/10\/20251122_115547-100x100.jpg 100w\" sizes=\"auto, (max-width: 400px) 100vw, 400px\" \/><\/div>\n\t\t\t\t\t<div class=\"wc-block-grid__product-title\">Pack \u201cD\u00e9couverte Yucca Bio\u201d<\/div>\n\t\t\t\t<\/a>\n\t\t\t\t<div class=\"wc-block-grid__product-price price\"><del aria-hidden=\"true\"><span class=\"woocommerce-Price-amount amount\"><span class=\"woocommerce-Price-currencySymbol\">&#036;<\/span>70.00<\/span><\/del> <span class=\"screen-reader-text\">Le prix initial \u00e9tait\u00a0: &#036;70.00.<\/span><ins aria-hidden=\"true\"><span class=\"woocommerce-Price-amount amount\"><span class=\"woocommerce-Price-currencySymbol\">&#036;<\/span>55.00<\/span><\/ins><span class=\"screen-reader-text\">Le prix actuel est\u00a0: &#036;55.00.<\/span><\/div>\n\t\t\t\t\n\t\t\t\t<div class=\"wp-block-button wc-block-grid__product-add-to-cart\"><a href=\"?add-to-cart=2088\" aria-label=\"En savoir plus sur &ldquo;Pack \u201cD\u00e9couverte Yucca Bio\u201d&rdquo;\" data-quantity=\"1\" data-product_id=\"2088\" data-product_sku=\"\" data-price=\"55\" rel=\"nofollow\" class=\"wp-block-button__link  add_to_cart_button ajax_add_to_cart\">Ajouter au panier<\/a><\/div>\n\t\t\t<\/li><li class=\"wc-block-grid__product\">\n\t\t\t\t<a href=\"https:\/\/yucca-bio.com\/fr\/boutique\/pure-ritual\/\" class=\"wc-block-grid__product-link\">\n\t\t\t\t\t<div class=\"wc-block-grid__product-onsale\">\n\t\t\t<span aria-hidden=\"true\">Promo<\/span>\n\t\t\t<span class=\"screen-reader-text\">Produit en promotion<\/span>\n\t\t<\/div>\n\t\t\t\t\t<div class=\"wc-block-grid__product-image\"><img loading=\"lazy\" decoding=\"async\" width=\"400\" height=\"400\" src=\"https:\/\/yucca-bio.com\/wp-content\/uploads\/2025\/10\/352C24D5-DF8C-4A49-B9BA-CAEE51607685-400x400.png\" class=\"attachment-woocommerce_thumbnail size-woocommerce_thumbnail\" alt=\"Rituel Pure\" srcset=\"https:\/\/yucca-bio.com\/wp-content\/uploads\/2025\/10\/352C24D5-DF8C-4A49-B9BA-CAEE51607685-400x400.png 400w, https:\/\/yucca-bio.com\/wp-content\/uploads\/2025\/10\/352C24D5-DF8C-4A49-B9BA-CAEE51607685-150x150.png 150w, https:\/\/yucca-bio.com\/wp-content\/uploads\/2025\/10\/352C24D5-DF8C-4A49-B9BA-CAEE51607685-100x100.png 100w\" sizes=\"auto, (max-width: 400px) 100vw, 400px\" \/><\/div>\n\t\t\t\t\t<div class=\"wc-block-grid__product-title\">Rituel Pure<\/div>\n\t\t\t\t<\/a>\n\t\t\t\t<div class=\"wc-block-grid__product-price price\"><del aria-hidden=\"true\"><span class=\"woocommerce-Price-amount amount\"><span class=\"woocommerce-Price-currencySymbol\">&#036;<\/span>57.00<\/span><\/del> <span class=\"screen-reader-text\">Le prix initial \u00e9tait\u00a0: &#036;57.00.<\/span><ins aria-hidden=\"true\"><span class=\"woocommerce-Price-amount amount\"><span class=\"woocommerce-Price-currencySymbol\">&#036;<\/span>48.00<\/span><\/ins><span class=\"screen-reader-text\">Le prix actuel est\u00a0: &#036;48.00.<\/span><\/div>\n\t\t\t\t\n\t\t\t\t<div class=\"wp-block-button wc-block-grid__product-add-to-cart\"><a href=\"?add-to-cart=2086\" aria-label=\"En savoir plus sur &ldquo;Rituel Pure&rdquo;\" data-quantity=\"1\" data-product_id=\"2086\" data-product_sku=\"\" data-price=\"48\" rel=\"nofollow\" class=\"wp-block-button__link  add_to_cart_button ajax_add_to_cart\">Ajouter au panier<\/a><\/div>\n\t\t\t<\/li><li class=\"wc-block-grid__product\">\n\t\t\t\t<a href=\"https:\/\/yucca-bio.com\/fr\/boutique\/zenelixir\/\" class=\"wc-block-grid__product-link\">\n\t\t\t\t\t\n\t\t\t\t\t<div class=\"wc-block-grid__product-image\"><img loading=\"lazy\" decoding=\"async\" width=\"400\" height=\"400\" src=\"https:\/\/yucca-bio.com\/wp-content\/uploads\/2025\/08\/IMG_9367-400x400.png\" class=\"attachment-woocommerce_thumbnail size-woocommerce_thumbnail\" alt=\"ZenElixir 100ml\/3,4oz\" srcset=\"https:\/\/yucca-bio.com\/wp-content\/uploads\/2025\/08\/IMG_9367-400x400.png 400w, https:\/\/yucca-bio.com\/wp-content\/uploads\/2025\/08\/IMG_9367-300x300.png 300w, https:\/\/yucca-bio.com\/wp-content\/uploads\/2025\/08\/IMG_9367-150x150.png 150w, https:\/\/yucca-bio.com\/wp-content\/uploads\/2025\/08\/IMG_9367-768x768.png 768w, https:\/\/yucca-bio.com\/wp-content\/uploads\/2025\/08\/IMG_9367-700x700.png 700w, https:\/\/yucca-bio.com\/wp-content\/uploads\/2025\/08\/IMG_9367-100x100.png 100w, https:\/\/yucca-bio.com\/wp-content\/uploads\/2025\/08\/IMG_9367.png 1024w\" sizes=\"auto, (max-width: 400px) 100vw, 400px\" \/><\/div>\n\t\t\t\t\t<div class=\"wc-block-grid__product-title\">ZenElixir 100ml\/3,4oz<\/div>\n\t\t\t\t<\/a>\n\t\t\t\t<div class=\"wc-block-grid__product-price price\"><span class=\"woocommerce-Price-amount amount\"><span class=\"woocommerce-Price-currencySymbol\">&#036;<\/span>19.00<\/span><\/div>\n\t\t\t\t\n\t\t\t\t<div class=\"wp-block-button wc-block-grid__product-add-to-cart\"><a href=\"\/fr\/wp-json\/wp\/v2\/pages\/152?add-to-cart=1428\" aria-label=\"Ajouter au panier\u00a0: &ldquo;ZenElixir 100ml\/3,4oz&rdquo;\" data-quantity=\"1\" data-product_id=\"1428\" data-product_sku=\"\" data-price=\"19\" rel=\"nofollow\" class=\"wp-block-button__link  add_to_cart_button ajax_add_to_cart\">Ajouter au panier<\/a><\/div>\n\t\t\t<\/li><li class=\"wc-block-grid__product\">\n\t\t\t\t<a href=\"https:\/\/yucca-bio.com\/fr\/boutique\/seve-tonique-100ml-34oz\/\" class=\"wc-block-grid__product-link\">\n\t\t\t\t\t\n\t\t\t\t\t<div class=\"wc-block-grid__product-image\"><img loading=\"lazy\" decoding=\"async\" width=\"400\" height=\"400\" src=\"https:\/\/yucca-bio.com\/wp-content\/uploads\/2025\/08\/IMG_9022-400x400.jpg\" class=\"attachment-woocommerce_thumbnail size-woocommerce_thumbnail\" alt=\"Seve Tonique 100ml\/3,4oz\" srcset=\"https:\/\/yucca-bio.com\/wp-content\/uploads\/2025\/08\/IMG_9022-400x400.jpg 400w, https:\/\/yucca-bio.com\/wp-content\/uploads\/2025\/08\/IMG_9022-150x150.jpg 150w, https:\/\/yucca-bio.com\/wp-content\/uploads\/2025\/08\/IMG_9022-100x100.jpg 100w\" sizes=\"auto, (max-width: 400px) 100vw, 400px\" \/><\/div>\n\t\t\t\t\t<div class=\"wc-block-grid__product-title\">Seve Tonique 100ml\/3,4oz<\/div>\n\t\t\t\t<\/a>\n\t\t\t\t<div class=\"wc-block-grid__product-price price\"><span class=\"woocommerce-Price-amount amount\"><span class=\"woocommerce-Price-currencySymbol\">&#036;<\/span>19.00<\/span><\/div>\n\t\t\t\t\n\t\t\t\t<div class=\"wp-block-button wc-block-grid__product-add-to-cart\"><a href=\"\/fr\/wp-json\/wp\/v2\/pages\/152?add-to-cart=1422\" aria-label=\"Ajouter au panier\u00a0: &ldquo;Seve Tonique 100ml\/3,4oz&rdquo;\" data-quantity=\"1\" data-product_id=\"1422\" data-product_sku=\"\" data-price=\"19\" rel=\"nofollow\" class=\"wp-block-button__link  add_to_cart_button ajax_add_to_cart\">Ajouter au panier<\/a><\/div>\n\t\t\t<\/li><li class=\"wc-block-grid__product\">\n\t\t\t\t<a href=\"https:\/\/yucca-bio.com\/fr\/boutique\/zenpulse-100ml-34oz\/\" class=\"wc-block-grid__product-link\">\n\t\t\t\t\t\n\t\t\t\t\t<div class=\"wc-block-grid__product-image\"><img loading=\"lazy\" decoding=\"async\" width=\"400\" height=\"400\" src=\"https:\/\/yucca-bio.com\/wp-content\/uploads\/2025\/08\/IMG_9013-400x400.jpg\" class=\"attachment-woocommerce_thumbnail size-woocommerce_thumbnail\" alt=\"ZenPulse 100ml\/3,4oz\" srcset=\"https:\/\/yucca-bio.com\/wp-content\/uploads\/2025\/08\/IMG_9013-400x400.jpg 400w, https:\/\/yucca-bio.com\/wp-content\/uploads\/2025\/08\/IMG_9013-150x150.jpg 150w, https:\/\/yucca-bio.com\/wp-content\/uploads\/2025\/08\/IMG_9013-100x100.jpg 100w\" sizes=\"auto, (max-width: 400px) 100vw, 400px\" \/><\/div>\n\t\t\t\t\t<div class=\"wc-block-grid__product-title\">ZenPulse 100ml\/3,4oz<\/div>\n\t\t\t\t<\/a>\n\t\t\t\t<div class=\"wc-block-grid__product-price price\"><span class=\"woocommerce-Price-amount amount\"><span class=\"woocommerce-Price-currencySymbol\">&#036;<\/span>19.00<\/span><\/div>\n\t\t\t\t\n\t\t\t\t<div class=\"wp-block-button wc-block-grid__product-add-to-cart\"><a href=\"\/fr\/wp-json\/wp\/v2\/pages\/152?add-to-cart=1419\" aria-label=\"Ajouter au panier\u00a0: &ldquo;ZenPulse 100ml\/3,4oz&rdquo;\" data-quantity=\"1\" data-product_id=\"1419\" data-product_sku=\"\" data-price=\"19\" rel=\"nofollow\" class=\"wp-block-button__link  add_to_cart_button ajax_add_to_cart\">Ajouter au panier<\/a><\/div>\n\t\t\t<\/li><\/ul><\/div>","protected":false,"raw":"<!-- wp:woocommerce\/product-new \/-->"},"excerpt":{"rendered":"","protected":false,"raw":""},"author":2,"featured_media":0,"parent":0,"menu_order":0,"comment_status":"closed","ping_status":"closed","template":"","meta":{"_editorskit_title_hidden":false,"_editorskit_reading_time":0,"_editorskit_is_block_options_detached":false,"_editorskit_block_options_position":"{}","_monsterinsights_skip_tracking":false,"_monsterinsights_sitenote_active":false,"_monsterinsights_sitenote_note":"","_monsterinsights_sitenote_category":0,"_en_post_content":"<!-- wp:woocommerce\/product-new \/-->","_en_post_name":"new","_en_post_excerpt":"","_en_post_title":"New","_fr_post_content":"<!-- wp:woocommerce\/product-new \/-->","_fr_post_name":"nouveautes","_fr_post_excerpt":"","_fr_post_title":"Nouveaut\u00e9s","edit_language":"fr","site-sidebar-layout":"default","site-content-layout":"","ast-site-content-layout":"","site-content-style":"default","site-sidebar-style":"default","ast-global-header-display":"","ast-banner-title-visibility":"","ast-main-header-display":"","ast-hfb-above-header-display":"","ast-hfb-below-header-display":"","ast-hfb-mobile-header-display":"","site-post-title":"","ast-breadcrumbs-content":"","ast-featured-img":"","footer-sml-layout":"","ast-disable-related-posts":"","theme-transparent-header-meta":"","adv-header-id-meta":"","stick-header-meta":"","header-above-stick-meta":"","header-main-stick-meta":"","header-below-stick-meta":"","astra-migrate-meta-layouts":"","ast-page-background-enabled":"default","ast-page-background-meta":{"desktop":{"background-color":"var(--ast-global-color-4)","background-image":"","background-repeat":"repeat","background-position":"center center","background-size":"auto","background-attachment":"scroll","background-type":"","background-media":"","overlay-type":"","overlay-color":"","overlay-gradient":""},"tablet":{"background-color":"","background-image":"","background-repeat":"repeat","background-position":"center center","background-size":"auto","background-attachment":"scroll","background-type":"","background-media":"","overlay-type":"","overlay-color":"","overlay-gradient":""},"mobile":{"background-color":"","background-image":"","background-repeat":"repeat","background-position":"center center","background-size":"auto","background-attachment":"scroll","background-type":"","background-media":"","overlay-type":"","overlay-color":"","overlay-gradient":""}},"ast-content-background-meta":{"desktop":{"background-color":"var(--ast-global-color-5)","background-image":"","background-repeat":"repeat","background-position":"center center","background-size":"auto","background-attachment":"scroll","background-type":"","background-media":"","overlay-type":"","overlay-color":"","overlay-gradient":""},"tablet":{"background-color":"var(--ast-global-color-5)","background-image":"","background-repeat":"repeat","background-position":"center center","background-size":"auto","background-attachment":"scroll","background-type":"","background-media":"","overlay-type":"","overlay-color":"","overlay-gradient":""},"mobile":{"background-color":"var(--ast-global-color-5)","background-image":"","background-repeat":"repeat","background-position":"center center","background-size":"auto","background-attachment":"scroll","background-type":"","background-media":"","overlay-type":"","overlay-color":"","overlay-gradient":""}},"footnotes":""},"class_list":["post-152","page","type-page","status-publish","hentry"],"aioseo_notices":[],"_links":{"self":[{"href":"https:\/\/yucca-bio.com\/fr\/wp-json\/wp\/v2\/pages\/152","targetHints":{"allow":["GET"]}}],"collection":[{"href":"https:\/\/yucca-bio.com\/fr\/wp-json\/wp\/v2\/pages"}],"about":[{"href":"https:\/\/yucca-bio.com\/fr\/wp-json\/wp\/v2\/types\/page"}],"author":[{"embeddable":true,"href":"https:\/\/yucca-bio.com\/fr\/wp-json\/wp\/v2\/users\/2"}],"replies":[{"embeddable":true,"href":"https:\/\/yucca-bio.com\/fr\/wp-json\/wp\/v2\/comments?post=152"}],"version-history":[{"count":3,"href":"https:\/\/yucca-bio.com\/fr\/wp-json\/wp\/v2\/pages\/152\/revisions"}],"predecessor-version":[{"id":209,"href":"https:\/\/yucca-bio.com\/fr\/wp-json\/wp\/v2\/pages\/152\/revisions\/209"}],"wp:attachment":[{"href":"https:\/\/yucca-bio.com\/fr\/wp-json\/wp\/v2\/media?parent=152"}],"curies":[{"name":"wp","href":"https:\/\/api.w.org\/{rel}","templated":true}]}}