{"id":1143,"date":"2025-07-07T19:41:53","date_gmt":"2025-07-07T23:41:53","guid":{"rendered":"https:\/\/yucca-bio.com\/en\/?post_type=product&#038;p=1143"},"modified":"2026-04-13T17:03:09","modified_gmt":"2026-04-13T21:03:09","slug":"duo-de-nuit","status":"publish","type":"product","link":"https:\/\/yucca-bio.com\/fr\/boutique\/duo-de-nuit\/","title":{"rendered":"Duo de Nuit","raw":"Duo de Nuit"},"content":{"rendered":"","protected":false,"raw":""},"excerpt":{"rendered":"<p>D\u00e9couvrez <strong data-start=\"337\" data-end=\"354\">Rio &amp; Bali<\/strong>, notre duo signature de soins nocturnes 100\u202f% d\u2019origine naturelle, enrichis en actifs v\u00e9g\u00e9taux puissants. Pens\u00e9 pour accompagner votre peau dans son cycle de r\u00e9g\u00e9n\u00e9ration nocturne, ce rituel associe hydratation intense et r\u00e9paration en profondeur, pour un r\u00e9veil au teint visiblement repos\u00e9, \u00e9clatant et \u00e9quilibr\u00e9.<\/p>\n","protected":false,"raw":"D\u00e9couvrez <strong data-start=\"337\" data-end=\"354\">Rio &amp; Bali<\/strong>, notre duo signature de soins nocturnes 100\u202f% d\u2019origine naturelle, enrichis en actifs v\u00e9g\u00e9taux puissants. Pens\u00e9 pour accompagner votre peau dans son cycle de r\u00e9g\u00e9n\u00e9ration nocturne, ce rituel associe hydratation intense et r\u00e9paration en profondeur, pour un r\u00e9veil au teint visiblement repos\u00e9, \u00e9clatant et \u00e9quilibr\u00e9."},"featured_media":1415,"comment_status":"open","ping_status":"closed","template":"","meta":{"_editorskit_title_hidden":false,"_editorskit_reading_time":0,"_editorskit_is_block_options_detached":false,"_editorskit_block_options_position":"{}","_monsterinsights_skip_tracking":false,"_monsterinsights_sitenote_active":false,"_monsterinsights_sitenote_note":"","_monsterinsights_sitenote_category":0,"_en_post_content":"","_en_post_name":"night-duo","_en_post_excerpt":"<span style=\"font-size: 16px;\">Discover <\/span><strong style=\"font-size: 16px;\">Rio &amp; Bali,<\/strong><span style=\"font-size: 16px;\"> our signature night care duo made from 100% natural origin ingredients, enriched with powerful botanical actives. Designed to support your skin\u2019s natural overnight regeneration cycle, this ritual combines deep hydration and intensive repair for a visibly refreshed, radiant, and balanced complexion by morning.<\/span>","_en_post_title":"Night Duo","_fr_post_content":"","_fr_post_name":"duo-de-nuit","_fr_post_excerpt":"D\u00e9couvrez <strong data-start=\"337\" data-end=\"354\">Rio &amp; Bali<\/strong>, notre duo signature de soins nocturnes 100\u202f% d\u2019origine naturelle, enrichis en actifs v\u00e9g\u00e9taux puissants. Pens\u00e9 pour accompagner votre peau dans son cycle de r\u00e9g\u00e9n\u00e9ration nocturne, ce rituel associe hydratation intense et r\u00e9paration en profondeur, pour un r\u00e9veil au teint visiblement repos\u00e9, \u00e9clatant et \u00e9quilibr\u00e9.","_fr_post_title":"Duo de Nuit","edit_language":"fr","site-sidebar-layout":"default","site-content-layout":"","ast-site-content-layout":"default","site-content-style":"default","site-sidebar-style":"default","ast-global-header-display":"","ast-banner-title-visibility":"","ast-main-header-display":"","ast-hfb-above-header-display":"","ast-hfb-below-header-display":"","ast-hfb-mobile-header-display":"","site-post-title":"","ast-breadcrumbs-content":"","ast-featured-img":"","footer-sml-layout":"","ast-disable-related-posts":"","theme-transparent-header-meta":"default","adv-header-id-meta":"","stick-header-meta":"","header-above-stick-meta":"","header-main-stick-meta":"","header-below-stick-meta":"","astra-migrate-meta-layouts":"set","ast-page-background-enabled":"default","ast-page-background-meta":{"desktop":{"background-color":"var(--ast-global-color-4)","background-image":"","background-repeat":"repeat","background-position":"center center","background-size":"auto","background-attachment":"scroll","background-type":"","background-media":"","overlay-type":"","overlay-color":"","overlay-opacity":"","overlay-gradient":""},"tablet":{"background-color":"","background-image":"","background-repeat":"repeat","background-position":"center center","background-size":"auto","background-attachment":"scroll","background-type":"","background-media":"","overlay-type":"","overlay-color":"","overlay-opacity":"","overlay-gradient":""},"mobile":{"background-color":"","background-image":"","background-repeat":"repeat","background-position":"center center","background-size":"auto","background-attachment":"scroll","background-type":"","background-media":"","overlay-type":"","overlay-color":"","overlay-opacity":"","overlay-gradient":""}},"ast-content-background-meta":{"desktop":{"background-color":"var(--ast-global-color-5)","background-image":"","background-repeat":"repeat","background-position":"center center","background-size":"auto","background-attachment":"scroll","background-type":"","background-media":"","overlay-type":"","overlay-color":"","overlay-opacity":"","overlay-gradient":""},"tablet":{"background-color":"var(--ast-global-color-5)","background-image":"","background-repeat":"repeat","background-position":"center center","background-size":"auto","background-attachment":"scroll","background-type":"","background-media":"","overlay-type":"","overlay-color":"","overlay-opacity":"","overlay-gradient":""},"mobile":{"background-color":"var(--ast-global-color-5)","background-image":"","background-repeat":"repeat","background-position":"center center","background-size":"auto","background-attachment":"scroll","background-type":"","background-media":"","overlay-type":"","overlay-color":"","overlay-opacity":"","overlay-gradient":""}}},"product_brand":[],"product_cat":[32],"product_tag":[],"class_list":{"0":"post-1143","1":"product","2":"type-product","3":"status-publish","4":"has-post-thumbnail","6":"product_cat-face","7":"desktop-align-left","8":"tablet-align-left","9":"mobile-align-left","11":"first","12":"instock","13":"sale","14":"taxable","15":"shipping-taxable","16":"purchasable","17":"product-type-easy_product_bundle"},"aioseo_notices":[],"_links":{"self":[{"href":"https:\/\/yucca-bio.com\/fr\/wp-json\/wp\/v2\/product\/1143","targetHints":{"allow":["GET"]}}],"collection":[{"href":"https:\/\/yucca-bio.com\/fr\/wp-json\/wp\/v2\/product"}],"about":[{"href":"https:\/\/yucca-bio.com\/fr\/wp-json\/wp\/v2\/types\/product"}],"replies":[{"embeddable":true,"href":"https:\/\/yucca-bio.com\/fr\/wp-json\/wp\/v2\/comments?post=1143"}],"wp:featuredmedia":[{"embeddable":true,"href":"https:\/\/yucca-bio.com\/fr\/wp-json\/wp\/v2\/media\/1415"}],"wp:attachment":[{"href":"https:\/\/yucca-bio.com\/fr\/wp-json\/wp\/v2\/media?parent=1143"}],"wp:term":[{"taxonomy":"product_brand","embeddable":true,"href":"https:\/\/yucca-bio.com\/fr\/wp-json\/wp\/v2\/product_brand?post=1143"},{"taxonomy":"product_cat","embeddable":true,"href":"https:\/\/yucca-bio.com\/fr\/wp-json\/wp\/v2\/product_cat?post=1143"},{"taxonomy":"product_tag","embeddable":true,"href":"https:\/\/yucca-bio.com\/fr\/wp-json\/wp\/v2\/product_tag?post=1143"}],"curies":[{"name":"wp","href":"https:\/\/api.w.org\/{rel}","templated":true}]}}