{"id":1419,"date":"2025-08-08T15:43:25","date_gmt":"2025-08-08T19:43:25","guid":{"rendered":"https:\/\/yucca-bio.com\/en\/?post_type=product&#038;p=1419"},"modified":"2025-08-08T17:00:26","modified_gmt":"2025-08-08T21:00:26","slug":"zenpulse-100ml-34oz","status":"publish","type":"product","link":"https:\/\/yucca-bio.com\/fr\/boutique\/zenpulse-100ml-34oz\/","title":{"rendered":"ZenPulse 100ml\/3,4oz","raw":"ZenPulse 100ml\/3,4oz"},"content":{"rendered":"<p>Connues pour leurs propri\u00e9t\u00e9s \u00e9nerg\u00e9tiques et \u00e9quilibrantes, les huiles de Basilic( stimule le corps et l&rsquo;esprit) et de Cannelle(stimule les centres nerveux et rechauffe le corps) fusionnent avec les huiles d&rsquo;orange et de citron pour favoriser l&rsquo;harmonie et la paix int\u00e9rieure. C&rsquo;est un indispensable pour se ressourcer.<\/p>\n<p>Cette huile de massage l\u00e9g\u00e8re \u00a0laisse une peau douce, nourrie&#8230;et ne laisse pas votre peau grasse.<\/p>\n<p>Nous recommandons l&rsquo;utilisation sur la voute plantaire, le long de la colonne vert\u00e9brale et au niveau du plexus solaire.<\/p>\n<p><em><strong>Ingredients principaux:<\/strong><\/em><\/p>\n<ul>\n<li>Huile de raisin: antioxydant, riche en vitamine E<\/li>\n<li>Huile d&rsquo;amande:riche en vitamine E, magnesium, nourrit, hydrate&#8230;<\/li>\n<li>Huile de riz: vertus anti-age<\/li>\n<li>Huile d&rsquo;abricot: anti-age, protege la d\u00e9shydratation, rend la peau douce.<\/li>\n<li>Cannelle: aphrodisiaque, positivante, stimule centre nerveux.<\/li>\n<li>Basilic:stimulant pour corps et esprit.<\/li>\n<li>Orange: calme les tensions, favorise la bonne humeur.<\/li>\n<\/ul>\n<p>&nbsp;<\/p>\n","protected":false,"raw":"Connues pour leurs propri\u00e9t\u00e9s \u00e9nerg\u00e9tiques et \u00e9quilibrantes, les huiles de Basilic( stimule le corps et l'esprit) et de Cannelle(stimule les centres nerveux et rechauffe le corps) fusionnent avec les huiles d'orange et de citron pour favoriser l'harmonie et la paix int\u00e9rieure. C'est un indispensable pour se ressourcer.\r\n\r\nCette huile de massage l\u00e9g\u00e8re \u00a0laisse une peau douce, nourrie...et ne laisse pas votre peau grasse.\r\n\r\nNous recommandons l'utilisation sur la voute plantaire, le long de la colonne vert\u00e9brale et au niveau du plexus solaire.\r\n\r\n<em><strong>Ingredients principaux:<\/strong><\/em>\r\n<ul>\r\n \t<li>Huile de raisin: antioxydant, riche en vitamine E<\/li>\r\n \t<li>Huile d'amande:riche en vitamine E, magnesium, nourrit, hydrate...<\/li>\r\n \t<li>Huile de riz: vertus anti-age<\/li>\r\n \t<li>Huile d'abricot: anti-age, protege la d\u00e9shydratation, rend la peau douce.<\/li>\r\n \t<li>Cannelle: aphrodisiaque, positivante, stimule centre nerveux.<\/li>\r\n \t<li>Basilic:stimulant pour corps et esprit.<\/li>\r\n \t<li>Orange: calme les tensions, favorise la bonne humeur.<\/li>\r\n<\/ul>\r\n&nbsp;"},"excerpt":{"rendered":"<p>Huile \u00e9nerg\u00e9tique pour \u00e9quilibrer les chakras.<\/p>\n<p>Cette huile au parfum \u00e9pic\u00e9, boise et fleuri vous permet des massages \u00e9nerg\u00e9tiques et \u00e9quilibrants grace a sa synergie d&rsquo;huiles essentielles.<\/p>\n<p>Appliquer sur les points d&rsquo;\u00e9nergie. Usage externe seulement.<\/p>\n","protected":false,"raw":"Huile \u00e9nerg\u00e9tique pour \u00e9quilibrer les chakras.\r\n\r\nCette huile au parfum \u00e9pic\u00e9, boise et fleuri vous permet des massages \u00e9nerg\u00e9tiques et \u00e9quilibrants grace a sa synergie d'huiles essentielles.\r\n\r\nAppliquer sur les points d'\u00e9nergie. Usage externe seulement."},"featured_media":1420,"comment_status":"open","ping_status":"closed","template":"","meta":{"_editorskit_title_hidden":false,"_editorskit_reading_time":0,"_editorskit_is_block_options_detached":false,"_editorskit_block_options_position":"{}","_monsterinsights_skip_tracking":false,"_monsterinsights_sitenote_active":false,"_monsterinsights_sitenote_note":"","_monsterinsights_sitenote_category":0,"_en_post_content":"Known for their energetic and balancing properties, Basil (stimulates the body and mind) and Cinnamon (stimulates nerve centers and warms the body) oils merge with orange and lemon oils to promote harmony and inner peace. It is essential to recharge your batteries.\r\n\r\nThis light massage oil leaves a soft, nourished skin... and does not leave your skin oily.\r\n\r\nWe recommend use on the arch, along the spine and at the solar plexus.\r\n\r\n<em><strong>Main ingredients:<\/strong><\/em>\r\n<ul>\r\n \t<li>Grape oil: antioxidant, rich in vitamin E<\/li>\r\n \t<li>Almond oil: rich in vitamin E, magnesium, nourishes, moisturizes...<\/li>\r\n \t<li>Rice oil: anti-aging properties<\/li>\r\n \t<li>Apricot oil: anti-aging, protects dehydration, makes the skin soft.<\/li>\r\n \t<li>Cinnamon: aphrodisiac, positive, stimulates the nerve center.<\/li>\r\n \t<li>Basil: stimulating for body and mind.<\/li>\r\n \t<li>Orange: calms tensions, promotes good mood.<\/li>\r\n<\/ul>","_en_post_name":"zen-pulse","_en_post_excerpt":"Energy oil to balance the chakras.\r\n\r\nThis oil with a spicy, woody and floral scent allows you energetic and balancing massages thanks to its synergy of essential oils.\r\n\r\nApply to energy points. External use only.","_en_post_title":"ZenPulse 100ml\/3,4oz","_fr_post_content":"Connues pour leurs propri\u00e9t\u00e9s \u00e9nerg\u00e9tiques et \u00e9quilibrantes, les huiles de Basilic( stimule le corps et l'esprit) et de Cannelle(stimule les centres nerveux et rechauffe le corps) fusionnent avec les huiles d'orange et de citron pour favoriser l'harmonie et la paix int\u00e9rieure. C'est un indispensable pour se ressourcer.\r\n\r\nCette huile de massage l\u00e9g\u00e8re \u00a0laisse une peau douce, nourrie...et ne laisse pas votre peau grasse.\r\n\r\nNous recommandons l'utilisation sur la voute plantaire, le long de la colonne vert\u00e9brale et au niveau du plexus solaire.\r\n\r\n<em><strong>Ingredients principaux:<\/strong><\/em>\r\n<ul>\r\n \t<li>Huile de raisin: antioxydant, riche en vitamine E<\/li>\r\n \t<li>Huile d'amande:riche en vitamine E, magnesium, nourrit, hydrate...<\/li>\r\n \t<li>Huile de riz: vertus anti-age<\/li>\r\n \t<li>Huile d'abricot: anti-age, protege la d\u00e9shydratation, rend la peau douce.<\/li>\r\n \t<li>Cannelle: aphrodisiaque, positivante, stimule centre nerveux.<\/li>\r\n \t<li>Basilic:stimulant pour corps et esprit.<\/li>\r\n \t<li>Orange: calme les tensions, favorise la bonne humeur.<\/li>\r\n<\/ul>\r\n&nbsp;","_fr_post_name":"zenpulse-100ml-34oz","_fr_post_excerpt":"Huile \u00e9nerg\u00e9tique pour \u00e9quilibrer les chakras.\r\n\r\nCette huile au parfum \u00e9pic\u00e9, boise et fleuri vous permet des massages \u00e9nerg\u00e9tiques et \u00e9quilibrants grace a sa synergie d'huiles essentielles.\r\n\r\nAppliquer sur les points d'\u00e9nergie. Usage externe seulement.","_fr_post_title":"ZenPulse 100ml\/3,4oz","edit_language":"fr","site-sidebar-layout":"default","site-content-layout":"","ast-site-content-layout":"default","site-content-style":"default","site-sidebar-style":"default","ast-global-header-display":"","ast-banner-title-visibility":"","ast-main-header-display":"","ast-hfb-above-header-display":"","ast-hfb-below-header-display":"","ast-hfb-mobile-header-display":"","site-post-title":"","ast-breadcrumbs-content":"","ast-featured-img":"","footer-sml-layout":"","ast-disable-related-posts":"","theme-transparent-header-meta":"default","adv-header-id-meta":"","stick-header-meta":"","header-above-stick-meta":"","header-main-stick-meta":"","header-below-stick-meta":"","astra-migrate-meta-layouts":"set","ast-page-background-enabled":"default","ast-page-background-meta":{"desktop":{"background-color":"var(--ast-global-color-4)","background-image":"","background-repeat":"repeat","background-position":"center center","background-size":"auto","background-attachment":"scroll","background-type":"","background-media":"","overlay-type":"","overlay-color":"","overlay-opacity":"","overlay-gradient":""},"tablet":{"background-color":"","background-image":"","background-repeat":"repeat","background-position":"center center","background-size":"auto","background-attachment":"scroll","background-type":"","background-media":"","overlay-type":"","overlay-color":"","overlay-opacity":"","overlay-gradient":""},"mobile":{"background-color":"","background-image":"","background-repeat":"repeat","background-position":"center center","background-size":"auto","background-attachment":"scroll","background-type":"","background-media":"","overlay-type":"","overlay-color":"","overlay-opacity":"","overlay-gradient":""}},"ast-content-background-meta":{"desktop":{"background-color":"var(--ast-global-color-5)","background-image":"","background-repeat":"repeat","background-position":"center center","background-size":"auto","background-attachment":"scroll","background-type":"","background-media":"","overlay-type":"","overlay-color":"","overlay-opacity":"","overlay-gradient":""},"tablet":{"background-color":"var(--ast-global-color-5)","background-image":"","background-repeat":"repeat","background-position":"center center","background-size":"auto","background-attachment":"scroll","background-type":"","background-media":"","overlay-type":"","overlay-color":"","overlay-opacity":"","overlay-gradient":""},"mobile":{"background-color":"var(--ast-global-color-5)","background-image":"","background-repeat":"repeat","background-position":"center center","background-size":"auto","background-attachment":"scroll","background-type":"","background-media":"","overlay-type":"","overlay-color":"","overlay-opacity":"","overlay-gradient":""}}},"product_brand":[],"product_cat":[234],"product_tag":[],"class_list":{"0":"post-1419","1":"product","2":"type-product","3":"status-publish","4":"has-post-thumbnail","6":"product_cat-massage-oil","7":"desktop-align-left","8":"tablet-align-left","9":"mobile-align-left","11":"first","12":"instock","13":"taxable","14":"shipping-taxable","15":"purchasable","16":"product-type-simple"},"aioseo_notices":[],"_links":{"self":[{"href":"https:\/\/yucca-bio.com\/fr\/wp-json\/wp\/v2\/product\/1419","targetHints":{"allow":["GET"]}}],"collection":[{"href":"https:\/\/yucca-bio.com\/fr\/wp-json\/wp\/v2\/product"}],"about":[{"href":"https:\/\/yucca-bio.com\/fr\/wp-json\/wp\/v2\/types\/product"}],"replies":[{"embeddable":true,"href":"https:\/\/yucca-bio.com\/fr\/wp-json\/wp\/v2\/comments?post=1419"}],"wp:featuredmedia":[{"embeddable":true,"href":"https:\/\/yucca-bio.com\/fr\/wp-json\/wp\/v2\/media\/1420"}],"wp:attachment":[{"href":"https:\/\/yucca-bio.com\/fr\/wp-json\/wp\/v2\/media?parent=1419"}],"wp:term":[{"taxonomy":"product_brand","embeddable":true,"href":"https:\/\/yucca-bio.com\/fr\/wp-json\/wp\/v2\/product_brand?post=1419"},{"taxonomy":"product_cat","embeddable":true,"href":"https:\/\/yucca-bio.com\/fr\/wp-json\/wp\/v2\/product_cat?post=1419"},{"taxonomy":"product_tag","embeddable":true,"href":"https:\/\/yucca-bio.com\/fr\/wp-json\/wp\/v2\/product_tag?post=1419"}],"curies":[{"name":"wp","href":"https:\/\/api.w.org\/{rel}","templated":true}]}}