{"id":1428,"date":"2025-08-08T16:27:09","date_gmt":"2025-08-08T20:27:09","guid":{"rendered":"https:\/\/yucca-bio.com\/en\/?post_type=product&#038;p=1428"},"modified":"2025-08-29T13:05:51","modified_gmt":"2025-08-29T17:05:51","slug":"zenelixir","status":"publish","type":"product","link":"https:\/\/yucca-bio.com\/fr\/boutique\/zenelixir\/","title":{"rendered":"","raw":""},"content":{"rendered":"<p>Cette huile allie l&rsquo;apaisement grace a ses huiles essentielles comme le Neroli, l&rsquo;Orange et la douceur grace a la vanille.<\/p>\n<p>Profitez d&rsquo;un massage apaisant relaxant. La concentration de certaines huiles essentielles pour permettra de vous preparer au sommeil \u00a0favorisera le repos et chassera stress et tensions.<\/p>\n<p>Elle peut s&rsquo;appliquer sur l&rsquo;ensemble du corps en insistant sur la voute plantaire et la colonne vert\u00e9brale.<\/p>\n<p>Ingredients principaux:<\/p>\n<p>Huile de raisin: anti-oxydant, riche en vitamine E.<\/p>\n<p>Huile d&rsquo;amande: nourrit, hydrate&#8230;<\/p>\n<p>Huile de riz: vertus anti-age.<\/p>\n<p>Huile de petit grain: calmant et relaxant. soulage le stress.<\/p>\n<p>Huile de Neroli: soulage l&rsquo;anxi\u00e9t\u00e9, la depression et le stress.<\/p>\n<p>Huile d&rsquo;agrumes:calmant et r\u00e9\u00e9quilibrant.<\/p>\n","protected":false,"raw":"Cette huile allie l'apaisement grace a ses huiles essentielles comme le Neroli, l'Orange et la douceur grace a la vanille.\r\n\r\nProfitez d'un massage apaisant relaxant. La concentration de certaines huiles essentielles pour permettra de vous preparer au sommeil \u00a0favorisera le repos et chassera stress et tensions.\r\n\r\nElle peut s'appliquer sur l'ensemble du corps en insistant sur la voute plantaire et la colonne vert\u00e9brale.\r\n\r\nIngredients principaux:\r\n\r\nHuile de raisin: anti-oxydant, riche en vitamine E.\r\n\r\nHuile d'amande: nourrit, hydrate...\r\n\r\nHuile de riz: vertus anti-age.\r\n\r\nHuile de petit grain: calmant et relaxant. soulage le stress.\r\n\r\nHuile de Neroli: soulage l'anxi\u00e9t\u00e9, la depression et le stress.\r\n\r\nHuile d'agrumes:calmant et r\u00e9\u00e9quilibrant."},"excerpt":{"rendered":"<p>Cette huile de massage est recommand\u00e9e pour: <em><strong>Repos, Sommeil, Stress et Tension.<\/strong><\/em><\/p>\n<p>Cette huile va transformer chaque moment en une experience unique et pr\u00e9cieuse.<\/p>\n<p>&nbsp;<\/p>\n","protected":false,"raw":"Cette huile de massage est recommand\u00e9e pour: <em><strong>Repos, Sommeil, Stress et Tension.<\/strong><\/em>\r\n\r\nCette huile va transformer chaque moment en une experience unique et pr\u00e9cieuse.\r\n\r\n&nbsp;"},"featured_media":1670,"comment_status":"open","ping_status":"closed","template":"","meta":{"_editorskit_title_hidden":false,"_editorskit_reading_time":0,"_editorskit_is_block_options_detached":false,"_editorskit_block_options_position":"{}","_monsterinsights_skip_tracking":false,"_monsterinsights_sitenote_active":false,"_monsterinsights_sitenote_note":"","_monsterinsights_sitenote_category":0,"_en_post_content":"This oil combines soothing thanks to its essential oils such as Neroli, Orange and sweetness thanks to vanilla.\r\n\r\nEnjoy a relaxing soothing massage. The concentration of certain essential oils will allow you to prepare for sleep will promote rest and drive away stress and tension.\r\n\r\nIt can be applied to the entire body with emphasis on the arch and spine.\r\n\r\nMain ingredients:\r\n\r\nGrape oil: antioxidant, rich in vitamin E.\r\n\r\nAlmond oil: nourishes, moisturizes...\r\n\r\nRice oil: anti-aging properties.\r\n\r\nPetit grain oil: calming and relaxing. relieves stress.\r\n\r\nNeroli oil: relieves anxiety, depression and stress.\r\n\r\nCitrus oil: calming and rebalancing.","_en_post_name":"zenelixir","_en_post_excerpt":"This massage oil is recommended for: Rest, Sleep, Stress and Tension.\r\n\r\nThis oil will transform every moment into a unique and precious sensory experience.","_en_post_title":"ZenElixir 100ml\/3,4oz","_fr_post_content":"Cette huile allie l'apaisement grace a ses huiles essentielles comme le Neroli, l'Orange et la douceur grace a la vanille.\r\n\r\nProfitez d'un massage apaisant relaxant. La concentration de certaines huiles essentielles pour permettra de vous preparer au sommeil \u00a0favorisera le repos et chassera stress et tensions.\r\n\r\nElle peut s'appliquer sur l'ensemble du corps en insistant sur la voute plantaire et la colonne vert\u00e9brale.\r\n\r\nIngredients principaux:\r\n\r\nHuile de raisin: anti-oxydant, riche en vitamine E.\r\n\r\nHuile d'amande: nourrit, hydrate...\r\n\r\nHuile de riz: vertus anti-age.\r\n\r\nHuile de petit grain: calmant et relaxant. soulage le stress.\r\n\r\nHuile de Neroli: soulage l'anxi\u00e9t\u00e9, la depression et le stress.\r\n\r\nHuile d'agrumes:calmant et r\u00e9\u00e9quilibrant.","_fr_post_name":"zenelixir","_fr_post_excerpt":"Cette huile de massage est recommand\u00e9e pour: <em><strong>Repos, Sommeil, Stress et Tension.<\/strong><\/em>\r\n\r\nCette huile va transformer chaque moment en une experience unique et pr\u00e9cieuse.\r\n\r\n&nbsp;","_fr_post_title":"","edit_language":"fr","site-sidebar-layout":"default","site-content-layout":"","ast-site-content-layout":"default","site-content-style":"default","site-sidebar-style":"default","ast-global-header-display":"","ast-banner-title-visibility":"","ast-main-header-display":"","ast-hfb-above-header-display":"","ast-hfb-below-header-display":"","ast-hfb-mobile-header-display":"","site-post-title":"","ast-breadcrumbs-content":"","ast-featured-img":"","footer-sml-layout":"","ast-disable-related-posts":"","theme-transparent-header-meta":"default","adv-header-id-meta":"","stick-header-meta":"","header-above-stick-meta":"","header-main-stick-meta":"","header-below-stick-meta":"","astra-migrate-meta-layouts":"set","ast-page-background-enabled":"default","ast-page-background-meta":{"desktop":{"background-color":"var(--ast-global-color-4)","background-image":"","background-repeat":"repeat","background-position":"center center","background-size":"auto","background-attachment":"scroll","background-type":"","background-media":"","overlay-type":"","overlay-color":"","overlay-opacity":"","overlay-gradient":""},"tablet":{"background-color":"","background-image":"","background-repeat":"repeat","background-position":"center center","background-size":"auto","background-attachment":"scroll","background-type":"","background-media":"","overlay-type":"","overlay-color":"","overlay-opacity":"","overlay-gradient":""},"mobile":{"background-color":"","background-image":"","background-repeat":"repeat","background-position":"center center","background-size":"auto","background-attachment":"scroll","background-type":"","background-media":"","overlay-type":"","overlay-color":"","overlay-opacity":"","overlay-gradient":""}},"ast-content-background-meta":{"desktop":{"background-color":"var(--ast-global-color-5)","background-image":"","background-repeat":"repeat","background-position":"center center","background-size":"auto","background-attachment":"scroll","background-type":"","background-media":"","overlay-type":"","overlay-color":"","overlay-opacity":"","overlay-gradient":""},"tablet":{"background-color":"var(--ast-global-color-5)","background-image":"","background-repeat":"repeat","background-position":"center center","background-size":"auto","background-attachment":"scroll","background-type":"","background-media":"","overlay-type":"","overlay-color":"","overlay-opacity":"","overlay-gradient":""},"mobile":{"background-color":"var(--ast-global-color-5)","background-image":"","background-repeat":"repeat","background-position":"center center","background-size":"auto","background-attachment":"scroll","background-type":"","background-media":"","overlay-type":"","overlay-color":"","overlay-opacity":"","overlay-gradient":""}}},"product_brand":[],"product_cat":[234],"product_tag":[],"class_list":{"0":"post-1428","1":"product","2":"type-product","3":"status-publish","4":"has-post-thumbnail","6":"product_cat-massage-oil","7":"desktop-align-left","8":"tablet-align-left","9":"mobile-align-left","11":"first","12":"instock","13":"taxable","14":"shipping-taxable","15":"purchasable","16":"product-type-simple"},"aioseo_notices":[],"_links":{"self":[{"href":"https:\/\/yucca-bio.com\/fr\/wp-json\/wp\/v2\/product\/1428","targetHints":{"allow":["GET"]}}],"collection":[{"href":"https:\/\/yucca-bio.com\/fr\/wp-json\/wp\/v2\/product"}],"about":[{"href":"https:\/\/yucca-bio.com\/fr\/wp-json\/wp\/v2\/types\/product"}],"replies":[{"embeddable":true,"href":"https:\/\/yucca-bio.com\/fr\/wp-json\/wp\/v2\/comments?post=1428"}],"wp:featuredmedia":[{"embeddable":true,"href":"https:\/\/yucca-bio.com\/fr\/wp-json\/wp\/v2\/media\/1670"}],"wp:attachment":[{"href":"https:\/\/yucca-bio.com\/fr\/wp-json\/wp\/v2\/media?parent=1428"}],"wp:term":[{"taxonomy":"product_brand","embeddable":true,"href":"https:\/\/yucca-bio.com\/fr\/wp-json\/wp\/v2\/product_brand?post=1428"},{"taxonomy":"product_cat","embeddable":true,"href":"https:\/\/yucca-bio.com\/fr\/wp-json\/wp\/v2\/product_cat?post=1428"},{"taxonomy":"product_tag","embeddable":true,"href":"https:\/\/yucca-bio.com\/fr\/wp-json\/wp\/v2\/product_tag?post=1428"}],"curies":[{"name":"wp","href":"https:\/\/api.w.org\/{rel}","templated":true}]}}