{"id":230,"date":"2024-01-14T13:55:01","date_gmt":"2024-01-14T18:55:01","guid":{"rendered":"https:\/\/yucca-bio.com\/en\/?post_type=product&#038;p=230"},"modified":"2024-12-02T19:16:11","modified_gmt":"2024-12-03T00:16:11","slug":"aloha-revitalisant-coco","status":"publish","type":"product","link":"https:\/\/yucca-bio.com\/fr\/boutique\/aloha-revitalisant-coco\/","title":{"rendered":"Aloha - Revitalisant \u00e0 la Noix de Coco - 200 ml \/ 6.8 oz","raw":"Aloha - Revitalisant \u00e0 la Noix de Coco - 200 ml \/ 6.8 oz"},"content":{"rendered":"<p>Aloha, notre revitalisant hydratant \u00e0 la noix de coco est formul\u00e9 avec des ingr\u00e9dients naturels pour nourrir et hydrater vos cheveux. L\u2019huile de noix de coco aide \u00e0 hydrater les m\u00e8ches assoiff\u00e9es, tandis que les prot\u00e9ines essentielles revitalisent les cheveux endommag\u00e9s. Ce revitalisant est parfait pour ceux qui cherchent \u00e0 prendre soin de leurs cheveux avec les bienfaits de la nature. Essayez-le d\u00e8s aujourd\u2019hui et profitez de cheveux doux et brillants!<\/p>\n<div class=\"flex flex-grow flex-col max-w-full\">\n<div class=\"min-h-[20px] text-message flex flex-col items-start gap-3 whitespace-pre-wrap break-words [.text-message+&amp;]:mt-5 overflow-x-auto\" data-message-author-role=\"assistant\" data-message-id=\"b72037b5-0b4b-4e3c-9a94-4ace9075377f\">\n<div class=\"markdown prose w-full break-words dark:prose-invert dark\">\n<p>D\u00e9couvrez notre revitalisant \u00e0 la Noix de Coco &#8211; L&rsquo;\u00c9lixir Naturel pour une Chevelure Somptueuse !<\/p>\n<p>? <strong>Pure F\u00e9licit\u00e9 Coco<\/strong> : Notre Apr\u00e8s-Shampoing \u00e0 la Noix de Coco biologique apporte la magie tropicale \u00e0 votre routine capillaire, offrant un extrait de noix de coco pur et nourrissant pour une chevelure rayonnante.<\/p>\n<p>? <strong>Hydratation Nourrissante<\/strong> : Hydratez en profondeur et revitalisez vos cheveux de la racine \u00e0 la pointe. Dites adieu \u00e0 la s\u00e9cheresse et bonjour \u00e0 des cheveux irr\u00e9sistiblement doux et faciles \u00e0 coiffer.<\/p>\n<p>? <strong>R\u00e9sultats Soyeux<\/strong> : D\u00e9m\u00ealez sans effort et r\u00e9duisez la casse. Obtenez des cheveux doux et lisses dont vous r\u00eavez \u00e0 chaque utilisation.<\/p>\n<p>\u2728 <strong>\u00c9vasion Tropicale<\/strong> : Immergez-vous dans le parfum exotique des noix de coco fra\u00eeches, transformant votre routine capillaire en une escapade pleine de bien-\u00eatre.<\/p>\n<p>Rehaussez votre beaut\u00e9 avec l&rsquo;essence de la noix de coco. Offrez \u00e0 vos cheveux le luxe qu&rsquo;ils m\u00e9ritent &#8211; naturellement.<\/p>\n<\/div>\n<\/div>\n<\/div>\n","protected":false,"raw":"Aloha, notre revitalisant hydratant \u00e0 la noix de coco est formul\u00e9 avec des ingr\u00e9dients naturels pour nourrir et hydrater vos cheveux. L\u2019huile de noix de coco aide \u00e0 hydrater les m\u00e8ches assoiff\u00e9es, tandis que les prot\u00e9ines essentielles revitalisent les cheveux endommag\u00e9s. Ce revitalisant est parfait pour ceux qui cherchent \u00e0 prendre soin de leurs cheveux avec les bienfaits de la nature. Essayez-le d\u00e8s aujourd\u2019hui et profitez de cheveux doux et brillants!\r\n<div class=\"flex flex-grow flex-col max-w-full\">\r\n<div class=\"min-h-[20px] text-message flex flex-col items-start gap-3 whitespace-pre-wrap break-words [.text-message+&amp;]:mt-5 overflow-x-auto\" data-message-author-role=\"assistant\" data-message-id=\"b72037b5-0b4b-4e3c-9a94-4ace9075377f\">\r\n<div class=\"markdown prose w-full break-words dark:prose-invert dark\">\r\n\r\nD\u00e9couvrez notre revitalisant \u00e0 la Noix de Coco - L'\u00c9lixir Naturel pour une Chevelure Somptueuse !\r\n\r\n? <strong>Pure F\u00e9licit\u00e9 Coco<\/strong> : Notre Apr\u00e8s-Shampoing \u00e0 la Noix de Coco biologique apporte la magie tropicale \u00e0 votre routine capillaire, offrant un extrait de noix de coco pur et nourrissant pour une chevelure rayonnante.\r\n\r\n? <strong>Hydratation Nourrissante<\/strong> : Hydratez en profondeur et revitalisez vos cheveux de la racine \u00e0 la pointe. Dites adieu \u00e0 la s\u00e9cheresse et bonjour \u00e0 des cheveux irr\u00e9sistiblement doux et faciles \u00e0 coiffer.\r\n\r\n? <strong>R\u00e9sultats Soyeux<\/strong> : D\u00e9m\u00ealez sans effort et r\u00e9duisez la casse. Obtenez des cheveux doux et lisses dont vous r\u00eavez \u00e0 chaque utilisation.\r\n\r\n\u2728 <strong>\u00c9vasion Tropicale<\/strong> : Immergez-vous dans le parfum exotique des noix de coco fra\u00eeches, transformant votre routine capillaire en une escapade pleine de bien-\u00eatre.\r\n\r\nRehaussez votre beaut\u00e9 avec l'essence de la noix de coco. Offrez \u00e0 vos cheveux le luxe qu'ils m\u00e9ritent - naturellement.\r\n\r\n<\/div>\r\n<\/div>\r\n<\/div>"},"excerpt":{"rendered":"<p>Transformez vos cheveux avec notre masque nourrissant \u00e0 la Noix de Coco &#8211; Nourrisant, Hydratant, Brillant !<\/p>\n<p>Pour cheveux secs et abimes avec de l&rsquo;huile de noix de coco et de l&rsquo;huile d&rsquo;avocat.<\/p>\n","protected":false,"raw":"Transformez vos cheveux avec notre masque nourrissant \u00e0 la Noix de Coco - Nourrisant, Hydratant, Brillant !\r\n\r\nPour cheveux secs et abimes avec de l'huile de noix de coco et de l'huile d'avocat."},"featured_media":363,"comment_status":"open","ping_status":"closed","template":"","meta":{"_editorskit_title_hidden":false,"_editorskit_reading_time":0,"_editorskit_is_block_options_detached":false,"_editorskit_block_options_position":"{}","_monsterinsights_skip_tracking":false,"_monsterinsights_sitenote_active":false,"_monsterinsights_sitenote_note":"","_monsterinsights_sitenote_category":0,"_en_post_content":"Our hydrating coconut conditioner is formulated with natural ingredients to nourish and moisturize your hair. Coconut oil helps to hydrate thirsty strands, while essential proteins revitalize damaged hair. This conditioner is perfect for those who want to take care of their hair with the benefits of nature. Try it today and enjoy soft and shiny hair!","_en_post_name":"aloha-coconut-conditioner","_en_post_excerpt":"Transform your tresses with our Coconut Bliss Conditioner \u2013 Nourish, Hydrate, Shine!","_en_post_title":"Aloha - Coconut Conditioner - 200 ml \/ 6.8 oz","_fr_post_content":"Aloha, notre revitalisant hydratant \u00e0 la noix de coco est formul\u00e9 avec des ingr\u00e9dients naturels pour nourrir et hydrater vos cheveux. L\u2019huile de noix de coco aide \u00e0 hydrater les m\u00e8ches assoiff\u00e9es, tandis que les prot\u00e9ines essentielles revitalisent les cheveux endommag\u00e9s. Ce revitalisant est parfait pour ceux qui cherchent \u00e0 prendre soin de leurs cheveux avec les bienfaits de la nature. Essayez-le d\u00e8s aujourd\u2019hui et profitez de cheveux doux et brillants!\r\n<div class=\"flex flex-grow flex-col max-w-full\">\r\n<div class=\"min-h-[20px] text-message flex flex-col items-start gap-3 whitespace-pre-wrap break-words [.text-message+&amp;]:mt-5 overflow-x-auto\" data-message-author-role=\"assistant\" data-message-id=\"b72037b5-0b4b-4e3c-9a94-4ace9075377f\">\r\n<div class=\"markdown prose w-full break-words dark:prose-invert dark\">\r\n\r\nD\u00e9couvrez notre revitalisant \u00e0 la Noix de Coco - L'\u00c9lixir Naturel pour une Chevelure Somptueuse !\r\n\r\n? <strong>Pure F\u00e9licit\u00e9 Coco<\/strong> : Notre Apr\u00e8s-Shampoing \u00e0 la Noix de Coco biologique apporte la magie tropicale \u00e0 votre routine capillaire, offrant un extrait de noix de coco pur et nourrissant pour une chevelure rayonnante.\r\n\r\n? <strong>Hydratation Nourrissante<\/strong> : Hydratez en profondeur et revitalisez vos cheveux de la racine \u00e0 la pointe. Dites adieu \u00e0 la s\u00e9cheresse et bonjour \u00e0 des cheveux irr\u00e9sistiblement doux et faciles \u00e0 coiffer.\r\n\r\n? <strong>R\u00e9sultats Soyeux<\/strong> : D\u00e9m\u00ealez sans effort et r\u00e9duisez la casse. Obtenez des cheveux doux et lisses dont vous r\u00eavez \u00e0 chaque utilisation.\r\n\r\n\u2728 <strong>\u00c9vasion Tropicale<\/strong> : Immergez-vous dans le parfum exotique des noix de coco fra\u00eeches, transformant votre routine capillaire en une escapade pleine de bien-\u00eatre.\r\n\r\nRehaussez votre beaut\u00e9 avec l'essence de la noix de coco. Offrez \u00e0 vos cheveux le luxe qu'ils m\u00e9ritent - naturellement.\r\n\r\n<\/div>\r\n<\/div>\r\n<\/div>","_fr_post_name":"aloha-revitalisant-coco","_fr_post_excerpt":"Transformez vos cheveux avec notre masque nourrissant \u00e0 la Noix de Coco - Nourrisant, Hydratant, Brillant !\r\n\r\nPour cheveux secs et abimes avec de l'huile de noix de coco et de l'huile d'avocat.","_fr_post_title":"Aloha - Revitalisant \u00e0 la Noix de Coco - 200 ml \/ 6.8 oz","edit_language":"fr","site-sidebar-layout":"default","site-content-layout":"","ast-site-content-layout":"default","site-content-style":"default","site-sidebar-style":"default","ast-global-header-display":"","ast-banner-title-visibility":"","ast-main-header-display":"","ast-hfb-above-header-display":"","ast-hfb-below-header-display":"","ast-hfb-mobile-header-display":"","site-post-title":"","ast-breadcrumbs-content":"","ast-featured-img":"","footer-sml-layout":"","ast-disable-related-posts":"","theme-transparent-header-meta":"default","adv-header-id-meta":"","stick-header-meta":"","header-above-stick-meta":"","header-main-stick-meta":"","header-below-stick-meta":"","astra-migrate-meta-layouts":"set","ast-page-background-enabled":"default","ast-page-background-meta":{"desktop":{"background-color":"var(--ast-global-color-4)","background-image":"","background-repeat":"repeat","background-position":"center center","background-size":"auto","background-attachment":"scroll","background-type":"","background-media":"","overlay-type":"","overlay-color":"","overlay-opacity":"","overlay-gradient":""},"tablet":{"background-color":"","background-image":"","background-repeat":"repeat","background-position":"center center","background-size":"auto","background-attachment":"scroll","background-type":"","background-media":"","overlay-type":"","overlay-color":"","overlay-opacity":"","overlay-gradient":""},"mobile":{"background-color":"","background-image":"","background-repeat":"repeat","background-position":"center center","background-size":"auto","background-attachment":"scroll","background-type":"","background-media":"","overlay-type":"","overlay-color":"","overlay-opacity":"","overlay-gradient":""}},"ast-content-background-meta":{"desktop":{"background-color":"var(--ast-global-color-5)","background-image":"","background-repeat":"repeat","background-position":"center center","background-size":"auto","background-attachment":"scroll","background-type":"","background-media":"","overlay-type":"","overlay-color":"","overlay-opacity":"","overlay-gradient":""},"tablet":{"background-color":"var(--ast-global-color-5)","background-image":"","background-repeat":"repeat","background-position":"center center","background-size":"auto","background-attachment":"scroll","background-type":"","background-media":"","overlay-type":"","overlay-color":"","overlay-opacity":"","overlay-gradient":""},"mobile":{"background-color":"var(--ast-global-color-5)","background-image":"","background-repeat":"repeat","background-position":"center center","background-size":"auto","background-attachment":"scroll","background-type":"","background-media":"","overlay-type":"","overlay-color":"","overlay-opacity":"","overlay-gradient":""}}},"product_brand":[],"product_cat":[31],"product_tag":[29],"class_list":{"0":"post-230","1":"product","2":"type-product","3":"status-publish","4":"has-post-thumbnail","6":"product_cat-hair-mask","7":"product_tag-coconut","8":"desktop-align-left","9":"tablet-align-left","10":"mobile-align-left","12":"first","13":"instock","14":"taxable","15":"shipping-taxable","16":"purchasable","17":"product-type-simple"},"aioseo_notices":[],"_links":{"self":[{"href":"https:\/\/yucca-bio.com\/fr\/wp-json\/wp\/v2\/product\/230","targetHints":{"allow":["GET"]}}],"collection":[{"href":"https:\/\/yucca-bio.com\/fr\/wp-json\/wp\/v2\/product"}],"about":[{"href":"https:\/\/yucca-bio.com\/fr\/wp-json\/wp\/v2\/types\/product"}],"replies":[{"embeddable":true,"href":"https:\/\/yucca-bio.com\/fr\/wp-json\/wp\/v2\/comments?post=230"}],"wp:featuredmedia":[{"embeddable":true,"href":"https:\/\/yucca-bio.com\/fr\/wp-json\/wp\/v2\/media\/363"}],"wp:attachment":[{"href":"https:\/\/yucca-bio.com\/fr\/wp-json\/wp\/v2\/media?parent=230"}],"wp:term":[{"taxonomy":"product_brand","embeddable":true,"href":"https:\/\/yucca-bio.com\/fr\/wp-json\/wp\/v2\/product_brand?post=230"},{"taxonomy":"product_cat","embeddable":true,"href":"https:\/\/yucca-bio.com\/fr\/wp-json\/wp\/v2\/product_cat?post=230"},{"taxonomy":"product_tag","embeddable":true,"href":"https:\/\/yucca-bio.com\/fr\/wp-json\/wp\/v2\/product_tag?post=230"}],"curies":[{"name":"wp","href":"https:\/\/api.w.org\/{rel}","templated":true}]}}