{"id":301,"date":"2024-01-24T19:31:07","date_gmt":"2024-01-25T00:31:07","guid":{"rendered":"https:\/\/yucca-bio.com\/en\/?post_type=product&#038;p=301"},"modified":"2024-08-21T18:46:28","modified_gmt":"2024-08-21T22:46:28","slug":"coco-crush","status":"publish","type":"product","link":"https:\/\/yucca-bio.com\/fr\/boutique\/coco-crush\/","title":{"rendered":"Coco Crush - Ensemble Noix de Coco","raw":"Coco Crush - Ensemble Noix de Coco"},"content":{"rendered":"<p>Ensemble de produits cosm\u00e9tiques \u00e0 la noix de coco<\/p>\n","protected":false,"raw":"Ensemble de produits cosm\u00e9tiques \u00e0 la noix de coco"},"excerpt":{"rendered":"<p>Ensemble de produits cosm\u00e9tiques \u00e0 la noix de coco:<\/p>\n<ul>\n<li><a title=\"Paia \u2013 Yucca \/ Coconut Day cream \u2013 50 ml \/ 1.7 oz\" href=\"https:\/\/yucca-bio.com\/fr\/boutique\/paia-creme-jour-yucca-coco\/\">Paia<\/a> (Cr\u00e8me de jour Yucca\/Coco) &#8211; 50ml<\/li>\n<li><a title=\"Wanaka \u2013 Coconut \/ Aloe Vera Day Cream \u2013 50 ml \/ 1.7 oz\" href=\"https:\/\/yucca-bio.com\/fr\/boutique\/wanaka-creme-jour-coco-aloe\/\">Wanaka<\/a> (Cr\u00e8me de jour Coco\/Aloe Vera) &#8211; 50ml<\/li>\n<li><a title=\"Aloha \u2013 Coconut Conditioner \u2013 200 ml \/ 6.8 oz\" href=\"https:\/\/yucca-bio.com\/fr\/boutique\/aloha-revitalisant-coco\/\">Aloha<\/a> (Revitalisant cheveux) &#8211; 200ml<\/li>\n<\/ul>\n","protected":false,"raw":"Ensemble de produits cosm\u00e9tiques \u00e0 la noix de coco:\r\n<ul>\r\n \t<li><a title=\"Paia \u2013 Yucca \/ Coconut Day cream \u2013 50 ml \/ 1.7 oz\" href=\"https:\/\/yucca-bio.com\/fr\/boutique\/paia-creme-jour-yucca-coco\/\">Paia<\/a> (Cr\u00e8me de jour Yucca\/Coco) - 50ml<\/li>\r\n \t<li><a title=\"Wanaka \u2013 Coconut \/ Aloe Vera Day Cream \u2013 50 ml \/ 1.7 oz\" href=\"https:\/\/yucca-bio.com\/fr\/boutique\/wanaka-creme-jour-coco-aloe\/\">Wanaka<\/a> (Cr\u00e8me de jour Coco\/Aloe Vera) - 50ml<\/li>\r\n \t<li><a title=\"Aloha \u2013 Coconut Conditioner \u2013 200 ml \/ 6.8 oz\" href=\"https:\/\/yucca-bio.com\/fr\/boutique\/aloha-revitalisant-coco\/\">Aloha<\/a> (Revitalisant cheveux) - 200ml<\/li>\r\n<\/ul>"},"featured_media":487,"comment_status":"open","ping_status":"closed","template":"","meta":{"_editorskit_title_hidden":false,"_editorskit_reading_time":0,"_editorskit_is_block_options_detached":false,"_editorskit_block_options_position":"{}","_monsterinsights_skip_tracking":false,"_monsterinsights_sitenote_active":false,"_monsterinsights_sitenote_note":"","_monsterinsights_sitenote_category":0,"_en_post_content":"Coconut Cosmetic Set.","_en_post_name":"coco-crush","_en_post_excerpt":"<span class=\"HwtZe\" lang=\"en\"><span class=\"jCAhz ChMk0b\"><span class=\"ryNqvb\">This Coconut cosmetics set contains:<\/span><\/span><\/span>\r\n<ul>\r\n \t<li><a href=\"https:\/\/yucca-bio.com\/en\/shop\/paia-yucca-coconut-day-cream\/\">Paia<\/a> (Day cream Yucca\/Coco) - 50ml<\/li>\r\n \t<li><a href=\"https:\/\/yucca-bio.com\/en\/shop\/coconut-aloe-day-cream\/\">Wanaka<\/a> (Day cream Coco\/Aloe Vera) - 50ml<\/li>\r\n \t<li><a href=\"https:\/\/yucca-bio.com\/en\/shop\/aloha-coconut-conditioner\/\">Aloha<\/a> (Conditioner) - 200ml<\/li>\r\n<\/ul>","_en_post_title":"Coco Crush - Coconut Cosmetic Set","_fr_post_content":"Ensemble de produits cosm\u00e9tiques \u00e0 la noix de coco","_fr_post_name":"coco-crush","_fr_post_excerpt":"Ensemble de produits cosm\u00e9tiques \u00e0 la noix de coco:\r\n<ul>\r\n \t<li><a title=\"Paia \u2013 Yucca \/ Coconut Day cream \u2013 50 ml \/ 1.7 oz\" href=\"https:\/\/yucca-bio.com\/fr\/boutique\/paia-creme-jour-yucca-coco\/\">Paia<\/a> (Cr\u00e8me de jour Yucca\/Coco) - 50ml<\/li>\r\n \t<li><a title=\"Wanaka \u2013 Coconut \/ Aloe Vera Day Cream \u2013 50 ml \/ 1.7 oz\" href=\"https:\/\/yucca-bio.com\/fr\/boutique\/wanaka-creme-jour-coco-aloe\/\">Wanaka<\/a> (Cr\u00e8me de jour Coco\/Aloe Vera) - 50ml<\/li>\r\n \t<li><a title=\"Aloha \u2013 Coconut Conditioner \u2013 200 ml \/ 6.8 oz\" href=\"https:\/\/yucca-bio.com\/fr\/boutique\/aloha-revitalisant-coco\/\">Aloha<\/a> (Revitalisant cheveux) - 200ml<\/li>\r\n<\/ul>","_fr_post_title":"Coco Crush - Ensemble Noix de Coco","edit_language":"fr","site-sidebar-layout":"default","site-content-layout":"","ast-site-content-layout":"default","site-content-style":"default","site-sidebar-style":"default","ast-global-header-display":"","ast-banner-title-visibility":"","ast-main-header-display":"","ast-hfb-above-header-display":"","ast-hfb-below-header-display":"","ast-hfb-mobile-header-display":"","site-post-title":"","ast-breadcrumbs-content":"","ast-featured-img":"","footer-sml-layout":"","ast-disable-related-posts":"","theme-transparent-header-meta":"default","adv-header-id-meta":"","stick-header-meta":"","header-above-stick-meta":"","header-main-stick-meta":"","header-below-stick-meta":"","astra-migrate-meta-layouts":"set","ast-page-background-enabled":"default","ast-page-background-meta":{"desktop":{"background-color":"var(--ast-global-color-4)","background-image":"","background-repeat":"repeat","background-position":"center center","background-size":"auto","background-attachment":"scroll","background-type":"","background-media":"","overlay-type":"","overlay-color":"","overlay-opacity":"","overlay-gradient":""},"tablet":{"background-color":"","background-image":"","background-repeat":"repeat","background-position":"center center","background-size":"auto","background-attachment":"scroll","background-type":"","background-media":"","overlay-type":"","overlay-color":"","overlay-opacity":"","overlay-gradient":""},"mobile":{"background-color":"","background-image":"","background-repeat":"repeat","background-position":"center center","background-size":"auto","background-attachment":"scroll","background-type":"","background-media":"","overlay-type":"","overlay-color":"","overlay-opacity":"","overlay-gradient":""}},"ast-content-background-meta":{"desktop":{"background-color":"var(--ast-global-color-5)","background-image":"","background-repeat":"repeat","background-position":"center center","background-size":"auto","background-attachment":"scroll","background-type":"","background-media":"","overlay-type":"","overlay-color":"","overlay-opacity":"","overlay-gradient":""},"tablet":{"background-color":"var(--ast-global-color-5)","background-image":"","background-repeat":"repeat","background-position":"center center","background-size":"auto","background-attachment":"scroll","background-type":"","background-media":"","overlay-type":"","overlay-color":"","overlay-opacity":"","overlay-gradient":""},"mobile":{"background-color":"var(--ast-global-color-5)","background-image":"","background-repeat":"repeat","background-position":"center center","background-size":"auto","background-attachment":"scroll","background-type":"","background-media":"","overlay-type":"","overlay-color":"","overlay-opacity":"","overlay-gradient":""}}},"product_brand":[],"product_cat":[41],"product_tag":[],"class_list":{"0":"post-301","1":"product","2":"type-product","3":"status-publish","4":"has-post-thumbnail","6":"product_cat-gifts","7":"desktop-align-left","8":"tablet-align-left","9":"mobile-align-left","11":"first","12":"instock","13":"taxable","14":"shipping-taxable","15":"purchasable","16":"product-type-simple"},"aioseo_notices":[],"_links":{"self":[{"href":"https:\/\/yucca-bio.com\/fr\/wp-json\/wp\/v2\/product\/301","targetHints":{"allow":["GET"]}}],"collection":[{"href":"https:\/\/yucca-bio.com\/fr\/wp-json\/wp\/v2\/product"}],"about":[{"href":"https:\/\/yucca-bio.com\/fr\/wp-json\/wp\/v2\/types\/product"}],"replies":[{"embeddable":true,"href":"https:\/\/yucca-bio.com\/fr\/wp-json\/wp\/v2\/comments?post=301"}],"wp:featuredmedia":[{"embeddable":true,"href":"https:\/\/yucca-bio.com\/fr\/wp-json\/wp\/v2\/media\/487"}],"wp:attachment":[{"href":"https:\/\/yucca-bio.com\/fr\/wp-json\/wp\/v2\/media?parent=301"}],"wp:term":[{"taxonomy":"product_brand","embeddable":true,"href":"https:\/\/yucca-bio.com\/fr\/wp-json\/wp\/v2\/product_brand?post=301"},{"taxonomy":"product_cat","embeddable":true,"href":"https:\/\/yucca-bio.com\/fr\/wp-json\/wp\/v2\/product_cat?post=301"},{"taxonomy":"product_tag","embeddable":true,"href":"https:\/\/yucca-bio.com\/fr\/wp-json\/wp\/v2\/product_tag?post=301"}],"curies":[{"name":"wp","href":"https:\/\/api.w.org\/{rel}","templated":true}]}}