{"id":492,"date":"2024-04-07T13:27:40","date_gmt":"2024-04-07T17:27:40","guid":{"rendered":"https:\/\/yucca-bio.com\/en\/?post_type=product&#038;p=492"},"modified":"2026-04-20T14:28:08","modified_gmt":"2026-04-20T18:28:08","slug":"willow-nettoyant-visage","status":"publish","type":"product","link":"https:\/\/yucca-bio.com\/fr\/boutique\/willow-nettoyant-visage\/","title":{"rendered":"Willow - Nettoyant Visage - 240 ml \/ 8 oz","raw":"Willow - Nettoyant Visage - 240 ml \/ 8 oz"},"content":{"rendered":"<p>D\u00e9couvrez notre nettoyant visage sp\u00e9cialement con\u00e7u pour les peaux sensibles sujettes aux rougeurs. Avec ses propri\u00e9t\u00e9s astringentes, toniques et purifiantes, il est parfaitement adapt\u00e9 au nettoyage des peaux mixtes et grasses.<\/p>\n<p>Infus\u00e9 avec des ingr\u00e9dients apaisants, ce nettoyant offre une exp\u00e9rience de nettoyage en douceur tout en aidant \u00e0 r\u00e9duire les rougeurs. Offrez \u00e0 votre peau sensible le soin d\u00e9licat dont elle a besoin pour retrouver fra\u00eecheur et confort. \u2728<\/p>\n<p>Id\u00e9al en tant que d\u00e9maquillant.<\/p>\n","protected":false,"raw":"D\u00e9couvrez notre nettoyant visage sp\u00e9cialement con\u00e7u pour les peaux sensibles sujettes aux rougeurs. Avec ses propri\u00e9t\u00e9s astringentes, toniques et purifiantes, il est parfaitement adapt\u00e9 au nettoyage des peaux mixtes et grasses.\r\n\r\nInfus\u00e9 avec des ingr\u00e9dients apaisants, ce nettoyant offre une exp\u00e9rience de nettoyage en douceur tout en aidant \u00e0 r\u00e9duire les rougeurs. Offrez \u00e0 votre peau sensible le soin d\u00e9licat dont elle a besoin pour retrouver fra\u00eecheur et confort. \u2728\r\n\r\nId\u00e9al en tant que d\u00e9maquillant."},"excerpt":{"rendered":"<p>Ce nettoyant est conseill\u00e9e pour les peaux sensibles sujettes aux rougeurs.<\/p>\n<p>Astringent, tonique et purifiant, il est id\u00e9al pour nettoyer les peaux mixtes et grasses. Il peut aussi \u00eatre utilis\u00e9 en tant que d\u00e9maquillant.<\/p>\n<h3 data-section-id=\"1uc0b2x\" data-start=\"1081\" data-end=\"1111\">Pourquoi tu vas l\u2019adorer :<\/h3>\n<ul data-start=\"1112\" data-end=\"1239\">\n<li data-section-id=\"el1ovh\" data-start=\"1112\" data-end=\"1137\">\n<p data-start=\"1114\" data-end=\"1137\">Nettoie en douceur \ud83e\udee7<\/p>\n<\/li>\n<li data-section-id=\"p7lgc1\" data-start=\"1138\" data-end=\"1176\">\n<p data-start=\"1140\" data-end=\"1176\">\u00c9limine impuret\u00e9s &amp; exc\u00e8s de s\u00e9bum<\/p>\n<\/li>\n<li data-section-id=\"13szks1\" data-start=\"1177\" data-end=\"1212\">\n<p data-start=\"1179\" data-end=\"1212\">Respecte les peaux sensibles \ud83c\udf3f<\/p>\n<\/li>\n<li data-section-id=\"fap7dc\" data-start=\"1213\" data-end=\"1239\">\n<p data-start=\"1215\" data-end=\"1239\">Laisse la peau fra\u00eeche<\/p>\n<\/li>\n<\/ul>\n<h3 data-section-id=\"ixwn1b\" data-start=\"1241\" data-end=\"1256\">R\u00e9sultats :<\/h3>\n<p data-start=\"1257\" data-end=\"1293\">Peau nette d\u00e8s la 1\u00e8re utilisation<\/p>\n","protected":false,"raw":"Ce nettoyant est conseill\u00e9e pour les peaux sensibles sujettes aux rougeurs.\r\n\r\nAstringent, tonique et purifiant, il est id\u00e9al pour nettoyer les peaux mixtes et grasses. Il peut aussi \u00eatre utilis\u00e9 en tant que d\u00e9maquillant.\r\n<h3 data-section-id=\"1uc0b2x\" data-start=\"1081\" data-end=\"1111\">Pourquoi tu vas l\u2019adorer :<\/h3>\r\n<ul data-start=\"1112\" data-end=\"1239\">\r\n \t<li data-section-id=\"el1ovh\" data-start=\"1112\" data-end=\"1137\">\r\n<p data-start=\"1114\" data-end=\"1137\">Nettoie en douceur \ud83e\udee7<\/p>\r\n<\/li>\r\n \t<li data-section-id=\"p7lgc1\" data-start=\"1138\" data-end=\"1176\">\r\n<p data-start=\"1140\" data-end=\"1176\">\u00c9limine impuret\u00e9s &amp; exc\u00e8s de s\u00e9bum<\/p>\r\n<\/li>\r\n \t<li data-section-id=\"13szks1\" data-start=\"1177\" data-end=\"1212\">\r\n<p data-start=\"1179\" data-end=\"1212\">Respecte les peaux sensibles \ud83c\udf3f<\/p>\r\n<\/li>\r\n \t<li data-section-id=\"fap7dc\" data-start=\"1213\" data-end=\"1239\">\r\n<p data-start=\"1215\" data-end=\"1239\">Laisse la peau fra\u00eeche<\/p>\r\n<\/li>\r\n<\/ul>\r\n<h3 data-section-id=\"ixwn1b\" data-start=\"1241\" data-end=\"1256\">R\u00e9sultats :<\/h3>\r\n<p data-start=\"1257\" data-end=\"1293\">Peau nette d\u00e8s la 1\u00e8re utilisation<\/p>"},"featured_media":493,"comment_status":"open","ping_status":"closed","template":"","meta":{"_editorskit_title_hidden":false,"_editorskit_reading_time":0,"_editorskit_is_block_options_detached":false,"_editorskit_block_options_position":"{}","_monsterinsights_skip_tracking":false,"_monsterinsights_sitenote_active":false,"_monsterinsights_sitenote_note":"","_monsterinsights_sitenote_category":0,"_en_post_content":"<blockquote>Discover our facial cleanser specially formulated for sensitive skin prone to redness. With its astringent, toning, and purifying properties, it is perfect for cleansing combination and oily skin types.<\/blockquote>\r\n? Infused with soothing and sebum-regulating ingredients, this cleanser provides a gentle cleansing experience while helping to reduce redness and balance sebum production. Give your sensitive skin the delicate care it needs to regain freshness and comfort. \u2728\r\n\r\nIdeal as a makeup remover.","_en_post_name":"willow-face-cleanser","_en_post_excerpt":"<div class=\"flex-col gap-1 md:gap-3\">\r\n<div class=\"flex flex-grow flex-col max-w-full\">\r\n<div class=\"min-h-[20px] text-message flex flex-col items-start gap-3 whitespace-pre-wrap break-words [.text-message+&amp;]:mt-5 overflow-x-auto\" data-message-author-role=\"assistant\" data-message-id=\"ce86b6a2-6fa3-4003-b032-c32f835893f6\">\r\n<div class=\"markdown prose w-full break-words dark:prose-invert light\">\r\n\r\nThis cleanser is recommended for sensitive skin prone to redness.\r\n\r\nAstringent, toning, and purifying, it is ideal for cleansing combination and oily skin. It can also be used as a makeup remover.\r\n\r\nWhy you'll love it:\r\n<ul>\r\n \t<li>Gently cleanses<\/li>\r\n \t<li>\ud83e\udee7 Removes impurities &amp; excess oil<\/li>\r\n \t<li>Respects sensitive skin<\/li>\r\n \t<li>\ud83c\udf3f Leaves skin feeling fresh<\/li>\r\n<\/ul>\r\nResults: Clear skin from the first use\r\n\r\n<\/div>\r\n<\/div>\r\n<\/div>\r\n<\/div>","_en_post_title":"Willow - Face Cleanser - 240 ml \/ 8 oz","_fr_post_content":"D\u00e9couvrez notre nettoyant visage sp\u00e9cialement con\u00e7u pour les peaux sensibles sujettes aux rougeurs. Avec ses propri\u00e9t\u00e9s astringentes, toniques et purifiantes, il est parfaitement adapt\u00e9 au nettoyage des peaux mixtes et grasses.\r\n\r\nInfus\u00e9 avec des ingr\u00e9dients apaisants, ce nettoyant offre une exp\u00e9rience de nettoyage en douceur tout en aidant \u00e0 r\u00e9duire les rougeurs. Offrez \u00e0 votre peau sensible le soin d\u00e9licat dont elle a besoin pour retrouver fra\u00eecheur et confort. \u2728\r\n\r\nId\u00e9al en tant que d\u00e9maquillant.","_fr_post_name":"willow-nettoyant-visage","_fr_post_excerpt":"Ce nettoyant est conseill\u00e9e pour les peaux sensibles sujettes aux rougeurs.\r\n\r\nAstringent, tonique et purifiant, il est id\u00e9al pour nettoyer les peaux mixtes et grasses. Il peut aussi \u00eatre utilis\u00e9 en tant que d\u00e9maquillant.\r\n<h3 data-section-id=\"1uc0b2x\" data-start=\"1081\" data-end=\"1111\">Pourquoi tu vas l\u2019adorer :<\/h3>\r\n<ul data-start=\"1112\" data-end=\"1239\">\r\n \t<li data-section-id=\"el1ovh\" data-start=\"1112\" data-end=\"1137\">\r\n<p data-start=\"1114\" data-end=\"1137\">Nettoie en douceur \ud83e\udee7<\/p>\r\n<\/li>\r\n \t<li data-section-id=\"p7lgc1\" data-start=\"1138\" data-end=\"1176\">\r\n<p data-start=\"1140\" data-end=\"1176\">\u00c9limine impuret\u00e9s &amp; exc\u00e8s de s\u00e9bum<\/p>\r\n<\/li>\r\n \t<li data-section-id=\"13szks1\" data-start=\"1177\" data-end=\"1212\">\r\n<p data-start=\"1179\" data-end=\"1212\">Respecte les peaux sensibles \ud83c\udf3f<\/p>\r\n<\/li>\r\n \t<li data-section-id=\"fap7dc\" data-start=\"1213\" data-end=\"1239\">\r\n<p data-start=\"1215\" data-end=\"1239\">Laisse la peau fra\u00eeche<\/p>\r\n<\/li>\r\n<\/ul>\r\n<h3 data-section-id=\"ixwn1b\" data-start=\"1241\" data-end=\"1256\">R\u00e9sultats :<\/h3>\r\n<p data-start=\"1257\" data-end=\"1293\">Peau nette d\u00e8s la 1\u00e8re utilisation<\/p>","_fr_post_title":"Willow - Nettoyant Visage - 240 ml \/ 8 oz","edit_language":"fr","site-sidebar-layout":"default","site-content-layout":"","ast-site-content-layout":"default","site-content-style":"default","site-sidebar-style":"default","ast-global-header-display":"","ast-banner-title-visibility":"","ast-main-header-display":"","ast-hfb-above-header-display":"","ast-hfb-below-header-display":"","ast-hfb-mobile-header-display":"","site-post-title":"","ast-breadcrumbs-content":"","ast-featured-img":"","footer-sml-layout":"","ast-disable-related-posts":"","theme-transparent-header-meta":"default","adv-header-id-meta":"","stick-header-meta":"","header-above-stick-meta":"","header-main-stick-meta":"","header-below-stick-meta":"","astra-migrate-meta-layouts":"set","ast-page-background-enabled":"default","ast-page-background-meta":{"desktop":{"background-color":"var(--ast-global-color-4)","background-image":"","background-repeat":"repeat","background-position":"center center","background-size":"auto","background-attachment":"scroll","background-type":"","background-media":"","overlay-type":"","overlay-color":"","overlay-opacity":"","overlay-gradient":""},"tablet":{"background-color":"","background-image":"","background-repeat":"repeat","background-position":"center center","background-size":"auto","background-attachment":"scroll","background-type":"","background-media":"","overlay-type":"","overlay-color":"","overlay-opacity":"","overlay-gradient":""},"mobile":{"background-color":"","background-image":"","background-repeat":"repeat","background-position":"center center","background-size":"auto","background-attachment":"scroll","background-type":"","background-media":"","overlay-type":"","overlay-color":"","overlay-opacity":"","overlay-gradient":""}},"ast-content-background-meta":{"desktop":{"background-color":"var(--ast-global-color-5)","background-image":"","background-repeat":"repeat","background-position":"center center","background-size":"auto","background-attachment":"scroll","background-type":"","background-media":"","overlay-type":"","overlay-color":"","overlay-opacity":"","overlay-gradient":""},"tablet":{"background-color":"var(--ast-global-color-5)","background-image":"","background-repeat":"repeat","background-position":"center center","background-size":"auto","background-attachment":"scroll","background-type":"","background-media":"","overlay-type":"","overlay-color":"","overlay-opacity":"","overlay-gradient":""},"mobile":{"background-color":"var(--ast-global-color-5)","background-image":"","background-repeat":"repeat","background-position":"center center","background-size":"auto","background-attachment":"scroll","background-type":"","background-media":"","overlay-type":"","overlay-color":"","overlay-opacity":"","overlay-gradient":""}}},"product_brand":[],"product_cat":[44],"product_tag":[],"class_list":{"0":"post-492","1":"product","2":"type-product","3":"status-publish","4":"has-post-thumbnail","6":"product_cat-face-cleasner","7":"desktop-align-left","8":"tablet-align-left","9":"mobile-align-left","11":"first","12":"instock","13":"taxable","14":"shipping-taxable","15":"purchasable","16":"product-type-simple"},"aioseo_notices":[],"_links":{"self":[{"href":"https:\/\/yucca-bio.com\/fr\/wp-json\/wp\/v2\/product\/492","targetHints":{"allow":["GET"]}}],"collection":[{"href":"https:\/\/yucca-bio.com\/fr\/wp-json\/wp\/v2\/product"}],"about":[{"href":"https:\/\/yucca-bio.com\/fr\/wp-json\/wp\/v2\/types\/product"}],"replies":[{"embeddable":true,"href":"https:\/\/yucca-bio.com\/fr\/wp-json\/wp\/v2\/comments?post=492"}],"wp:featuredmedia":[{"embeddable":true,"href":"https:\/\/yucca-bio.com\/fr\/wp-json\/wp\/v2\/media\/493"}],"wp:attachment":[{"href":"https:\/\/yucca-bio.com\/fr\/wp-json\/wp\/v2\/media?parent=492"}],"wp:term":[{"taxonomy":"product_brand","embeddable":true,"href":"https:\/\/yucca-bio.com\/fr\/wp-json\/wp\/v2\/product_brand?post=492"},{"taxonomy":"product_cat","embeddable":true,"href":"https:\/\/yucca-bio.com\/fr\/wp-json\/wp\/v2\/product_cat?post=492"},{"taxonomy":"product_tag","embeddable":true,"href":"https:\/\/yucca-bio.com\/fr\/wp-json\/wp\/v2\/product_tag?post=492"}],"curies":[{"name":"wp","href":"https:\/\/api.w.org\/{rel}","templated":true}]}}