{"id":606,"date":"2024-10-17T18:59:08","date_gmt":"2024-10-17T22:59:08","guid":{"rendered":"https:\/\/yucca-bio.com\/en\/?post_type=product&#038;p=606"},"modified":"2026-04-10T14:57:32","modified_gmt":"2026-04-10T18:57:32","slug":"bilbao-serum-hydratant","status":"publish","type":"product","link":"https:\/\/yucca-bio.com\/fr\/boutique\/bilbao-serum-hydratant\/","title":{"rendered":"S\u00e9rum Bilbao-Apaise les peaux sensibles & r\u00e9duit les rougeurs- 30 ml \/ 1 oz","raw":"S\u00e9rum Bilbao-Apaise les peaux sensibles & r\u00e9duit les rougeurs- 30 ml \/ 1 oz"},"content":{"rendered":"<p>Enfin un s\u00e9rum qui apaise ta peau sans l&rsquo;agresser.<br \/>\nRougeurs, imperfections, peau sensible?<br \/>\nBilbao aide a calmer, hydrater et r\u00e9\u00e9quilibrer ta peau en quelques jours.<br \/>\n<span style=\"font-size: 16px;\">Ta peau r\u00e9agit a tout? Elle fait des rougeurs ou boutons? Ne supporte plus les produits agressifs?<br \/>\n<\/span>Tu n&rsquo;est pas seul(e). Et la solution n&rsquo;est pas d&rsquo;en faire plus&#8230;mais de revenir a l&rsquo;essentiel.<\/p>\n<p>Pourquoi Bilbao fonctionne?<\/p>\n<ul>\n<li>Apaise les rougeurs<\/li>\n<li>Hydrate sans \u00e9touffer la peau<\/li>\n<li>R\u00e9gule le s\u00e9bum<\/li>\n<li>Id\u00e9al pour peaux sensibles.<\/li>\n<\/ul>\n","protected":false,"raw":"Enfin un s\u00e9rum qui apaise ta peau sans l'agresser.\r\nRougeurs, imperfections, peau sensible?\r\nBilbao aide a calmer, hydrater et r\u00e9\u00e9quilibrer ta peau en quelques jours.\r\n<span style=\"font-size: 16px;\">Ta peau r\u00e9agit a tout? Elle fait des rougeurs ou boutons? Ne supporte plus les produits agressifs?\r\n<\/span>Tu n'est pas seul(e). Et la solution n'est pas d'en faire plus...mais de revenir a l'essentiel.\r\n\r\nPourquoi Bilbao fonctionne?\r\n<ul>\r\n \t<li>Apaise les rougeurs<\/li>\r\n \t<li>Hydrate sans \u00e9touffer la peau<\/li>\r\n \t<li>R\u00e9gule le s\u00e9bum<\/li>\r\n \t<li>Id\u00e9al pour peaux sensibles.<\/li>\r\n<\/ul>"},"excerpt":{"rendered":"<ul>\n<li>Apaise les rougeurs<\/li>\n<li>Hydrate sans effet gras<\/li>\n<li>Id\u00e9al peaux sensibles<\/li>\n<li>Aide a r\u00e9duire les imperfections<\/li>\n<\/ul>\n<p>R\u00e9sultats visibles en quelques jours.<\/p>\n<p>Formule naturelle- sans ingr\u00e9dients agressifs.<\/p>\n","protected":false,"raw":"<ul>\r\n \t<li>Apaise les rougeurs<\/li>\r\n \t<li>Hydrate sans effet gras<\/li>\r\n \t<li>Id\u00e9al peaux sensibles<\/li>\r\n \t<li>Aide a r\u00e9duire les imperfections<\/li>\r\n<\/ul>\r\nR\u00e9sultats visibles en quelques jours.\r\n\r\nFormule naturelle- sans ingr\u00e9dients agressifs."},"featured_media":4029,"comment_status":"open","ping_status":"closed","template":"","meta":{"_editorskit_title_hidden":false,"_editorskit_reading_time":0,"_editorskit_is_block_options_detached":false,"_editorskit_block_options_position":"{}","_monsterinsights_skip_tracking":false,"_monsterinsights_sitenote_active":false,"_monsterinsights_sitenote_note":"","_monsterinsights_sitenote_category":0,"_en_post_content":"<p id=\"tw-target-text\" class=\"tw-data-text tw-text-large tw-ta\" dir=\"ltr\" tabindex=\"-1\" role=\"text\" data-placeholder=\"Traduction\" data-ved=\"2ahUKEwiN_MHT-OOTAxWKj4kEHZ2_Mw4Q3ewLegQIDBAW\" aria-label=\"Texte traduit\u00a0: Finally, a serum that soothes your skin without irritating it. Redness, blemishes, sensitive skin? Bilbao helps calm, hydrate, and rebalance your skin in just a few days. Does your skin react to everything? Does it get red or breakouts? Can't tolerate harsh products anymore? You're not alone. And the solution isn't to do more... but to get back to basics. Why does Bilbao work? Soothes redness Hydrates without suffocating the skin Regulates sebum Ideal for sensitive skin.\"><span class=\"Y2IQFc\" lang=\"en\">Finally, a serum that soothes your skin without irritating it.\r\n<\/span><span class=\"Y2IQFc\" lang=\"en\">Redness, blemishes, sensitive skin?\r\n<\/span><span style=\"font-size: 16px;\">Bilbao helps calm, hydrate, and rebalance your skin in just a few days.\r\n<\/span><span class=\"Y2IQFc\" lang=\"en\">Does your skin react to everything? Does it get red or breakouts? Can't tolerate harsh products anymore?\r\n<\/span><span class=\"Y2IQFc\" lang=\"en\">You're not alone. And the solution isn't to do more... but to get back to basics.<\/span><\/p>\r\n<p class=\"tw-data-text tw-text-large tw-ta\" dir=\"ltr\" tabindex=\"-1\" role=\"text\" data-placeholder=\"Traduction\" data-ved=\"2ahUKEwiN_MHT-OOTAxWKj4kEHZ2_Mw4Q3ewLegQIDBAW\" aria-label=\"Texte traduit\u00a0: Finally, a serum that soothes your skin without irritating it. Redness, blemishes, sensitive skin? Bilbao helps calm, hydrate, and rebalance your skin in just a few days. Does your skin react to everything? Does it get red or breakouts? Can't tolerate harsh products anymore? You're not alone. And the solution isn't to do more... but to get back to basics. Why does Bilbao work? Soothes redness Hydrates without suffocating the skin Regulates sebum Ideal for sensitive skin.\"><span class=\"Y2IQFc\" lang=\"en\">Why does Bilbao work?<\/span><\/p>\r\n\r\n<ul>\r\n \t<li class=\"tw-data-text tw-text-large tw-ta\" dir=\"ltr\" tabindex=\"-1\" role=\"text\" data-placeholder=\"Traduction\" data-ved=\"2ahUKEwiN_MHT-OOTAxWKj4kEHZ2_Mw4Q3ewLegQIDBAW\" aria-label=\"Texte traduit\u00a0: Finally, a serum that soothes your skin without irritating it. Redness, blemishes, sensitive skin? Bilbao helps calm, hydrate, and rebalance your skin in just a few days. Does your skin react to everything? Does it get red or breakouts? Can't tolerate harsh products anymore? You're not alone. And the solution isn't to do more... but to get back to basics. Why does Bilbao work? Soothes redness Hydrates without suffocating the skin Regulates sebum Ideal for sensitive skin.\"><span class=\"Y2IQFc\" lang=\"en\">Soothes redness <\/span><\/li>\r\n \t<li class=\"tw-data-text tw-text-large tw-ta\" dir=\"ltr\" tabindex=\"-1\" role=\"text\" data-placeholder=\"Traduction\" data-ved=\"2ahUKEwiN_MHT-OOTAxWKj4kEHZ2_Mw4Q3ewLegQIDBAW\" aria-label=\"Texte traduit\u00a0: Finally, a serum that soothes your skin without irritating it. Redness, blemishes, sensitive skin? Bilbao helps calm, hydrate, and rebalance your skin in just a few days. Does your skin react to everything? Does it get red or breakouts? Can't tolerate harsh products anymore? You're not alone. And the solution isn't to do more... but to get back to basics. Why does Bilbao work? Soothes redness Hydrates without suffocating the skin Regulates sebum Ideal for sensitive skin.\"><span class=\"Y2IQFc\" lang=\"en\">Hydrates without suffocating the skin <\/span><\/li>\r\n \t<li class=\"tw-data-text tw-text-large tw-ta\" dir=\"ltr\" tabindex=\"-1\" role=\"text\" data-placeholder=\"Traduction\" data-ved=\"2ahUKEwiN_MHT-OOTAxWKj4kEHZ2_Mw4Q3ewLegQIDBAW\" aria-label=\"Texte traduit\u00a0: Finally, a serum that soothes your skin without irritating it. Redness, blemishes, sensitive skin? Bilbao helps calm, hydrate, and rebalance your skin in just a few days. Does your skin react to everything? Does it get red or breakouts? Can't tolerate harsh products anymore? You're not alone. And the solution isn't to do more... but to get back to basics. Why does Bilbao work? Soothes redness Hydrates without suffocating the skin Regulates sebum Ideal for sensitive skin.\"><span class=\"Y2IQFc\" lang=\"en\">Regulates sebum <\/span><\/li>\r\n \t<li class=\"tw-data-text tw-text-large tw-ta\" dir=\"ltr\" tabindex=\"-1\" role=\"text\" data-placeholder=\"Traduction\" data-ved=\"2ahUKEwiN_MHT-OOTAxWKj4kEHZ2_Mw4Q3ewLegQIDBAW\" aria-label=\"Texte traduit\u00a0: Finally, a serum that soothes your skin without irritating it. Redness, blemishes, sensitive skin? Bilbao helps calm, hydrate, and rebalance your skin in just a few days. Does your skin react to everything? Does it get red or breakouts? Can't tolerate harsh products anymore? You're not alone. And the solution isn't to do more... but to get back to basics. Why does Bilbao work? Soothes redness Hydrates without suffocating the skin Regulates sebum Ideal for sensitive skin.\"><span class=\"Y2IQFc\" lang=\"en\">Ideal for sensitive skin.<\/span><\/li>\r\n<\/ul>","_en_post_name":"bilbao-moisturizing-serum","_en_post_excerpt":"<ul>\r\n \t<li>Soothes redness<\/li>\r\n \t<li>Hydrates without leaving a greasy residue<\/li>\r\n \t<li>Ideal for sensitive skin<\/li>\r\n \t<li>Helps reduce blemishes<\/li>\r\n<\/ul>\r\nVisible results in just a few days.\r\n\r\nNatural formula \u2013 no harsh ingredients.","_en_post_title":"Bilbao Serum - Soothes sensitive skin & reduces redness- 30 ml \/ 1 oz","_fr_post_content":"Enfin un s\u00e9rum qui apaise ta peau sans l'agresser.\r\nRougeurs, imperfections, peau sensible?\r\nBilbao aide a calmer, hydrater et r\u00e9\u00e9quilibrer ta peau en quelques jours.\r\n<span style=\"font-size: 16px;\">Ta peau r\u00e9agit a tout? Elle fait des rougeurs ou boutons? Ne supporte plus les produits agressifs?\r\n<\/span>Tu n'est pas seul(e). Et la solution n'est pas d'en faire plus...mais de revenir a l'essentiel.\r\n\r\nPourquoi Bilbao fonctionne?\r\n<ul>\r\n \t<li>Apaise les rougeurs<\/li>\r\n \t<li>Hydrate sans \u00e9touffer la peau<\/li>\r\n \t<li>R\u00e9gule le s\u00e9bum<\/li>\r\n \t<li>Id\u00e9al pour peaux sensibles.<\/li>\r\n<\/ul>","_fr_post_name":"bilbao-serum-hydratant","_fr_post_excerpt":"<ul>\r\n \t<li>Apaise les rougeurs<\/li>\r\n \t<li>Hydrate sans effet gras<\/li>\r\n \t<li>Id\u00e9al peaux sensibles<\/li>\r\n \t<li>Aide a r\u00e9duire les imperfections<\/li>\r\n<\/ul>\r\nR\u00e9sultats visibles en quelques jours.\r\n\r\nFormule naturelle- sans ingr\u00e9dients agressifs.","_fr_post_title":"S\u00e9rum Bilbao-Apaise les peaux sensibles & r\u00e9duit les rougeurs- 30 ml \/ 1 oz","edit_language":"fr","site-sidebar-layout":"default","site-content-layout":"","ast-site-content-layout":"default","site-content-style":"default","site-sidebar-style":"default","ast-global-header-display":"","ast-banner-title-visibility":"","ast-main-header-display":"","ast-hfb-above-header-display":"","ast-hfb-below-header-display":"","ast-hfb-mobile-header-display":"","site-post-title":"","ast-breadcrumbs-content":"","ast-featured-img":"","footer-sml-layout":"","ast-disable-related-posts":"","theme-transparent-header-meta":"default","adv-header-id-meta":"","stick-header-meta":"","header-above-stick-meta":"","header-main-stick-meta":"","header-below-stick-meta":"","astra-migrate-meta-layouts":"set","ast-page-background-enabled":"default","ast-page-background-meta":{"desktop":{"background-color":"var(--ast-global-color-4)","background-image":"","background-repeat":"repeat","background-position":"center center","background-size":"auto","background-attachment":"scroll","background-type":"","background-media":"","overlay-type":"","overlay-color":"","overlay-opacity":"","overlay-gradient":""},"tablet":{"background-color":"","background-image":"","background-repeat":"repeat","background-position":"center center","background-size":"auto","background-attachment":"scroll","background-type":"","background-media":"","overlay-type":"","overlay-color":"","overlay-opacity":"","overlay-gradient":""},"mobile":{"background-color":"","background-image":"","background-repeat":"repeat","background-position":"center center","background-size":"auto","background-attachment":"scroll","background-type":"","background-media":"","overlay-type":"","overlay-color":"","overlay-opacity":"","overlay-gradient":""}},"ast-content-background-meta":{"desktop":{"background-color":"var(--ast-global-color-5)","background-image":"","background-repeat":"repeat","background-position":"center center","background-size":"auto","background-attachment":"scroll","background-type":"","background-media":"","overlay-type":"","overlay-color":"","overlay-opacity":"","overlay-gradient":""},"tablet":{"background-color":"var(--ast-global-color-5)","background-image":"","background-repeat":"repeat","background-position":"center center","background-size":"auto","background-attachment":"scroll","background-type":"","background-media":"","overlay-type":"","overlay-color":"","overlay-opacity":"","overlay-gradient":""},"mobile":{"background-color":"var(--ast-global-color-5)","background-image":"","background-repeat":"repeat","background-position":"center center","background-size":"auto","background-attachment":"scroll","background-type":"","background-media":"","overlay-type":"","overlay-color":"","overlay-opacity":"","overlay-gradient":""}}},"product_brand":[],"product_cat":[224],"product_tag":[],"class_list":{"0":"post-606","1":"product","2":"type-product","3":"status-publish","4":"has-post-thumbnail","6":"product_cat-serum","7":"desktop-align-left","8":"tablet-align-left","9":"mobile-align-left","11":"first","12":"instock","13":"sale","14":"taxable","15":"shipping-taxable","16":"purchasable","17":"product-type-simple"},"aioseo_notices":[],"_links":{"self":[{"href":"https:\/\/yucca-bio.com\/fr\/wp-json\/wp\/v2\/product\/606","targetHints":{"allow":["GET"]}}],"collection":[{"href":"https:\/\/yucca-bio.com\/fr\/wp-json\/wp\/v2\/product"}],"about":[{"href":"https:\/\/yucca-bio.com\/fr\/wp-json\/wp\/v2\/types\/product"}],"replies":[{"embeddable":true,"href":"https:\/\/yucca-bio.com\/fr\/wp-json\/wp\/v2\/comments?post=606"}],"wp:featuredmedia":[{"embeddable":true,"href":"https:\/\/yucca-bio.com\/fr\/wp-json\/wp\/v2\/media\/4029"}],"wp:attachment":[{"href":"https:\/\/yucca-bio.com\/fr\/wp-json\/wp\/v2\/media?parent=606"}],"wp:term":[{"taxonomy":"product_brand","embeddable":true,"href":"https:\/\/yucca-bio.com\/fr\/wp-json\/wp\/v2\/product_brand?post=606"},{"taxonomy":"product_cat","embeddable":true,"href":"https:\/\/yucca-bio.com\/fr\/wp-json\/wp\/v2\/product_cat?post=606"},{"taxonomy":"product_tag","embeddable":true,"href":"https:\/\/yucca-bio.com\/fr\/wp-json\/wp\/v2\/product_tag?post=606"}],"curies":[{"name":"wp","href":"https:\/\/api.w.org\/{rel}","templated":true}]}}