{"id":662,"date":"2024-10-25T18:50:45","date_gmt":"2024-10-25T22:50:45","guid":{"rendered":"https:\/\/yucca-bio.com\/en\/?post_type=product&#038;p=662"},"modified":"2024-10-25T18:51:58","modified_gmt":"2024-10-25T22:51:58","slug":"baume-levres","status":"publish","type":"product","link":"https:\/\/yucca-bio.com\/fr\/boutique\/baume-levres\/","title":{"rendered":"Baume \u00e0 l\u00e8vres","raw":"Baume \u00e0 l\u00e8vres"},"content":{"rendered":"<h3>Ingr\u00e9dients Cl\u00e9s<\/h3>\n<ul>\n<li><strong>Beurre de Karit\u00e9<\/strong> ? : nourrit et r\u00e9pare vos l\u00e8vres en profondeur pour une douceur incomparable.<\/li>\n<li><strong>Huile de Jojoba<\/strong> ? : hydrate intens\u00e9ment en maintenant l&rsquo;\u00e9quilibre naturel d&rsquo;hydratation des l\u00e8vres.<\/li>\n<li><strong>Cire d\u2019Abeille<\/strong> ? : forme une barri\u00e8re protectrice l\u00e9g\u00e8re, id\u00e9ale pour pr\u00e9venir le dess\u00e8chement.<\/li>\n<\/ul>\n","protected":false,"raw":"<h3>Ingr\u00e9dients Cl\u00e9s<\/h3>\r\n<ul>\r\n \t<li><strong>Beurre de Karit\u00e9<\/strong> ? : nourrit et r\u00e9pare vos l\u00e8vres en profondeur pour une douceur incomparable.<\/li>\r\n \t<li><strong>Huile de Jojoba<\/strong> ? : hydrate intens\u00e9ment en maintenant l'\u00e9quilibre naturel d'hydratation des l\u00e8vres.<\/li>\r\n \t<li><strong>Cire d\u2019Abeille<\/strong> ? : forme une barri\u00e8re protectrice l\u00e9g\u00e8re, id\u00e9ale pour pr\u00e9venir le dess\u00e8chement.<\/li>\r\n<\/ul>"},"excerpt":{"rendered":"<p>D\u00e9couvrez nos baumes \u00e0 l\u00e8vres 100% naturels ? pour une hydratation intense et une protection longue dur\u00e9e !<\/p>\n<p>Enrichis en beurre de karit\u00e9, huile de jojoba et cire d\u2019abeille pour une hydratation intense et une protection durable. Deux saveurs disponibles: <strong>Litchi<\/strong> pour une touche fruit\u00e9e et <strong>Menthe Poivr\u00e9e<\/strong> pour une fra\u00eecheur revigorante. Des l\u00e8vres douces et nourries, naturellement !<\/p>\n","protected":false,"raw":"D\u00e9couvrez nos baumes \u00e0 l\u00e8vres 100% naturels ? pour une hydratation intense et une protection longue dur\u00e9e !\r\n\r\nEnrichis en beurre de karit\u00e9, huile de jojoba et cire d\u2019abeille pour une hydratation intense et une protection durable. Deux saveurs disponibles: <strong>Litchi<\/strong> pour une touche fruit\u00e9e et <strong>Menthe Poivr\u00e9e<\/strong> pour une fra\u00eecheur revigorante. Des l\u00e8vres douces et nourries, naturellement !"},"featured_media":668,"comment_status":"open","ping_status":"closed","template":"","meta":{"_editorskit_title_hidden":false,"_editorskit_reading_time":0,"_editorskit_is_block_options_detached":false,"_editorskit_block_options_position":"{}","_monsterinsights_skip_tracking":false,"_monsterinsights_sitenote_active":false,"_monsterinsights_sitenote_note":"","_monsterinsights_sitenote_category":0,"_en_post_content":"<strong>Key Ingredients<\/strong>\r\n<ul>\r\n \t<li><strong>Shea Butter<\/strong> ?: deeply nourishes and repairs your lips for unmatched softness.<\/li>\r\n \t<li><strong>Jojoba Oil<\/strong> ?: intensely hydrates while maintaining your lips' natural moisture balance.<\/li>\r\n \t<li><strong>Beeswax<\/strong> ?: forms a light protective barrier, ideal for preventing dryness.<\/li>\r\n<\/ul>","_en_post_name":"lip-balm","_en_post_excerpt":"Discover our 100% natural lip balms ? for intense hydration and long-lasting protection!\r\n\r\nEnriched with shea butter, jojoba oil, and beeswax for deep hydration and a protective barrier. Available in two flavors: Lychee for a fruity touch and Peppermint for a refreshing boost.\r\n\r\nSoft, nourished lips, naturally!","_en_post_title":"Lip Balm","_fr_post_content":"<h3>Ingr\u00e9dients Cl\u00e9s<\/h3>\r\n<ul>\r\n \t<li><strong>Beurre de Karit\u00e9<\/strong> ? : nourrit et r\u00e9pare vos l\u00e8vres en profondeur pour une douceur incomparable.<\/li>\r\n \t<li><strong>Huile de Jojoba<\/strong> ? : hydrate intens\u00e9ment en maintenant l'\u00e9quilibre naturel d'hydratation des l\u00e8vres.<\/li>\r\n \t<li><strong>Cire d\u2019Abeille<\/strong> ? : forme une barri\u00e8re protectrice l\u00e9g\u00e8re, id\u00e9ale pour pr\u00e9venir le dess\u00e8chement.<\/li>\r\n<\/ul>","_fr_post_name":"baume-levres","_fr_post_excerpt":"D\u00e9couvrez nos baumes \u00e0 l\u00e8vres 100% naturels ? pour une hydratation intense et une protection longue dur\u00e9e !\r\n\r\nEnrichis en beurre de karit\u00e9, huile de jojoba et cire d\u2019abeille pour une hydratation intense et une protection durable. Deux saveurs disponibles: <strong>Litchi<\/strong> pour une touche fruit\u00e9e et <strong>Menthe Poivr\u00e9e<\/strong> pour une fra\u00eecheur revigorante. Des l\u00e8vres douces et nourries, naturellement !","_fr_post_title":"Baume \u00e0 l\u00e8vres","edit_language":"fr","site-sidebar-layout":"default","site-content-layout":"","ast-site-content-layout":"default","site-content-style":"default","site-sidebar-style":"default","ast-global-header-display":"","ast-banner-title-visibility":"","ast-main-header-display":"","ast-hfb-above-header-display":"","ast-hfb-below-header-display":"","ast-hfb-mobile-header-display":"","site-post-title":"","ast-breadcrumbs-content":"","ast-featured-img":"","footer-sml-layout":"","ast-disable-related-posts":"","theme-transparent-header-meta":"default","adv-header-id-meta":"","stick-header-meta":"","header-above-stick-meta":"","header-main-stick-meta":"","header-below-stick-meta":"","astra-migrate-meta-layouts":"set","ast-page-background-enabled":"default","ast-page-background-meta":{"desktop":{"background-color":"var(--ast-global-color-4)","background-image":"","background-repeat":"repeat","background-position":"center center","background-size":"auto","background-attachment":"scroll","background-type":"","background-media":"","overlay-type":"","overlay-color":"","overlay-opacity":"","overlay-gradient":""},"tablet":{"background-color":"","background-image":"","background-repeat":"repeat","background-position":"center center","background-size":"auto","background-attachment":"scroll","background-type":"","background-media":"","overlay-type":"","overlay-color":"","overlay-opacity":"","overlay-gradient":""},"mobile":{"background-color":"","background-image":"","background-repeat":"repeat","background-position":"center center","background-size":"auto","background-attachment":"scroll","background-type":"","background-media":"","overlay-type":"","overlay-color":"","overlay-opacity":"","overlay-gradient":""}},"ast-content-background-meta":{"desktop":{"background-color":"var(--ast-global-color-5)","background-image":"","background-repeat":"repeat","background-position":"center center","background-size":"auto","background-attachment":"scroll","background-type":"","background-media":"","overlay-type":"","overlay-color":"","overlay-opacity":"","overlay-gradient":""},"tablet":{"background-color":"var(--ast-global-color-5)","background-image":"","background-repeat":"repeat","background-position":"center center","background-size":"auto","background-attachment":"scroll","background-type":"","background-media":"","overlay-type":"","overlay-color":"","overlay-opacity":"","overlay-gradient":""},"mobile":{"background-color":"var(--ast-global-color-5)","background-image":"","background-repeat":"repeat","background-position":"center center","background-size":"auto","background-attachment":"scroll","background-type":"","background-media":"","overlay-type":"","overlay-color":"","overlay-opacity":"","overlay-gradient":""}}},"product_brand":[],"product_cat":[227],"product_tag":[],"class_list":{"0":"post-662","1":"product","2":"type-product","3":"status-publish","4":"has-post-thumbnail","6":"product_cat-lip-balm","7":"desktop-align-left","8":"tablet-align-left","9":"mobile-align-left","11":"first","12":"instock","13":"taxable","14":"shipping-taxable","15":"purchasable","16":"product-type-variable"},"aioseo_notices":[],"_links":{"self":[{"href":"https:\/\/yucca-bio.com\/fr\/wp-json\/wp\/v2\/product\/662","targetHints":{"allow":["GET"]}}],"collection":[{"href":"https:\/\/yucca-bio.com\/fr\/wp-json\/wp\/v2\/product"}],"about":[{"href":"https:\/\/yucca-bio.com\/fr\/wp-json\/wp\/v2\/types\/product"}],"replies":[{"embeddable":true,"href":"https:\/\/yucca-bio.com\/fr\/wp-json\/wp\/v2\/comments?post=662"}],"wp:featuredmedia":[{"embeddable":true,"href":"https:\/\/yucca-bio.com\/fr\/wp-json\/wp\/v2\/media\/668"}],"wp:attachment":[{"href":"https:\/\/yucca-bio.com\/fr\/wp-json\/wp\/v2\/media?parent=662"}],"wp:term":[{"taxonomy":"product_brand","embeddable":true,"href":"https:\/\/yucca-bio.com\/fr\/wp-json\/wp\/v2\/product_brand?post=662"},{"taxonomy":"product_cat","embeddable":true,"href":"https:\/\/yucca-bio.com\/fr\/wp-json\/wp\/v2\/product_cat?post=662"},{"taxonomy":"product_tag","embeddable":true,"href":"https:\/\/yucca-bio.com\/fr\/wp-json\/wp\/v2\/product_tag?post=662"}],"curies":[{"name":"wp","href":"https:\/\/api.w.org\/{rel}","templated":true}]}}